{"id":10450,"date":"2019-08-22T10:45:17","date_gmt":"2019-08-22T10:45:17","guid":{"rendered":"https:\/\/petlifeca.ca\/?page_id=10450"},"modified":"2020-01-12T05:36:27","modified_gmt":"2020-01-12T05:36:27","slug":"echec-du-controle-des-chats-errants-a-quebec","status":"publish","type":"page","link":"https:\/\/petlifeca.ca\/fr\/nouvelles-sur-animaux-domestiques\/echec-du-controle-des-chats-errants-a-quebec\/","title":{"rendered":"\u00c9chec Du Contr\u00f4le Des Chats Errants \u00c0 Qu\u00e9bec"},"content":{"rendered":"\t\t<div data-elementor-type=\"wp-post\" data-elementor-id=\"10450\" class=\"elementor elementor-10450\" data-elementor-post-type=\"page\">\n\t\t\t\t\t\t<section class=\"elementor-section elementor-inner-section elementor-element elementor-element-7e1b30a elementor-section-boxed elementor-section-height-default elementor-section-height-default\" data-id=\"7e1b30a\" data-element_type=\"section\" data-e-type=\"section\">\n\t\t\t\t\t\t<div class=\"elementor-container elementor-column-gap-no\">\n\t\t\t\t\t<div class=\"elementor-column elementor-col-100 elementor-inner-column elementor-element elementor-element-09337ce\" data-id=\"09337ce\" data-element_type=\"column\" data-e-type=\"column\">\n\t\t\t<div class=\"elementor-widget-wrap elementor-element-populated\">\n\t\t\t\t\t\t<div class=\"elementor-element elementor-element-6c17363 elementor-widget elementor-widget-shortcode\" data-id=\"6c17363\" data-element_type=\"widget\" data-e-type=\"widget\" data-widget_type=\"shortcode.default\">\n\t\t\t\t<div class=\"elementor-widget-container\">\n\t\t\t\t\t\t\t<div class=\"elementor-shortcode\">\t\t<div data-elementor-type=\"wp-post\" data-elementor-id=\"1007\" class=\"elementor elementor-1007\" data-elementor-post-type=\"oceanwp_library\">\n\t\t\t\t\t\t<section class=\"elementor-section elementor-inner-section elementor-element elementor-element-1889dd1 elementor-section-full_width elementor-section-height-default elementor-section-height-default\" data-id=\"1889dd1\" data-element_type=\"section\" data-e-type=\"section\">\n\t\t\t\t\t\t<div class=\"elementor-container elementor-column-gap-no\">\n\t\t\t\t\t<div class=\"elementor-column elementor-col-100 elementor-inner-column elementor-element elementor-element-c692dc2\" data-id=\"c692dc2\" data-element_type=\"column\" data-e-type=\"column\">\n\t\t\t<div class=\"elementor-widget-wrap elementor-element-populated\">\n\t\t\t\t\t\t<div class=\"elementor-element elementor-element-2451c9f classname elementor-widget elementor-widget-button\" data-id=\"2451c9f\" data-element_type=\"widget\" data-e-type=\"widget\" data-widget_type=\"button.default\">\n\t\t\t\t<div class=\"elementor-widget-container\">\n\t\t\t\t\t\t\t\t\t<div class=\"elementor-button-wrapper\">\n\t\t\t\t\t<a class=\"elementor-button elementor-button-link elementor-size-sm\" href=\"\">\n\t\t\t\t\t\t<span class=\"elementor-button-content-wrapper\">\n\t\t\t\t\t\t\t\t\t<span class=\"elementor-button-text\">&lt;&lt; Retour<\/span>\n\t\t\t\t\t<\/span>\n\t\t\t\t\t<\/a>\n\t\t\t\t<\/div>\n\t\t\t\t\t\t\t\t<\/div>\n\t\t\t\t<\/div>\n\t\t\t\t\t<\/div>\n\t\t<\/div>\n\t\t\t\t\t<\/div>\n\t\t<\/section>\n\t\t\t\t<\/div>\n\t\t<\/div>\n\t\t\t\t\t\t<\/div>\n\t\t\t\t<\/div>\n\t\t\t\t\t<\/div>\n\t\t<\/div>\n\t\t\t\t\t<\/div>\n\t\t<\/section>\n\t\t\t\t<section class=\"elementor-section elementor-inner-section elementor-element elementor-element-e4d4220 elementor-section-boxed elementor-section-height-default elementor-section-height-default\" data-id=\"e4d4220\" data-element_type=\"section\" data-e-type=\"section\">\n\t\t\t\t\t\t<div class=\"elementor-container elementor-column-gap-no\">\n\t\t\t\t\t<div class=\"elementor-column elementor-col-100 elementor-inner-column elementor-element elementor-element-9f9ce94\" data-id=\"9f9ce94\" data-element_type=\"column\" data-e-type=\"column\">\n\t\t\t<div class=\"elementor-widget-wrap elementor-element-populated\">\n\t\t\t\t\t\t<div class=\"elementor-element elementor-element-d5b3615 elementor-widget elementor-widget-text-editor\" data-id=\"d5b3615\" data-element_type=\"widget\" data-e-type=\"widget\" data-widget_type=\"text-editor.default\">\n\t\t\t\t<div class=\"elementor-widget-container\">\n\t\t\t\t\t\t\t\t\t<h1 class=\"headline pt-0 pb-2 my-0 font-weight-bold\"><span style=\"color: #171b4b;\">\u00c9CHEC DU CONTR\u00d4LE DES CHATS ERRANTS \u00c0 QU\u00c9BEC<\/span><\/h1>\t\t\t\t\t\t\t\t<\/div>\n\t\t\t\t<\/div>\n\t\t\t\t<div class=\"elementor-element elementor-element-592b2db elementor-widget elementor-widget-text-editor\" data-id=\"592b2db\" data-element_type=\"widget\" data-e-type=\"widget\" data-widget_type=\"text-editor.default\">\n\t\t\t\t<div class=\"elementor-widget-container\">\n\t\t\t\t\t\t\t\t\t<p><strong>La source: <\/strong>Le Journal de Qu\u00e9bec (extrait)<br \/><strong>Publi\u00e9: <\/strong>8 d\u00e9cembre 2019<\/p>\t\t\t\t\t\t\t\t<\/div>\n\t\t\t\t<\/div>\n\t\t\t\t<div class=\"elementor-element elementor-element-8b05770 elementor-widget elementor-widget-text-editor\" data-id=\"8b05770\" data-element_type=\"widget\" data-e-type=\"widget\" data-widget_type=\"text-editor.default\">\n\t\t\t\t<div class=\"elementor-widget-container\">\n\t\t\t\t\t\t\t\t\t<p><strong>Le projet pilote lanc\u00e9 l\u2019\u00e9t\u00e9 dernier par la Ville de Qu\u00e9bec pour tenter de contr\u00f4ler les colonies de chats errants s\u2019est sold\u00e9 par un \u00e9chec puisqu\u2019aucun animal n\u2019a \u00e9t\u00e9 captur\u00e9.<\/strong><\/p><p>M\u00eame si l\u2019administration municipale se disait sceptique depuis plusieurs ann\u00e9es devant la m\u00e9thode de \u00abcapture-st\u00e9rilisation-rel\u00e2che\u00bb (CSR), elle a quand m\u00eame choisi de la mettre en pratique.<\/p><p>Ainsi, pour une p\u00e9riode de trois semaines entre la mi-juillet et le d\u00e9but ao\u00fbt 2019, des cages avec app\u00e2ts ont \u00e9t\u00e9 install\u00e9es dans le secteur de l\u2019H\u00f4tel-Dieu. Et rebelote en septembre, dans les bois\u00e9s de l\u2019Universit\u00e9 Laval, sans plus de succ\u00e8s.<\/p><p><strong>Interf\u00e9rence dans le processus<\/strong><\/p><p>Rappelons que la m\u00e9thode CSR consiste \u00e0 capturer les chats errants, puis de les st\u00e9riliser avant de les rel\u00e2cher dans la nature. En emp\u00eachant leur reproduction, le contr\u00f4le de leur population devient plus ais\u00e9 et on \u00e9vite l\u2019euthanasie des f\u00e9lins.<\/p><p>Or, de l\u2019estimation sommaire des 30 000 chats errants sur le territoire, aucun n\u2019a \u00e9t\u00e9 captur\u00e9. L\u2019objectif \u00e9tait pourtant fix\u00e9 \u00e0 une centaine de st\u00e9rilisations \u00e0 la fin du projet pilote.<\/p><p>L\u2019une des raisons de cet \u00e9chec serait reli\u00e9e \u00e0 l\u2019interf\u00e9rence des citoyens dans le processus. Apparemment, des cages ont \u00e9t\u00e9 ouvertes lorsque des chats \u00e9taient captur\u00e9s, rapporte M. O\u2019Brien. Une autre cause pr\u00e9sum\u00e9e indiquerait que les citoyens nourrissent les b\u00eates. Elles ne seraient donc pas attir\u00e9es par les app\u00e2ts.<\/p><p>Ainsi, des 50 000 $ attribu\u00e9s pour le projet pilote aux Fid\u00e8les Moustachus, qui servaient alors de centre et de refuge animalier pour la Vieille Capitale, seulement 517,39 $ ont \u00e9t\u00e9 d\u00e9pens\u00e9s.<\/p><p>\u00abCe montant comprend essentiellement les frais de d\u00e9placement, l\u2019installation des cages, la v\u00e9rification de ces derni\u00e8res et leur reprise \u00e0 la fin de la p\u00e9riode pr\u00e9vue\u00bb, pr\u00e9cise le porte-parole de la Ville de Qu\u00e9bec, David O\u2019Brien.<\/p><p><strong>En r\u00e9flexion<\/strong><\/p><p>L\u2019administration Labeaume compte toutefois poursuivre, en 2020, ses d\u00e9marches pour contr\u00f4ler la population de chats errants avec la m\u00e9thode CSR, bien qu\u2019elle soit en r\u00e9flexion pour trouver une meilleure strat\u00e9gie pour les attraper.<\/p><p>\u00abCe qui est difficile avec ce programme, c\u2019est d\u2019aller chercher l\u2019adh\u00e9sion du public\u00bb, explique pour sa part le directeur de la SPA de Qu\u00e9bec, F\u00e9lix Tremblay. \u00abIl faut que les gens qui ont \u00e0 c\u0153ur les colonies voient l\u2019intervention comme un b\u00e9n\u00e9fice.\u00bb<\/p><p>Il ajoute que ce type d\u2019intervention est la solution \u00e0 plusieurs probl\u00e8mes, sans pour autant faire du mal aux petites b\u00eates.<\/p><p>\u00abAvec la m\u00e9thode CSR, on r\u00e8gle le probl\u00e8me des chattes en chaleur, des m\u00e2les qui urinent partout, aucun animal n\u2019a \u00e9t\u00e9 mis \u00e0 mort [comme avec la m\u00e9thode pr\u00e9conis\u00e9e auparavant] et on a mis de notre c\u00f4t\u00e9 les amoureux des animaux.\u00bb<\/p>\t\t\t\t\t\t\t\t<\/div>\n\t\t\t\t<\/div>\n\t\t\t\t<div class=\"elementor-element elementor-element-7facef5 elementor-widget elementor-widget-spacer\" data-id=\"7facef5\" data-element_type=\"widget\" data-e-type=\"widget\" data-widget_type=\"spacer.default\">\n\t\t\t\t<div class=\"elementor-widget-container\">\n\t\t\t\t\t\t\t<div class=\"elementor-spacer\">\n\t\t\t<div class=\"elementor-spacer-inner\"><\/div>\n\t\t<\/div>\n\t\t\t\t\t\t<\/div>\n\t\t\t\t<\/div>\n\t\t\t\t\t<\/div>\n\t\t<\/div>\n\t\t\t\t\t<\/div>\n\t\t<\/section>\n\t\t\t\t<\/div>\n\t\t","protected":false},"excerpt":{"rendered":"<p>Le projet pilote lanc\u00e9 l\u2019\u00e9t\u00e9 dernier par la Ville de Qu\u00e9bec pour tenter de contr\u00f4ler les colonies de chats errants s\u2019est sold\u00e9 par un \u00e9chec puisqu\u2019aucun animal n\u2019a \u00e9t\u00e9 captur\u00e9. [&#8230;]<\/p>\n","protected":false},"author":1,"featured_media":12768,"parent":5252,"menu_order":0,"comment_status":"closed","ping_status":"closed","template":"elementor_header_footer","meta":{"_exactmetrics_skip_tracking":false,"_exactmetrics_sitenote_active":false,"_exactmetrics_sitenote_note":"","_exactmetrics_sitenote_category":0,"ocean_post_layout":"","ocean_both_sidebars_style":"","ocean_both_sidebars_content_width":0,"ocean_both_sidebars_sidebars_width":0,"ocean_sidebar":"0","ocean_second_sidebar":"0","ocean_disable_margins":"enable","ocean_add_body_class":"","ocean_shortcode_before_top_bar":"","ocean_shortcode_after_top_bar":"","ocean_shortcode_before_header":"","ocean_shortcode_after_header":"","ocean_has_shortcode":"","ocean_shortcode_after_title":"","ocean_shortcode_before_footer_widgets":"","ocean_shortcode_after_footer_widgets":"","ocean_shortcode_before_footer_bottom":"","ocean_shortcode_after_footer_bottom":"","ocean_display_top_bar":"default","ocean_display_header":"default","ocean_header_style":"","ocean_center_header_left_menu":"0","ocean_custom_header_template":"0","ocean_custom_logo":0,"ocean_custom_retina_logo":0,"ocean_custom_logo_max_width":0,"ocean_custom_logo_tablet_max_width":0,"ocean_custom_logo_mobile_max_width":0,"ocean_custom_logo_max_height":0,"ocean_custom_logo_tablet_max_height":0,"ocean_custom_logo_mobile_max_height":0,"ocean_header_custom_menu":"0","ocean_menu_typo_font_family":"0","ocean_menu_typo_font_subset":"","ocean_menu_typo_font_size":0,"ocean_menu_typo_font_size_tablet":0,"ocean_menu_typo_font_size_mobile":0,"ocean_menu_typo_font_size_unit":"px","ocean_menu_typo_font_weight":"","ocean_menu_typo_font_weight_tablet":"","ocean_menu_typo_font_weight_mobile":"","ocean_menu_typo_transform":"","ocean_menu_typo_transform_tablet":"","ocean_menu_typo_transform_mobile":"","ocean_menu_typo_line_height":0,"ocean_menu_typo_line_height_tablet":0,"ocean_menu_typo_line_height_mobile":0,"ocean_menu_typo_line_height_unit":"","ocean_menu_typo_spacing":0,"ocean_menu_typo_spacing_tablet":0,"ocean_menu_typo_spacing_mobile":0,"ocean_menu_typo_spacing_unit":"","ocean_menu_link_color":"","ocean_menu_link_color_hover":"","ocean_menu_link_color_active":"","ocean_menu_link_background":"","ocean_menu_link_hover_background":"","ocean_menu_link_active_background":"","ocean_menu_social_links_bg":"","ocean_menu_social_hover_links_bg":"","ocean_menu_social_links_color":"","ocean_menu_social_hover_links_color":"","ocean_disable_title":"on","ocean_disable_heading":"default","ocean_post_title":"","ocean_post_subheading":"","ocean_post_title_style":"","ocean_post_title_background_color":"","ocean_post_title_background":0,"ocean_post_title_bg_image_position":"","ocean_post_title_bg_image_attachment":"","ocean_post_title_bg_image_repeat":"","ocean_post_title_bg_image_size":"","ocean_post_title_height":0,"ocean_post_title_bg_overlay":0.5,"ocean_post_title_bg_overlay_color":"","ocean_disable_breadcrumbs":"default","ocean_breadcrumbs_color":"","ocean_breadcrumbs_separator_color":"","ocean_breadcrumbs_links_color":"","ocean_breadcrumbs_links_hover_color":"","ocean_display_footer_widgets":"default","ocean_display_footer_bottom":"default","ocean_custom_footer_template":"0","footnotes":""},"categories":[1],"tags":[],"basic_care":[],"conditions":[],"training_behaviour":[],"breeds_profiles":[],"exercise_activities":[],"nutrition_diet":[],"travel_relocation":[],"safety_emergencies":[],"lifestyle_more":[],"toolkits":[],"pet":[],"class_list":["post-10450","page","type-page","status-publish","has-post-thumbnail","hentry","category-uncategorized","entry","has-media"],"yoast_head":"<!-- This site is optimized with the Yoast SEO plugin v27.3 - https:\/\/yoast.com\/product\/yoast-seo-wordpress\/ -->\n<title>\u00c9chec Du Contr\u00f4le Des Chats Errants \u00c0 Qu\u00e9bec - PetlifeCA<\/title>\n<meta name=\"robots\" content=\"index, follow, max-snippet:-1, max-image-preview:large, max-video-preview:-1\" \/>\n<link rel=\"canonical\" href=\"https:\/\/petlifeca.ca\/fr\/nouvelles-sur-animaux-domestiques\/echec-du-controle-des-chats-errants-a-quebec\/\" \/>\n<meta property=\"og:locale\" content=\"fr_CA\" \/>\n<meta property=\"og:type\" content=\"article\" \/>\n<meta property=\"og:title\" content=\"\u00c9chec Du Contr\u00f4le Des Chats Errants \u00c0 Qu\u00e9bec - PetlifeCA\" \/>\n<meta property=\"og:description\" content=\"Le projet pilote lanc\u00e9 l\u2019\u00e9t\u00e9 dernier par la Ville de Qu\u00e9bec pour tenter de contr\u00f4ler les colonies de chats errants s\u2019est sold\u00e9 par un \u00e9chec puisqu\u2019aucun animal n\u2019a \u00e9t\u00e9 captur\u00e9. [...]\" \/>\n<meta property=\"og:url\" content=\"https:\/\/petlifeca.ca\/fr\/nouvelles-sur-animaux-domestiques\/echec-du-controle-des-chats-errants-a-quebec\/\" \/>\n<meta property=\"og:site_name\" content=\"PetlifeCA\" \/>\n<meta property=\"article:modified_time\" content=\"2020-01-12T05:36:27+00:00\" \/>\n<meta property=\"og:image\" content=\"https:\/\/petlifeca.ca\/fr\/wp-content\/uploads\/2019\/11\/petlifeca-news-icon-FA.jpg\" \/>\n\t<meta property=\"og:image:width\" content=\"1024\" \/>\n\t<meta property=\"og:image:height\" content=\"1024\" \/>\n\t<meta property=\"og:image:type\" content=\"image\/jpeg\" \/>\n<meta name=\"twitter:card\" content=\"summary_large_image\" \/>\n<meta name=\"twitter:label1\" content=\"Estimation du temps de lecture\" \/>\n\t<meta name=\"twitter:data1\" content=\"3 minutes\" \/>\n<script type=\"application\/ld+json\" class=\"yoast-schema-graph\">{\"@context\":\"https:\\\/\\\/schema.org\",\"@graph\":[{\"@type\":\"WebPage\",\"@id\":\"https:\\\/\\\/petlifeca.ca\\\/fr\\\/nouvelles-sur-animaux-domestiques\\\/echec-du-controle-des-chats-errants-a-quebec\\\/\",\"url\":\"https:\\\/\\\/petlifeca.ca\\\/fr\\\/nouvelles-sur-animaux-domestiques\\\/echec-du-controle-des-chats-errants-a-quebec\\\/\",\"name\":\"\u00c9chec Du Contr\u00f4le Des Chats Errants \u00c0 Qu\u00e9bec - PetlifeCA\",\"isPartOf\":{\"@id\":\"https:\\\/\\\/petlifeca.ca\\\/fr\\\/#website\"},\"primaryImageOfPage\":{\"@id\":\"https:\\\/\\\/petlifeca.ca\\\/fr\\\/nouvelles-sur-animaux-domestiques\\\/echec-du-controle-des-chats-errants-a-quebec\\\/#primaryimage\"},\"image\":{\"@id\":\"https:\\\/\\\/petlifeca.ca\\\/fr\\\/nouvelles-sur-animaux-domestiques\\\/echec-du-controle-des-chats-errants-a-quebec\\\/#primaryimage\"},\"thumbnailUrl\":\"https:\\\/\\\/petlifeca.ca\\\/fr\\\/wp-content\\\/uploads\\\/2019\\\/11\\\/petlifeca-news-icon-FA.jpg\",\"datePublished\":\"2019-08-22T10:45:17+00:00\",\"dateModified\":\"2020-01-12T05:36:27+00:00\",\"breadcrumb\":{\"@id\":\"https:\\\/\\\/petlifeca.ca\\\/fr\\\/nouvelles-sur-animaux-domestiques\\\/echec-du-controle-des-chats-errants-a-quebec\\\/#breadcrumb\"},\"inLanguage\":\"fr-CA\",\"potentialAction\":[{\"@type\":\"ReadAction\",\"target\":[\"https:\\\/\\\/petlifeca.ca\\\/fr\\\/nouvelles-sur-animaux-domestiques\\\/echec-du-controle-des-chats-errants-a-quebec\\\/\"]}]},{\"@type\":\"ImageObject\",\"inLanguage\":\"fr-CA\",\"@id\":\"https:\\\/\\\/petlifeca.ca\\\/fr\\\/nouvelles-sur-animaux-domestiques\\\/echec-du-controle-des-chats-errants-a-quebec\\\/#primaryimage\",\"url\":\"https:\\\/\\\/petlifeca.ca\\\/fr\\\/wp-content\\\/uploads\\\/2019\\\/11\\\/petlifeca-news-icon-FA.jpg\",\"contentUrl\":\"https:\\\/\\\/petlifeca.ca\\\/fr\\\/wp-content\\\/uploads\\\/2019\\\/11\\\/petlifeca-news-icon-FA.jpg\",\"width\":1024,\"height\":1024},{\"@type\":\"BreadcrumbList\",\"@id\":\"https:\\\/\\\/petlifeca.ca\\\/fr\\\/nouvelles-sur-animaux-domestiques\\\/echec-du-controle-des-chats-errants-a-quebec\\\/#breadcrumb\",\"itemListElement\":[{\"@type\":\"ListItem\",\"position\":1,\"name\":\"Home\",\"item\":\"https:\\\/\\\/petlifeca.ca\\\/fr\\\/\"},{\"@type\":\"ListItem\",\"position\":2,\"name\":\"Nouvelles Sur Animaux Domestiques\",\"item\":\"https:\\\/\\\/petlifeca.ca\\\/fr\\\/nouvelles-sur-animaux-domestiques\\\/\"},{\"@type\":\"ListItem\",\"position\":3,\"name\":\"\u00c9chec Du Contr\u00f4le Des Chats Errants \u00c0 Qu\u00e9bec\"}]},{\"@type\":\"WebSite\",\"@id\":\"https:\\\/\\\/petlifeca.ca\\\/fr\\\/#website\",\"url\":\"https:\\\/\\\/petlifeca.ca\\\/fr\\\/\",\"name\":\"PetlifeCA\",\"description\":\"Une communaut\u00e9 canadienne pour les amoureux des chiens et des chats\",\"potentialAction\":[{\"@type\":\"SearchAction\",\"target\":{\"@type\":\"EntryPoint\",\"urlTemplate\":\"https:\\\/\\\/petlifeca.ca\\\/fr\\\/?s={search_term_string}\"},\"query-input\":{\"@type\":\"PropertyValueSpecification\",\"valueRequired\":true,\"valueName\":\"search_term_string\"}}],\"inLanguage\":\"fr-CA\"}]}<\/script>\n<!-- \/ Yoast SEO plugin. -->","yoast_head_json":{"title":"\u00c9chec Du Contr\u00f4le Des Chats Errants \u00c0 Qu\u00e9bec - PetlifeCA","robots":{"index":"index","follow":"follow","max-snippet":"max-snippet:-1","max-image-preview":"max-image-preview:large","max-video-preview":"max-video-preview:-1"},"canonical":"https:\/\/petlifeca.ca\/fr\/nouvelles-sur-animaux-domestiques\/echec-du-controle-des-chats-errants-a-quebec\/","og_locale":"fr_CA","og_type":"article","og_title":"\u00c9chec Du Contr\u00f4le Des Chats Errants \u00c0 Qu\u00e9bec - PetlifeCA","og_description":"Le projet pilote lanc\u00e9 l\u2019\u00e9t\u00e9 dernier par la Ville de Qu\u00e9bec pour tenter de contr\u00f4ler les colonies de chats errants s\u2019est sold\u00e9 par un \u00e9chec puisqu\u2019aucun animal n\u2019a \u00e9t\u00e9 captur\u00e9. [...]","og_url":"https:\/\/petlifeca.ca\/fr\/nouvelles-sur-animaux-domestiques\/echec-du-controle-des-chats-errants-a-quebec\/","og_site_name":"PetlifeCA","article_modified_time":"2020-01-12T05:36:27+00:00","og_image":[{"width":1024,"height":1024,"url":"https:\/\/petlifeca.ca\/fr\/wp-content\/uploads\/2019\/11\/petlifeca-news-icon-FA.jpg","type":"image\/jpeg"}],"twitter_card":"summary_large_image","twitter_misc":{"Estimation du temps de lecture":"3 minutes"},"schema":{"@context":"https:\/\/schema.org","@graph":[{"@type":"WebPage","@id":"https:\/\/petlifeca.ca\/fr\/nouvelles-sur-animaux-domestiques\/echec-du-controle-des-chats-errants-a-quebec\/","url":"https:\/\/petlifeca.ca\/fr\/nouvelles-sur-animaux-domestiques\/echec-du-controle-des-chats-errants-a-quebec\/","name":"\u00c9chec Du Contr\u00f4le Des Chats Errants \u00c0 Qu\u00e9bec - PetlifeCA","isPartOf":{"@id":"https:\/\/petlifeca.ca\/fr\/#website"},"primaryImageOfPage":{"@id":"https:\/\/petlifeca.ca\/fr\/nouvelles-sur-animaux-domestiques\/echec-du-controle-des-chats-errants-a-quebec\/#primaryimage"},"image":{"@id":"https:\/\/petlifeca.ca\/fr\/nouvelles-sur-animaux-domestiques\/echec-du-controle-des-chats-errants-a-quebec\/#primaryimage"},"thumbnailUrl":"https:\/\/petlifeca.ca\/fr\/wp-content\/uploads\/2019\/11\/petlifeca-news-icon-FA.jpg","datePublished":"2019-08-22T10:45:17+00:00","dateModified":"2020-01-12T05:36:27+00:00","breadcrumb":{"@id":"https:\/\/petlifeca.ca\/fr\/nouvelles-sur-animaux-domestiques\/echec-du-controle-des-chats-errants-a-quebec\/#breadcrumb"},"inLanguage":"fr-CA","potentialAction":[{"@type":"ReadAction","target":["https:\/\/petlifeca.ca\/fr\/nouvelles-sur-animaux-domestiques\/echec-du-controle-des-chats-errants-a-quebec\/"]}]},{"@type":"ImageObject","inLanguage":"fr-CA","@id":"https:\/\/petlifeca.ca\/fr\/nouvelles-sur-animaux-domestiques\/echec-du-controle-des-chats-errants-a-quebec\/#primaryimage","url":"https:\/\/petlifeca.ca\/fr\/wp-content\/uploads\/2019\/11\/petlifeca-news-icon-FA.jpg","contentUrl":"https:\/\/petlifeca.ca\/fr\/wp-content\/uploads\/2019\/11\/petlifeca-news-icon-FA.jpg","width":1024,"height":1024},{"@type":"BreadcrumbList","@id":"https:\/\/petlifeca.ca\/fr\/nouvelles-sur-animaux-domestiques\/echec-du-controle-des-chats-errants-a-quebec\/#breadcrumb","itemListElement":[{"@type":"ListItem","position":1,"name":"Home","item":"https:\/\/petlifeca.ca\/fr\/"},{"@type":"ListItem","position":2,"name":"Nouvelles Sur Animaux Domestiques","item":"https:\/\/petlifeca.ca\/fr\/nouvelles-sur-animaux-domestiques\/"},{"@type":"ListItem","position":3,"name":"\u00c9chec Du Contr\u00f4le Des Chats Errants \u00c0 Qu\u00e9bec"}]},{"@type":"WebSite","@id":"https:\/\/petlifeca.ca\/fr\/#website","url":"https:\/\/petlifeca.ca\/fr\/","name":"PetlifeCA","description":"Une communaut\u00e9 canadienne pour les amoureux des chiens et des chats","potentialAction":[{"@type":"SearchAction","target":{"@type":"EntryPoint","urlTemplate":"https:\/\/petlifeca.ca\/fr\/?s={search_term_string}"},"query-input":{"@type":"PropertyValueSpecification","valueRequired":true,"valueName":"search_term_string"}}],"inLanguage":"fr-CA"}]}},"_links":{"self":[{"href":"https:\/\/petlifeca.ca\/fr\/wp-json\/wp\/v2\/pages\/10450","targetHints":{"allow":["GET"]}}],"collection":[{"href":"https:\/\/petlifeca.ca\/fr\/wp-json\/wp\/v2\/pages"}],"about":[{"href":"https:\/\/petlifeca.ca\/fr\/wp-json\/wp\/v2\/types\/page"}],"author":[{"embeddable":true,"href":"https:\/\/petlifeca.ca\/fr\/wp-json\/wp\/v2\/users\/1"}],"replies":[{"embeddable":true,"href":"https:\/\/petlifeca.ca\/fr\/wp-json\/wp\/v2\/comments?post=10450"}],"version-history":[{"count":0,"href":"https:\/\/petlifeca.ca\/fr\/wp-json\/wp\/v2\/pages\/10450\/revisions"}],"up":[{"embeddable":true,"href":"https:\/\/petlifeca.ca\/fr\/wp-json\/wp\/v2\/pages\/5252"}],"wp:featuredmedia":[{"embeddable":true,"href":"https:\/\/petlifeca.ca\/fr\/wp-json\/wp\/v2\/media\/12768"}],"wp:attachment":[{"href":"https:\/\/petlifeca.ca\/fr\/wp-json\/wp\/v2\/media?parent=10450"}],"wp:term":[{"taxonomy":"category","embeddable":true,"href":"https:\/\/petlifeca.ca\/fr\/wp-json\/wp\/v2\/categories?post=10450"},{"taxonomy":"post_tag","embeddable":true,"href":"https:\/\/petlifeca.ca\/fr\/wp-json\/wp\/v2\/tags?post=10450"},{"taxonomy":"basic_care","embeddable":true,"href":"https:\/\/petlifeca.ca\/fr\/wp-json\/wp\/v2\/basic_care?post=10450"},{"taxonomy":"conditions","embeddable":true,"href":"https:\/\/petlifeca.ca\/fr\/wp-json\/wp\/v2\/conditions?post=10450"},{"taxonomy":"training_behaviour","embeddable":true,"href":"https:\/\/petlifeca.ca\/fr\/wp-json\/wp\/v2\/training_behaviour?post=10450"},{"taxonomy":"breeds_profiles","embeddable":true,"href":"https:\/\/petlifeca.ca\/fr\/wp-json\/wp\/v2\/breeds_profiles?post=10450"},{"taxonomy":"exercise_activities","embeddable":true,"href":"https:\/\/petlifeca.ca\/fr\/wp-json\/wp\/v2\/exercise_activities?post=10450"},{"taxonomy":"nutrition_diet","embeddable":true,"href":"https:\/\/petlifeca.ca\/fr\/wp-json\/wp\/v2\/nutrition_diet?post=10450"},{"taxonomy":"travel_relocation","embeddable":true,"href":"https:\/\/petlifeca.ca\/fr\/wp-json\/wp\/v2\/travel_relocation?post=10450"},{"taxonomy":"safety_emergencies","embeddable":true,"href":"https:\/\/petlifeca.ca\/fr\/wp-json\/wp\/v2\/safety_emergencies?post=10450"},{"taxonomy":"lifestyle_more","embeddable":true,"href":"https:\/\/petlifeca.ca\/fr\/wp-json\/wp\/v2\/lifestyle_more?post=10450"},{"taxonomy":"toolkits","embeddable":true,"href":"https:\/\/petlifeca.ca\/fr\/wp-json\/wp\/v2\/toolkits?post=10450"},{"taxonomy":"pet","embeddable":true,"href":"https:\/\/petlifeca.ca\/fr\/wp-json\/wp\/v2\/pet?post=10450"}],"curies":[{"name":"wp","href":"https:\/\/api.w.org\/{rel}","templated":true}]}}