{"id":10939,"date":"2019-09-09T14:58:20","date_gmt":"2019-09-09T14:58:20","guid":{"rendered":"https:\/\/petlifeca.ca\/?page_id=10939"},"modified":"2020-01-12T05:37:28","modified_gmt":"2020-01-12T05:37:28","slug":"saguenay-pourrait-commencer-a-euthanasier-les-chiens-dangereux-des-janvier","status":"publish","type":"page","link":"https:\/\/petlifeca.ca\/fr\/nouvelles-sur-animaux-domestiques\/saguenay-pourrait-commencer-a-euthanasier-les-chiens-dangereux-des-janvier\/","title":{"rendered":"Saguenay Pourrait Commencer \u00c0 Euthanasier Les Chiens Dangereux D\u00e8s Janvier"},"content":{"rendered":"\t\t<div data-elementor-type=\"wp-post\" data-elementor-id=\"10939\" class=\"elementor elementor-10939\" data-elementor-post-type=\"page\">\n\t\t\t\t\t\t<section class=\"elementor-section elementor-inner-section elementor-element elementor-element-7e1b30a elementor-section-boxed elementor-section-height-default elementor-section-height-default\" data-id=\"7e1b30a\" data-element_type=\"section\" data-e-type=\"section\">\n\t\t\t\t\t\t<div class=\"elementor-container elementor-column-gap-no\">\n\t\t\t\t\t<div class=\"elementor-column elementor-col-100 elementor-inner-column elementor-element elementor-element-09337ce\" data-id=\"09337ce\" data-element_type=\"column\" data-e-type=\"column\">\n\t\t\t<div class=\"elementor-widget-wrap elementor-element-populated\">\n\t\t\t\t\t\t<div class=\"elementor-element elementor-element-6c17363 elementor-widget elementor-widget-shortcode\" data-id=\"6c17363\" data-element_type=\"widget\" data-e-type=\"widget\" data-widget_type=\"shortcode.default\">\n\t\t\t\t<div class=\"elementor-widget-container\">\n\t\t\t\t\t\t\t<div class=\"elementor-shortcode\">\t\t<div data-elementor-type=\"wp-post\" data-elementor-id=\"1007\" class=\"elementor elementor-1007\" data-elementor-post-type=\"oceanwp_library\">\n\t\t\t\t\t\t<section class=\"elementor-section elementor-inner-section elementor-element elementor-element-1889dd1 elementor-section-full_width elementor-section-height-default elementor-section-height-default\" data-id=\"1889dd1\" data-element_type=\"section\" data-e-type=\"section\">\n\t\t\t\t\t\t<div class=\"elementor-container elementor-column-gap-no\">\n\t\t\t\t\t<div class=\"elementor-column elementor-col-100 elementor-inner-column elementor-element elementor-element-c692dc2\" data-id=\"c692dc2\" data-element_type=\"column\" data-e-type=\"column\">\n\t\t\t<div class=\"elementor-widget-wrap elementor-element-populated\">\n\t\t\t\t\t\t<div class=\"elementor-element elementor-element-2451c9f classname elementor-widget elementor-widget-button\" data-id=\"2451c9f\" data-element_type=\"widget\" data-e-type=\"widget\" data-widget_type=\"button.default\">\n\t\t\t\t<div class=\"elementor-widget-container\">\n\t\t\t\t\t\t\t\t\t<div class=\"elementor-button-wrapper\">\n\t\t\t\t\t<a class=\"elementor-button elementor-button-link elementor-size-sm\" href=\"\">\n\t\t\t\t\t\t<span class=\"elementor-button-content-wrapper\">\n\t\t\t\t\t\t\t\t\t<span class=\"elementor-button-text\">&lt;&lt; Retour<\/span>\n\t\t\t\t\t<\/span>\n\t\t\t\t\t<\/a>\n\t\t\t\t<\/div>\n\t\t\t\t\t\t\t\t<\/div>\n\t\t\t\t<\/div>\n\t\t\t\t\t<\/div>\n\t\t<\/div>\n\t\t\t\t\t<\/div>\n\t\t<\/section>\n\t\t\t\t<\/div>\n\t\t<\/div>\n\t\t\t\t\t\t<\/div>\n\t\t\t\t<\/div>\n\t\t\t\t\t<\/div>\n\t\t<\/div>\n\t\t\t\t\t<\/div>\n\t\t<\/section>\n\t\t\t\t<section class=\"elementor-section elementor-inner-section elementor-element elementor-element-e4d4220 elementor-section-boxed elementor-section-height-default elementor-section-height-default\" data-id=\"e4d4220\" data-element_type=\"section\" data-e-type=\"section\">\n\t\t\t\t\t\t<div class=\"elementor-container elementor-column-gap-no\">\n\t\t\t\t\t<div class=\"elementor-column elementor-col-100 elementor-inner-column elementor-element elementor-element-9f9ce94\" data-id=\"9f9ce94\" data-element_type=\"column\" data-e-type=\"column\">\n\t\t\t<div class=\"elementor-widget-wrap elementor-element-populated\">\n\t\t\t\t\t\t<div class=\"elementor-element elementor-element-d5b3615 elementor-widget elementor-widget-text-editor\" data-id=\"d5b3615\" data-element_type=\"widget\" data-e-type=\"widget\" data-widget_type=\"text-editor.default\">\n\t\t\t\t<div class=\"elementor-widget-container\">\n\t\t\t\t\t\t\t\t\t<h1 class=\"headline pt-0 pb-2 my-0 font-weight-bold\"><span style=\"color: #171b4b;\">SAGUENAY POURRAIT COMMENCER \u00c0 EUTHANASIER LES CHIENS DANGEREUX D\u00c8S JANVIER<\/span><\/h1>\t\t\t\t\t\t\t\t<\/div>\n\t\t\t\t<\/div>\n\t\t\t\t<div class=\"elementor-element elementor-element-592b2db elementor-widget elementor-widget-text-editor\" data-id=\"592b2db\" data-element_type=\"widget\" data-e-type=\"widget\" data-widget_type=\"text-editor.default\">\n\t\t\t\t<div class=\"elementor-widget-container\">\n\t\t\t\t\t\t\t\t\t<p><strong>La source: <\/strong>Le Journal de Qu\u00e9bec (extrait)<br \/><strong>Publi\u00e9: <\/strong>3 d\u00e9cembre 2019<\/p>\t\t\t\t\t\t\t\t<\/div>\n\t\t\t\t<\/div>\n\t\t\t\t<div class=\"elementor-element elementor-element-8b05770 elementor-widget elementor-widget-text-editor\" data-id=\"8b05770\" data-element_type=\"widget\" data-e-type=\"widget\" data-widget_type=\"text-editor.default\">\n\t\t\t\t<div class=\"elementor-widget-container\">\n\t\t\t\t\t\t\t\t\t<strong>SAGUENAY | La Ville de Saguenay compte adopter un r\u00e8glement en vertu duquel les chiens jug\u00e9s dangereux pourront \u00eatre euthanasi\u00e9s, et ce, d\u00e8s janvier prochain.<\/strong>\n\nLa Ville a \u00e9t\u00e9 appel\u00e9e \u00e0 intervenir \u00e0 au moins sept reprises l&#8217;\u00e9t\u00e9 dernier aupr\u00e8s de propri\u00e9taires de chiens probl\u00e9matiques. Ces incidents n&#8217;ont pas eu de cons\u00e9quences graves, mais la Ville ne veut plus prendre de risques.\n\n\u00abOn est all\u00e9s voir ce qui se faisait ailleurs, dans d&#8217;autres villes, pour s&#8217;assurer de mettre les meilleures r\u00e8gles en place\u00bb, a indiqu\u00e9 la conseill\u00e8re municipale charg\u00e9e du dossier, Brigitte Bergeron.\n\nSi un chien en attaque un autre ou s&#8217;en prend \u00e0 un voisin, la Ville veut obliger son propri\u00e9taire \u00e0 le faire \u00e9valuer, \u00e0 ses frais, par un professionnel du comportement canin.\n\nLa Ville pourra saisir l&#8217;animal et ordonner son euthanasie seulement si l&#8217;\u00e9valuation d\u00e9montre qu&#8217;il est dangereux, m\u00eame si ce n&#8217;est pas le souhait du propri\u00e9taire.\n\n\u00abCe sera appliqu\u00e9 seulement dans des situations exceptionnelles et dans le respect de l&#8217;animal et de son propri\u00e9taire\u00bb, a assur\u00e9 Mme Bergeron.\n\nDans tout ce processus qui vise \u00e0 doter la ville d&#8217;une politique de gestion animali\u00e8re plus structur\u00e9e, Saguenay souhaite aussi imposer des licences pour les chats, comme elle le fait d\u00e9j\u00e0 avec les chiens.\n\n\u00abOn pense que \u00e7a pourrait permettre de r\u00e9gler une partie des probl\u00e8mes de chats errants\u00bb, a pr\u00e9cis\u00e9 Brigitte Bergeron.\n\nLes propri\u00e9taires de chats st\u00e9rilis\u00e9s devront d\u00e9bourser 10$ annuellement, contre 20$ pour les autres.\n\nCe n&#8217;est qu&#8217;un d\u00e9but pour Saguenay qui pr\u00e9voit d\u00e9j\u00e0 apporter d&#8217;autres changements \u00e0 sa politique de gestion animali\u00e8re.\t\t\t\t\t\t\t\t<\/div>\n\t\t\t\t<\/div>\n\t\t\t\t<div class=\"elementor-element elementor-element-7facef5 elementor-widget elementor-widget-spacer\" data-id=\"7facef5\" data-element_type=\"widget\" data-e-type=\"widget\" data-widget_type=\"spacer.default\">\n\t\t\t\t<div class=\"elementor-widget-container\">\n\t\t\t\t\t\t\t<div class=\"elementor-spacer\">\n\t\t\t<div class=\"elementor-spacer-inner\"><\/div>\n\t\t<\/div>\n\t\t\t\t\t\t<\/div>\n\t\t\t\t<\/div>\n\t\t\t\t\t<\/div>\n\t\t<\/div>\n\t\t\t\t\t<\/div>\n\t\t<\/section>\n\t\t\t\t<\/div>\n\t\t","protected":false},"excerpt":{"rendered":"<p>SAGUENAY | La Ville de Saguenay compte adopter un r\u00e8glement en vertu duquel les chiens jug\u00e9s dangereux pourront \u00eatre euthanasi\u00e9s, et ce, d\u00e8s janvier prochain. [&#8230;]<\/p>\n","protected":false},"author":1,"featured_media":12768,"parent":5252,"menu_order":0,"comment_status":"closed","ping_status":"closed","template":"elementor_header_footer","meta":{"_exactmetrics_skip_tracking":false,"_exactmetrics_sitenote_active":false,"_exactmetrics_sitenote_note":"","_exactmetrics_sitenote_category":0,"ocean_post_layout":"","ocean_both_sidebars_style":"","ocean_both_sidebars_content_width":0,"ocean_both_sidebars_sidebars_width":0,"ocean_sidebar":"0","ocean_second_sidebar":"0","ocean_disable_margins":"enable","ocean_add_body_class":"","ocean_shortcode_before_top_bar":"","ocean_shortcode_after_top_bar":"","ocean_shortcode_before_header":"","ocean_shortcode_after_header":"","ocean_has_shortcode":"","ocean_shortcode_after_title":"","ocean_shortcode_before_footer_widgets":"","ocean_shortcode_after_footer_widgets":"","ocean_shortcode_before_footer_bottom":"","ocean_shortcode_after_footer_bottom":"","ocean_display_top_bar":"default","ocean_display_header":"default","ocean_header_style":"","ocean_center_header_left_menu":"0","ocean_custom_header_template":"0","ocean_custom_logo":0,"ocean_custom_retina_logo":0,"ocean_custom_logo_max_width":0,"ocean_custom_logo_tablet_max_width":0,"ocean_custom_logo_mobile_max_width":0,"ocean_custom_logo_max_height":0,"ocean_custom_logo_tablet_max_height":0,"ocean_custom_logo_mobile_max_height":0,"ocean_header_custom_menu":"0","ocean_menu_typo_font_family":"0","ocean_menu_typo_font_subset":"","ocean_menu_typo_font_size":0,"ocean_menu_typo_font_size_tablet":0,"ocean_menu_typo_font_size_mobile":0,"ocean_menu_typo_font_size_unit":"px","ocean_menu_typo_font_weight":"","ocean_menu_typo_font_weight_tablet":"","ocean_menu_typo_font_weight_mobile":"","ocean_menu_typo_transform":"","ocean_menu_typo_transform_tablet":"","ocean_menu_typo_transform_mobile":"","ocean_menu_typo_line_height":0,"ocean_menu_typo_line_height_tablet":0,"ocean_menu_typo_line_height_mobile":0,"ocean_menu_typo_line_height_unit":"","ocean_menu_typo_spacing":0,"ocean_menu_typo_spacing_tablet":0,"ocean_menu_typo_spacing_mobile":0,"ocean_menu_typo_spacing_unit":"","ocean_menu_link_color":"","ocean_menu_link_color_hover":"","ocean_menu_link_color_active":"","ocean_menu_link_background":"","ocean_menu_link_hover_background":"","ocean_menu_link_active_background":"","ocean_menu_social_links_bg":"","ocean_menu_social_hover_links_bg":"","ocean_menu_social_links_color":"","ocean_menu_social_hover_links_color":"","ocean_disable_title":"on","ocean_disable_heading":"default","ocean_post_title":"","ocean_post_subheading":"","ocean_post_title_style":"","ocean_post_title_background_color":"","ocean_post_title_background":0,"ocean_post_title_bg_image_position":"","ocean_post_title_bg_image_attachment":"","ocean_post_title_bg_image_repeat":"","ocean_post_title_bg_image_size":"","ocean_post_title_height":0,"ocean_post_title_bg_overlay":0.5,"ocean_post_title_bg_overlay_color":"","ocean_disable_breadcrumbs":"default","ocean_breadcrumbs_color":"","ocean_breadcrumbs_separator_color":"","ocean_breadcrumbs_links_color":"","ocean_breadcrumbs_links_hover_color":"","ocean_display_footer_widgets":"default","ocean_display_footer_bottom":"default","ocean_custom_footer_template":"0","footnotes":""},"categories":[1],"tags":[],"basic_care":[],"conditions":[],"training_behaviour":[],"breeds_profiles":[],"exercise_activities":[],"nutrition_diet":[],"travel_relocation":[],"safety_emergencies":[],"lifestyle_more":[],"toolkits":[],"pet":[],"class_list":["post-10939","page","type-page","status-publish","has-post-thumbnail","hentry","category-uncategorized","entry","has-media"],"yoast_head":"<!-- This site is optimized with the Yoast SEO plugin v27.3 - https:\/\/yoast.com\/product\/yoast-seo-wordpress\/ -->\n<title>Saguenay Pourrait Commencer \u00c0 Euthanasier Les Chiens Dangereux D\u00e8s Janvier - PetlifeCA<\/title>\n<meta name=\"robots\" content=\"index, follow, max-snippet:-1, max-image-preview:large, max-video-preview:-1\" \/>\n<link rel=\"canonical\" href=\"https:\/\/petlifeca.ca\/fr\/nouvelles-sur-animaux-domestiques\/saguenay-pourrait-commencer-a-euthanasier-les-chiens-dangereux-des-janvier\/\" \/>\n<meta property=\"og:locale\" content=\"fr_CA\" \/>\n<meta property=\"og:type\" content=\"article\" \/>\n<meta property=\"og:title\" content=\"Saguenay Pourrait Commencer \u00c0 Euthanasier Les Chiens Dangereux D\u00e8s Janvier - PetlifeCA\" \/>\n<meta property=\"og:description\" content=\"SAGUENAY | La Ville de Saguenay compte adopter un r\u00e8glement en vertu duquel les chiens jug\u00e9s dangereux pourront \u00eatre euthanasi\u00e9s, et ce, d\u00e8s janvier prochain. [...]\" \/>\n<meta property=\"og:url\" content=\"https:\/\/petlifeca.ca\/fr\/nouvelles-sur-animaux-domestiques\/saguenay-pourrait-commencer-a-euthanasier-les-chiens-dangereux-des-janvier\/\" \/>\n<meta property=\"og:site_name\" content=\"PetlifeCA\" \/>\n<meta property=\"article:modified_time\" content=\"2020-01-12T05:37:28+00:00\" \/>\n<meta property=\"og:image\" content=\"https:\/\/petlifeca.ca\/fr\/wp-content\/uploads\/2019\/11\/petlifeca-news-icon-FA.jpg\" \/>\n\t<meta property=\"og:image:width\" content=\"1024\" \/>\n\t<meta property=\"og:image:height\" content=\"1024\" \/>\n\t<meta property=\"og:image:type\" content=\"image\/jpeg\" \/>\n<meta name=\"twitter:card\" content=\"summary_large_image\" \/>\n<meta name=\"twitter:label1\" content=\"Estimation du temps de lecture\" \/>\n\t<meta name=\"twitter:data1\" content=\"2 minutes\" \/>\n<script type=\"application\/ld+json\" class=\"yoast-schema-graph\">{\"@context\":\"https:\\\/\\\/schema.org\",\"@graph\":[{\"@type\":\"WebPage\",\"@id\":\"https:\\\/\\\/petlifeca.ca\\\/fr\\\/nouvelles-sur-animaux-domestiques\\\/saguenay-pourrait-commencer-a-euthanasier-les-chiens-dangereux-des-janvier\\\/\",\"url\":\"https:\\\/\\\/petlifeca.ca\\\/fr\\\/nouvelles-sur-animaux-domestiques\\\/saguenay-pourrait-commencer-a-euthanasier-les-chiens-dangereux-des-janvier\\\/\",\"name\":\"Saguenay Pourrait Commencer \u00c0 Euthanasier Les Chiens Dangereux D\u00e8s Janvier - PetlifeCA\",\"isPartOf\":{\"@id\":\"https:\\\/\\\/petlifeca.ca\\\/fr\\\/#website\"},\"primaryImageOfPage\":{\"@id\":\"https:\\\/\\\/petlifeca.ca\\\/fr\\\/nouvelles-sur-animaux-domestiques\\\/saguenay-pourrait-commencer-a-euthanasier-les-chiens-dangereux-des-janvier\\\/#primaryimage\"},\"image\":{\"@id\":\"https:\\\/\\\/petlifeca.ca\\\/fr\\\/nouvelles-sur-animaux-domestiques\\\/saguenay-pourrait-commencer-a-euthanasier-les-chiens-dangereux-des-janvier\\\/#primaryimage\"},\"thumbnailUrl\":\"https:\\\/\\\/petlifeca.ca\\\/fr\\\/wp-content\\\/uploads\\\/2019\\\/11\\\/petlifeca-news-icon-FA.jpg\",\"datePublished\":\"2019-09-09T14:58:20+00:00\",\"dateModified\":\"2020-01-12T05:37:28+00:00\",\"breadcrumb\":{\"@id\":\"https:\\\/\\\/petlifeca.ca\\\/fr\\\/nouvelles-sur-animaux-domestiques\\\/saguenay-pourrait-commencer-a-euthanasier-les-chiens-dangereux-des-janvier\\\/#breadcrumb\"},\"inLanguage\":\"fr-CA\",\"potentialAction\":[{\"@type\":\"ReadAction\",\"target\":[\"https:\\\/\\\/petlifeca.ca\\\/fr\\\/nouvelles-sur-animaux-domestiques\\\/saguenay-pourrait-commencer-a-euthanasier-les-chiens-dangereux-des-janvier\\\/\"]}]},{\"@type\":\"ImageObject\",\"inLanguage\":\"fr-CA\",\"@id\":\"https:\\\/\\\/petlifeca.ca\\\/fr\\\/nouvelles-sur-animaux-domestiques\\\/saguenay-pourrait-commencer-a-euthanasier-les-chiens-dangereux-des-janvier\\\/#primaryimage\",\"url\":\"https:\\\/\\\/petlifeca.ca\\\/fr\\\/wp-content\\\/uploads\\\/2019\\\/11\\\/petlifeca-news-icon-FA.jpg\",\"contentUrl\":\"https:\\\/\\\/petlifeca.ca\\\/fr\\\/wp-content\\\/uploads\\\/2019\\\/11\\\/petlifeca-news-icon-FA.jpg\",\"width\":1024,\"height\":1024},{\"@type\":\"BreadcrumbList\",\"@id\":\"https:\\\/\\\/petlifeca.ca\\\/fr\\\/nouvelles-sur-animaux-domestiques\\\/saguenay-pourrait-commencer-a-euthanasier-les-chiens-dangereux-des-janvier\\\/#breadcrumb\",\"itemListElement\":[{\"@type\":\"ListItem\",\"position\":1,\"name\":\"Home\",\"item\":\"https:\\\/\\\/petlifeca.ca\\\/fr\\\/\"},{\"@type\":\"ListItem\",\"position\":2,\"name\":\"Nouvelles Sur Animaux Domestiques\",\"item\":\"https:\\\/\\\/petlifeca.ca\\\/fr\\\/nouvelles-sur-animaux-domestiques\\\/\"},{\"@type\":\"ListItem\",\"position\":3,\"name\":\"Saguenay Pourrait Commencer \u00c0 Euthanasier Les Chiens Dangereux D\u00e8s Janvier\"}]},{\"@type\":\"WebSite\",\"@id\":\"https:\\\/\\\/petlifeca.ca\\\/fr\\\/#website\",\"url\":\"https:\\\/\\\/petlifeca.ca\\\/fr\\\/\",\"name\":\"PetlifeCA\",\"description\":\"Une communaut\u00e9 canadienne pour les amoureux des chiens et des chats\",\"potentialAction\":[{\"@type\":\"SearchAction\",\"target\":{\"@type\":\"EntryPoint\",\"urlTemplate\":\"https:\\\/\\\/petlifeca.ca\\\/fr\\\/?s={search_term_string}\"},\"query-input\":{\"@type\":\"PropertyValueSpecification\",\"valueRequired\":true,\"valueName\":\"search_term_string\"}}],\"inLanguage\":\"fr-CA\"}]}<\/script>\n<!-- \/ Yoast SEO plugin. -->","yoast_head_json":{"title":"Saguenay Pourrait Commencer \u00c0 Euthanasier Les Chiens Dangereux D\u00e8s Janvier - PetlifeCA","robots":{"index":"index","follow":"follow","max-snippet":"max-snippet:-1","max-image-preview":"max-image-preview:large","max-video-preview":"max-video-preview:-1"},"canonical":"https:\/\/petlifeca.ca\/fr\/nouvelles-sur-animaux-domestiques\/saguenay-pourrait-commencer-a-euthanasier-les-chiens-dangereux-des-janvier\/","og_locale":"fr_CA","og_type":"article","og_title":"Saguenay Pourrait Commencer \u00c0 Euthanasier Les Chiens Dangereux D\u00e8s Janvier - PetlifeCA","og_description":"SAGUENAY | La Ville de Saguenay compte adopter un r\u00e8glement en vertu duquel les chiens jug\u00e9s dangereux pourront \u00eatre euthanasi\u00e9s, et ce, d\u00e8s janvier prochain. [...]","og_url":"https:\/\/petlifeca.ca\/fr\/nouvelles-sur-animaux-domestiques\/saguenay-pourrait-commencer-a-euthanasier-les-chiens-dangereux-des-janvier\/","og_site_name":"PetlifeCA","article_modified_time":"2020-01-12T05:37:28+00:00","og_image":[{"width":1024,"height":1024,"url":"https:\/\/petlifeca.ca\/fr\/wp-content\/uploads\/2019\/11\/petlifeca-news-icon-FA.jpg","type":"image\/jpeg"}],"twitter_card":"summary_large_image","twitter_misc":{"Estimation du temps de lecture":"2 minutes"},"schema":{"@context":"https:\/\/schema.org","@graph":[{"@type":"WebPage","@id":"https:\/\/petlifeca.ca\/fr\/nouvelles-sur-animaux-domestiques\/saguenay-pourrait-commencer-a-euthanasier-les-chiens-dangereux-des-janvier\/","url":"https:\/\/petlifeca.ca\/fr\/nouvelles-sur-animaux-domestiques\/saguenay-pourrait-commencer-a-euthanasier-les-chiens-dangereux-des-janvier\/","name":"Saguenay Pourrait Commencer \u00c0 Euthanasier Les Chiens Dangereux D\u00e8s Janvier - PetlifeCA","isPartOf":{"@id":"https:\/\/petlifeca.ca\/fr\/#website"},"primaryImageOfPage":{"@id":"https:\/\/petlifeca.ca\/fr\/nouvelles-sur-animaux-domestiques\/saguenay-pourrait-commencer-a-euthanasier-les-chiens-dangereux-des-janvier\/#primaryimage"},"image":{"@id":"https:\/\/petlifeca.ca\/fr\/nouvelles-sur-animaux-domestiques\/saguenay-pourrait-commencer-a-euthanasier-les-chiens-dangereux-des-janvier\/#primaryimage"},"thumbnailUrl":"https:\/\/petlifeca.ca\/fr\/wp-content\/uploads\/2019\/11\/petlifeca-news-icon-FA.jpg","datePublished":"2019-09-09T14:58:20+00:00","dateModified":"2020-01-12T05:37:28+00:00","breadcrumb":{"@id":"https:\/\/petlifeca.ca\/fr\/nouvelles-sur-animaux-domestiques\/saguenay-pourrait-commencer-a-euthanasier-les-chiens-dangereux-des-janvier\/#breadcrumb"},"inLanguage":"fr-CA","potentialAction":[{"@type":"ReadAction","target":["https:\/\/petlifeca.ca\/fr\/nouvelles-sur-animaux-domestiques\/saguenay-pourrait-commencer-a-euthanasier-les-chiens-dangereux-des-janvier\/"]}]},{"@type":"ImageObject","inLanguage":"fr-CA","@id":"https:\/\/petlifeca.ca\/fr\/nouvelles-sur-animaux-domestiques\/saguenay-pourrait-commencer-a-euthanasier-les-chiens-dangereux-des-janvier\/#primaryimage","url":"https:\/\/petlifeca.ca\/fr\/wp-content\/uploads\/2019\/11\/petlifeca-news-icon-FA.jpg","contentUrl":"https:\/\/petlifeca.ca\/fr\/wp-content\/uploads\/2019\/11\/petlifeca-news-icon-FA.jpg","width":1024,"height":1024},{"@type":"BreadcrumbList","@id":"https:\/\/petlifeca.ca\/fr\/nouvelles-sur-animaux-domestiques\/saguenay-pourrait-commencer-a-euthanasier-les-chiens-dangereux-des-janvier\/#breadcrumb","itemListElement":[{"@type":"ListItem","position":1,"name":"Home","item":"https:\/\/petlifeca.ca\/fr\/"},{"@type":"ListItem","position":2,"name":"Nouvelles Sur Animaux Domestiques","item":"https:\/\/petlifeca.ca\/fr\/nouvelles-sur-animaux-domestiques\/"},{"@type":"ListItem","position":3,"name":"Saguenay Pourrait Commencer \u00c0 Euthanasier Les Chiens Dangereux D\u00e8s Janvier"}]},{"@type":"WebSite","@id":"https:\/\/petlifeca.ca\/fr\/#website","url":"https:\/\/petlifeca.ca\/fr\/","name":"PetlifeCA","description":"Une communaut\u00e9 canadienne pour les amoureux des chiens et des chats","potentialAction":[{"@type":"SearchAction","target":{"@type":"EntryPoint","urlTemplate":"https:\/\/petlifeca.ca\/fr\/?s={search_term_string}"},"query-input":{"@type":"PropertyValueSpecification","valueRequired":true,"valueName":"search_term_string"}}],"inLanguage":"fr-CA"}]}},"_links":{"self":[{"href":"https:\/\/petlifeca.ca\/fr\/wp-json\/wp\/v2\/pages\/10939","targetHints":{"allow":["GET"]}}],"collection":[{"href":"https:\/\/petlifeca.ca\/fr\/wp-json\/wp\/v2\/pages"}],"about":[{"href":"https:\/\/petlifeca.ca\/fr\/wp-json\/wp\/v2\/types\/page"}],"author":[{"embeddable":true,"href":"https:\/\/petlifeca.ca\/fr\/wp-json\/wp\/v2\/users\/1"}],"replies":[{"embeddable":true,"href":"https:\/\/petlifeca.ca\/fr\/wp-json\/wp\/v2\/comments?post=10939"}],"version-history":[{"count":0,"href":"https:\/\/petlifeca.ca\/fr\/wp-json\/wp\/v2\/pages\/10939\/revisions"}],"up":[{"embeddable":true,"href":"https:\/\/petlifeca.ca\/fr\/wp-json\/wp\/v2\/pages\/5252"}],"wp:featuredmedia":[{"embeddable":true,"href":"https:\/\/petlifeca.ca\/fr\/wp-json\/wp\/v2\/media\/12768"}],"wp:attachment":[{"href":"https:\/\/petlifeca.ca\/fr\/wp-json\/wp\/v2\/media?parent=10939"}],"wp:term":[{"taxonomy":"category","embeddable":true,"href":"https:\/\/petlifeca.ca\/fr\/wp-json\/wp\/v2\/categories?post=10939"},{"taxonomy":"post_tag","embeddable":true,"href":"https:\/\/petlifeca.ca\/fr\/wp-json\/wp\/v2\/tags?post=10939"},{"taxonomy":"basic_care","embeddable":true,"href":"https:\/\/petlifeca.ca\/fr\/wp-json\/wp\/v2\/basic_care?post=10939"},{"taxonomy":"conditions","embeddable":true,"href":"https:\/\/petlifeca.ca\/fr\/wp-json\/wp\/v2\/conditions?post=10939"},{"taxonomy":"training_behaviour","embeddable":true,"href":"https:\/\/petlifeca.ca\/fr\/wp-json\/wp\/v2\/training_behaviour?post=10939"},{"taxonomy":"breeds_profiles","embeddable":true,"href":"https:\/\/petlifeca.ca\/fr\/wp-json\/wp\/v2\/breeds_profiles?post=10939"},{"taxonomy":"exercise_activities","embeddable":true,"href":"https:\/\/petlifeca.ca\/fr\/wp-json\/wp\/v2\/exercise_activities?post=10939"},{"taxonomy":"nutrition_diet","embeddable":true,"href":"https:\/\/petlifeca.ca\/fr\/wp-json\/wp\/v2\/nutrition_diet?post=10939"},{"taxonomy":"travel_relocation","embeddable":true,"href":"https:\/\/petlifeca.ca\/fr\/wp-json\/wp\/v2\/travel_relocation?post=10939"},{"taxonomy":"safety_emergencies","embeddable":true,"href":"https:\/\/petlifeca.ca\/fr\/wp-json\/wp\/v2\/safety_emergencies?post=10939"},{"taxonomy":"lifestyle_more","embeddable":true,"href":"https:\/\/petlifeca.ca\/fr\/wp-json\/wp\/v2\/lifestyle_more?post=10939"},{"taxonomy":"toolkits","embeddable":true,"href":"https:\/\/petlifeca.ca\/fr\/wp-json\/wp\/v2\/toolkits?post=10939"},{"taxonomy":"pet","embeddable":true,"href":"https:\/\/petlifeca.ca\/fr\/wp-json\/wp\/v2\/pet?post=10939"}],"curies":[{"name":"wp","href":"https:\/\/api.w.org\/{rel}","templated":true}]}}