{"id":11138,"date":"2019-09-23T09:16:47","date_gmt":"2019-09-23T09:16:47","guid":{"rendered":"https:\/\/petlifeca.ca\/?page_id=11138"},"modified":"2020-01-12T05:42:20","modified_gmt":"2020-01-12T05:42:20","slug":"micropuce-et-sterilisation-obligatoires-pour-les-ciens-et-chats-lavallois-et-montrealais","status":"publish","type":"page","link":"https:\/\/petlifeca.ca\/fr\/nouvelles-sur-animaux-domestiques\/micropuce-et-sterilisation-obligatoires-pour-les-ciens-et-chats-lavallois-et-montrealais\/","title":{"rendered":"Micropuce Et St\u00e9rilisation Obligatoires Pour Les Ciens Et Chats Lavallois Et Montr\u00e9alais"},"content":{"rendered":"\t\t<div data-elementor-type=\"wp-post\" data-elementor-id=\"11138\" class=\"elementor elementor-11138\" data-elementor-post-type=\"page\">\n\t\t\t\t\t\t<section class=\"elementor-section elementor-inner-section elementor-element elementor-element-7e1b30a elementor-section-boxed elementor-section-height-default elementor-section-height-default\" data-id=\"7e1b30a\" data-element_type=\"section\" data-e-type=\"section\">\n\t\t\t\t\t\t<div class=\"elementor-container elementor-column-gap-no\">\n\t\t\t\t\t<div class=\"elementor-column elementor-col-100 elementor-inner-column elementor-element elementor-element-09337ce\" data-id=\"09337ce\" data-element_type=\"column\" data-e-type=\"column\">\n\t\t\t<div class=\"elementor-widget-wrap elementor-element-populated\">\n\t\t\t\t\t\t<div class=\"elementor-element elementor-element-6c17363 elementor-widget elementor-widget-shortcode\" data-id=\"6c17363\" data-element_type=\"widget\" data-e-type=\"widget\" data-widget_type=\"shortcode.default\">\n\t\t\t\t<div class=\"elementor-widget-container\">\n\t\t\t\t\t\t\t<div class=\"elementor-shortcode\">\t\t<div data-elementor-type=\"wp-post\" data-elementor-id=\"1007\" class=\"elementor elementor-1007\" data-elementor-post-type=\"oceanwp_library\">\n\t\t\t\t\t\t<section class=\"elementor-section elementor-inner-section elementor-element elementor-element-1889dd1 elementor-section-full_width elementor-section-height-default elementor-section-height-default\" data-id=\"1889dd1\" data-element_type=\"section\" data-e-type=\"section\">\n\t\t\t\t\t\t<div class=\"elementor-container elementor-column-gap-no\">\n\t\t\t\t\t<div class=\"elementor-column elementor-col-100 elementor-inner-column elementor-element elementor-element-c692dc2\" data-id=\"c692dc2\" data-element_type=\"column\" data-e-type=\"column\">\n\t\t\t<div class=\"elementor-widget-wrap elementor-element-populated\">\n\t\t\t\t\t\t<div class=\"elementor-element elementor-element-2451c9f classname elementor-widget elementor-widget-button\" data-id=\"2451c9f\" data-element_type=\"widget\" data-e-type=\"widget\" data-widget_type=\"button.default\">\n\t\t\t\t<div class=\"elementor-widget-container\">\n\t\t\t\t\t\t\t\t\t<div class=\"elementor-button-wrapper\">\n\t\t\t\t\t<a class=\"elementor-button elementor-button-link elementor-size-sm\" href=\"\">\n\t\t\t\t\t\t<span class=\"elementor-button-content-wrapper\">\n\t\t\t\t\t\t\t\t\t<span class=\"elementor-button-text\">&lt;&lt; Retour<\/span>\n\t\t\t\t\t<\/span>\n\t\t\t\t\t<\/a>\n\t\t\t\t<\/div>\n\t\t\t\t\t\t\t\t<\/div>\n\t\t\t\t<\/div>\n\t\t\t\t\t<\/div>\n\t\t<\/div>\n\t\t\t\t\t<\/div>\n\t\t<\/section>\n\t\t\t\t<\/div>\n\t\t<\/div>\n\t\t\t\t\t\t<\/div>\n\t\t\t\t<\/div>\n\t\t\t\t\t<\/div>\n\t\t<\/div>\n\t\t\t\t\t<\/div>\n\t\t<\/section>\n\t\t\t\t<section class=\"elementor-section elementor-inner-section elementor-element elementor-element-e4d4220 elementor-section-boxed elementor-section-height-default elementor-section-height-default\" data-id=\"e4d4220\" data-element_type=\"section\" data-e-type=\"section\">\n\t\t\t\t\t\t<div class=\"elementor-container elementor-column-gap-no\">\n\t\t\t\t\t<div class=\"elementor-column elementor-col-100 elementor-inner-column elementor-element elementor-element-9f9ce94\" data-id=\"9f9ce94\" data-element_type=\"column\" data-e-type=\"column\">\n\t\t\t<div class=\"elementor-widget-wrap elementor-element-populated\">\n\t\t\t\t\t\t<div class=\"elementor-element elementor-element-d5b3615 elementor-widget elementor-widget-text-editor\" data-id=\"d5b3615\" data-element_type=\"widget\" data-e-type=\"widget\" data-widget_type=\"text-editor.default\">\n\t\t\t\t<div class=\"elementor-widget-container\">\n\t\t\t\t\t\t\t\t\t<h1 class=\"headline pt-0 pb-2 my-0 font-weight-bold\"><span style=\"color: #171b4b;\">MICROPUCE ET ST\u00c9RILISATION OBLIGATOIRES POUR LES CIENS ET CHATS LAVALLOIS ET MONTR\u00c9ALAIS<\/span><\/h1>\t\t\t\t\t\t\t\t<\/div>\n\t\t\t\t<\/div>\n\t\t\t\t<div class=\"elementor-element elementor-element-592b2db elementor-widget elementor-widget-text-editor\" data-id=\"592b2db\" data-element_type=\"widget\" data-e-type=\"widget\" data-widget_type=\"text-editor.default\">\n\t\t\t\t<div class=\"elementor-widget-container\">\n\t\t\t\t\t\t\t\t\t<p><strong>La source: <\/strong>ledevoir.com (extrait)<br \/><strong>Publi\u00e9: <\/strong>30 d\u00e9cembre 2019<\/p>\t\t\t\t\t\t\t\t<\/div>\n\t\t\t\t<\/div>\n\t\t\t\t<div class=\"elementor-element elementor-element-8b05770 elementor-widget elementor-widget-text-editor\" data-id=\"8b05770\" data-element_type=\"widget\" data-e-type=\"widget\" data-widget_type=\"text-editor.default\">\n\t\t\t\t<div class=\"elementor-widget-container\">\n\t\t\t\t\t\t\t\t\t<p>Il est minuit moins une pour les propri\u00e9taires de chiens et de chats \u00e0 Montr\u00e9al et \u00e0 Laval. Le micropu\u00e7age et la st\u00e9rilisation de leur animal seront obligatoires d\u00e8s le 1er\u00a0janvier, sauf \u00e0 quelques exceptions.<\/p><p>L\u2019implantation d\u2019une micropuce permet d\u2019identifier un animal perdu et de le signaler rapidement \u00e0 son propri\u00e9taire. De plus, ce dispositif ne se perd pas et accompagne l\u2019animal toute sa vie, contrairement aux m\u00e9dailles.<\/p><p>Il s\u2019agit d\u2019une capsule \u2014 de la taille d\u2019un grain de riz \u2014 ins\u00e9r\u00e9e sous la peau de l\u2019animal qui contient une puce informatique comportant un num\u00e9ro de s\u00e9rie associ\u00e9 dans un syst\u00e8me informatique aux coordonn\u00e9es du propri\u00e9taire.<\/p><p>\u00ab\u00a0Les v\u00e9t\u00e9rinaires ont acc\u00e8s aux donn\u00e9es du dossier instantan\u00e9ment, \u00e9vitant ainsi de surcharger les refuges et de proc\u00e9der \u00e0 des euthanasies \u00e9vitables\u00a0\u00bb, note la Ville de Montr\u00e9al sur son site Web.<\/p><p>La micropuce permet de mettre fin beaucoup plus rapidement au grand stress que vivent les gens qui ont perdu leur compagnon, a soulign\u00e9 Anita Kapuscinska, une porte-parole de la SPCA de Montr\u00e9al en entrevue avec La Presse canadienne.<\/p><p>Selon l\u2019Association des m\u00e9decins v\u00e9t\u00e9rinaires du Qu\u00e9bec (AMVQ), le micropu\u00e7age co\u00fbte environ 70\u00a0$ dans une clinique v\u00e9t\u00e9rinaire. Il est de 45\u00a0$ \u00e0 la SPCA de Montr\u00e9al et le prix est g\u00e9n\u00e9ralement encore plus faible lorsque les municipalit\u00e9s organisent des cliniques de micropu\u00e7age.<\/p><p><strong>St\u00e9rilisation<\/strong><\/p><p>Avec la st\u00e9rilisation, la Ville de Montr\u00e9al vise d\u2019abord \u00e0 contr\u00f4ler le nombre d\u2019animaux errants et \u00e0 limiter les port\u00e9es ind\u00e9sirables pouvant mener \u00e0 la surpopulation des refuges et \u00e0 l\u2019euthanasie.<\/p><p>L\u2019op\u00e9ration, qui est pratiqu\u00e9e sous anesth\u00e9sie g\u00e9n\u00e9rale par un v\u00e9t\u00e9rinaire, emp\u00eache l\u2019animal de se reproduire. Celui-ci peut g\u00e9n\u00e9ralement \u00eatre ramen\u00e9 au domicile le jour m\u00eame ou le lendemain.<\/p><p>La pratique comporte \u00e9galement d\u2019autres bienfaits, notamment la pr\u00e9vention de tumeurs et d\u2019infections, la diminution de la tendance aux fugues en p\u00e9riode de reproduction ainsi qu\u2019une r\u00e9duction des miaulements excessifs des chattes. \u00ab\u00a0Tout ce qui est st\u00e9rilisation n\u2019am\u00e8ne que des avantages pour les chats et les chiens dans notre soci\u00e9t\u00e9\u00a0\u00bb, a tranch\u00e9 Dr\u00a0Michel Pepin, le porte-parole de l\u2019AMVQ.<\/p><p>\u00c0 Montr\u00e9al, les lapins devront \u00e9galement \u00eatre st\u00e9rilis\u00e9s.<\/p><p>L\u2019AMVQ estime que la st\u00e9rilisation d\u2019un chat devrait co\u00fbter en moyenne entre 219\u00a0$ et 289\u00a0$. La facture devrait grimper dans une fourchette de 328\u00a0$ \u00e0 367\u00a0$ pour les chiots. La SPCA de Montr\u00e9al offre des services de st\u00e9rilisation \u00e0 moindre co\u00fbt aux personnes \u00e0 faible revenu, mais refuse d\u2019en d\u00e9voiler publiquement les prix.<\/p><p>La st\u00e9rilisation n\u2019est pas obligatoire sous certaines conditions lorsque la pratique est contre-indiqu\u00e9e par un v\u00e9t\u00e9rinaire, lorsque le chien ou le chat est utilis\u00e9 pour la reproduction et lorsque le chien est \u00e2g\u00e9 de moins de six mois.<\/p><p>La majorit\u00e9 des 1000 chiens et des 5000 chats accueillis par la SPCA de Montr\u00e9al ne sont pas st\u00e9rilis\u00e9s ni micropuc\u00e9s \u00e0 leur arriv\u00e9e. L\u2019organisme croit que l\u2019obligation de ces pratiques va grandement contribuer \u00e0 diminuer le nombre d\u2019animaux euthanasi\u00e9s.<\/p><p>L\u2019amende minimale pour tout propri\u00e9taire ne s\u2019\u00e9tant pas conform\u00e9 \u00e0 la r\u00e9glementation a \u00e9t\u00e9 fix\u00e9e \u00e0 300\u00a0$ \u00e0 Montr\u00e9al et \u00e0 100\u00a0$ \u00e0 Laval.<\/p><p>Le micropu\u00e7age avait d\u2019abord \u00e9t\u00e9 rendu obligatoire \u00e0 Laval d\u00e8s le 1er\u00a0janvier 2019, mais la Ville a report\u00e9 la date butoir apr\u00e8s avoir \u00ab\u00a0entendu les pr\u00e9occupations des Lavallois\u00a0\u00bb qui demandaient plus de temps pour se conformer \u00e0 la r\u00e9glementation.<\/p>\t\t\t\t\t\t\t\t<\/div>\n\t\t\t\t<\/div>\n\t\t\t\t<div class=\"elementor-element elementor-element-7facef5 elementor-widget elementor-widget-spacer\" data-id=\"7facef5\" data-element_type=\"widget\" data-e-type=\"widget\" data-widget_type=\"spacer.default\">\n\t\t\t\t<div class=\"elementor-widget-container\">\n\t\t\t\t\t\t\t<div class=\"elementor-spacer\">\n\t\t\t<div class=\"elementor-spacer-inner\"><\/div>\n\t\t<\/div>\n\t\t\t\t\t\t<\/div>\n\t\t\t\t<\/div>\n\t\t\t\t\t<\/div>\n\t\t<\/div>\n\t\t\t\t\t<\/div>\n\t\t<\/section>\n\t\t\t\t<\/div>\n\t\t","protected":false},"excerpt":{"rendered":"<p>Il est minuit moins une pour les propri\u00e9taires de chiens et de chats \u00e0 Montr\u00e9al et \u00e0 Laval. Le micropu\u00e7age et la st\u00e9rilisation de leur animal seront obligatoires d\u00e8s le 1er janvier, sauf \u00e0 quelques exceptions. [&#8230;]<\/p>\n","protected":false},"author":1,"featured_media":12768,"parent":5252,"menu_order":0,"comment_status":"closed","ping_status":"closed","template":"elementor_header_footer","meta":{"_exactmetrics_skip_tracking":false,"_exactmetrics_sitenote_active":false,"_exactmetrics_sitenote_note":"","_exactmetrics_sitenote_category":0,"ocean_post_layout":"","ocean_both_sidebars_style":"","ocean_both_sidebars_content_width":0,"ocean_both_sidebars_sidebars_width":0,"ocean_sidebar":"0","ocean_second_sidebar":"0","ocean_disable_margins":"enable","ocean_add_body_class":"","ocean_shortcode_before_top_bar":"","ocean_shortcode_after_top_bar":"","ocean_shortcode_before_header":"","ocean_shortcode_after_header":"","ocean_has_shortcode":"","ocean_shortcode_after_title":"","ocean_shortcode_before_footer_widgets":"","ocean_shortcode_after_footer_widgets":"","ocean_shortcode_before_footer_bottom":"","ocean_shortcode_after_footer_bottom":"","ocean_display_top_bar":"default","ocean_display_header":"default","ocean_header_style":"","ocean_center_header_left_menu":"0","ocean_custom_header_template":"0","ocean_custom_logo":0,"ocean_custom_retina_logo":0,"ocean_custom_logo_max_width":0,"ocean_custom_logo_tablet_max_width":0,"ocean_custom_logo_mobile_max_width":0,"ocean_custom_logo_max_height":0,"ocean_custom_logo_tablet_max_height":0,"ocean_custom_logo_mobile_max_height":0,"ocean_header_custom_menu":"0","ocean_menu_typo_font_family":"0","ocean_menu_typo_font_subset":"","ocean_menu_typo_font_size":0,"ocean_menu_typo_font_size_tablet":0,"ocean_menu_typo_font_size_mobile":0,"ocean_menu_typo_font_size_unit":"px","ocean_menu_typo_font_weight":"","ocean_menu_typo_font_weight_tablet":"","ocean_menu_typo_font_weight_mobile":"","ocean_menu_typo_transform":"","ocean_menu_typo_transform_tablet":"","ocean_menu_typo_transform_mobile":"","ocean_menu_typo_line_height":0,"ocean_menu_typo_line_height_tablet":0,"ocean_menu_typo_line_height_mobile":0,"ocean_menu_typo_line_height_unit":"","ocean_menu_typo_spacing":0,"ocean_menu_typo_spacing_tablet":0,"ocean_menu_typo_spacing_mobile":0,"ocean_menu_typo_spacing_unit":"","ocean_menu_link_color":"","ocean_menu_link_color_hover":"","ocean_menu_link_color_active":"","ocean_menu_link_background":"","ocean_menu_link_hover_background":"","ocean_menu_link_active_background":"","ocean_menu_social_links_bg":"","ocean_menu_social_hover_links_bg":"","ocean_menu_social_links_color":"","ocean_menu_social_hover_links_color":"","ocean_disable_title":"on","ocean_disable_heading":"default","ocean_post_title":"","ocean_post_subheading":"","ocean_post_title_style":"","ocean_post_title_background_color":"","ocean_post_title_background":0,"ocean_post_title_bg_image_position":"","ocean_post_title_bg_image_attachment":"","ocean_post_title_bg_image_repeat":"","ocean_post_title_bg_image_size":"","ocean_post_title_height":0,"ocean_post_title_bg_overlay":0.5,"ocean_post_title_bg_overlay_color":"","ocean_disable_breadcrumbs":"default","ocean_breadcrumbs_color":"","ocean_breadcrumbs_separator_color":"","ocean_breadcrumbs_links_color":"","ocean_breadcrumbs_links_hover_color":"","ocean_display_footer_widgets":"default","ocean_display_footer_bottom":"default","ocean_custom_footer_template":"0","footnotes":""},"categories":[1],"tags":[],"basic_care":[],"conditions":[],"training_behaviour":[],"breeds_profiles":[],"exercise_activities":[],"nutrition_diet":[],"travel_relocation":[],"safety_emergencies":[],"lifestyle_more":[],"toolkits":[],"pet":[],"class_list":["post-11138","page","type-page","status-publish","has-post-thumbnail","hentry","category-uncategorized","entry","has-media"],"yoast_head":"<!-- This site is optimized with the Yoast SEO plugin v27.5 - https:\/\/yoast.com\/product\/yoast-seo-wordpress\/ -->\n<title>Micropuce Et St\u00e9rilisation Obligatoires Pour Les Ciens Et Chats Lavallois Et Montr\u00e9alais - PetlifeCA<\/title>\n<meta name=\"robots\" content=\"index, follow, max-snippet:-1, max-image-preview:large, max-video-preview:-1\" \/>\n<link rel=\"canonical\" href=\"https:\/\/petlifeca.ca\/fr\/nouvelles-sur-animaux-domestiques\/micropuce-et-sterilisation-obligatoires-pour-les-ciens-et-chats-lavallois-et-montrealais\/\" \/>\n<meta property=\"og:locale\" content=\"fr_CA\" \/>\n<meta property=\"og:type\" content=\"article\" \/>\n<meta property=\"og:title\" content=\"Micropuce Et St\u00e9rilisation Obligatoires Pour Les Ciens Et Chats Lavallois Et Montr\u00e9alais - PetlifeCA\" \/>\n<meta property=\"og:description\" content=\"Il est minuit moins une pour les propri\u00e9taires de chiens et de chats \u00e0 Montr\u00e9al et \u00e0 Laval. Le micropu\u00e7age et la st\u00e9rilisation de leur animal seront obligatoires d\u00e8s le 1er janvier, sauf \u00e0 quelques exceptions. [...]\" \/>\n<meta property=\"og:url\" content=\"https:\/\/petlifeca.ca\/fr\/nouvelles-sur-animaux-domestiques\/micropuce-et-sterilisation-obligatoires-pour-les-ciens-et-chats-lavallois-et-montrealais\/\" \/>\n<meta property=\"og:site_name\" content=\"PetlifeCA\" \/>\n<meta property=\"article:modified_time\" content=\"2020-01-12T05:42:20+00:00\" \/>\n<meta property=\"og:image\" content=\"https:\/\/petlifeca.ca\/fr\/wp-content\/uploads\/2019\/11\/petlifeca-news-icon-FA.jpg\" \/>\n\t<meta property=\"og:image:width\" content=\"1024\" \/>\n\t<meta property=\"og:image:height\" content=\"1024\" \/>\n\t<meta property=\"og:image:type\" content=\"image\/jpeg\" \/>\n<meta name=\"twitter:card\" content=\"summary_large_image\" \/>\n<meta name=\"twitter:label1\" content=\"Estimation du temps de lecture\" \/>\n\t<meta name=\"twitter:data1\" content=\"3 minutes\" \/>\n<script type=\"application\/ld+json\" class=\"yoast-schema-graph\">{\"@context\":\"https:\\\/\\\/schema.org\",\"@graph\":[{\"@type\":\"WebPage\",\"@id\":\"https:\\\/\\\/petlifeca.ca\\\/fr\\\/nouvelles-sur-animaux-domestiques\\\/micropuce-et-sterilisation-obligatoires-pour-les-ciens-et-chats-lavallois-et-montrealais\\\/\",\"url\":\"https:\\\/\\\/petlifeca.ca\\\/fr\\\/nouvelles-sur-animaux-domestiques\\\/micropuce-et-sterilisation-obligatoires-pour-les-ciens-et-chats-lavallois-et-montrealais\\\/\",\"name\":\"Micropuce Et St\u00e9rilisation Obligatoires Pour Les Ciens Et Chats Lavallois Et Montr\u00e9alais - PetlifeCA\",\"isPartOf\":{\"@id\":\"https:\\\/\\\/petlifeca.ca\\\/fr\\\/#website\"},\"primaryImageOfPage\":{\"@id\":\"https:\\\/\\\/petlifeca.ca\\\/fr\\\/nouvelles-sur-animaux-domestiques\\\/micropuce-et-sterilisation-obligatoires-pour-les-ciens-et-chats-lavallois-et-montrealais\\\/#primaryimage\"},\"image\":{\"@id\":\"https:\\\/\\\/petlifeca.ca\\\/fr\\\/nouvelles-sur-animaux-domestiques\\\/micropuce-et-sterilisation-obligatoires-pour-les-ciens-et-chats-lavallois-et-montrealais\\\/#primaryimage\"},\"thumbnailUrl\":\"https:\\\/\\\/petlifeca.ca\\\/fr\\\/wp-content\\\/uploads\\\/2019\\\/11\\\/petlifeca-news-icon-FA.jpg\",\"datePublished\":\"2019-09-23T09:16:47+00:00\",\"dateModified\":\"2020-01-12T05:42:20+00:00\",\"breadcrumb\":{\"@id\":\"https:\\\/\\\/petlifeca.ca\\\/fr\\\/nouvelles-sur-animaux-domestiques\\\/micropuce-et-sterilisation-obligatoires-pour-les-ciens-et-chats-lavallois-et-montrealais\\\/#breadcrumb\"},\"inLanguage\":\"fr-CA\",\"potentialAction\":[{\"@type\":\"ReadAction\",\"target\":[\"https:\\\/\\\/petlifeca.ca\\\/fr\\\/nouvelles-sur-animaux-domestiques\\\/micropuce-et-sterilisation-obligatoires-pour-les-ciens-et-chats-lavallois-et-montrealais\\\/\"]}]},{\"@type\":\"ImageObject\",\"inLanguage\":\"fr-CA\",\"@id\":\"https:\\\/\\\/petlifeca.ca\\\/fr\\\/nouvelles-sur-animaux-domestiques\\\/micropuce-et-sterilisation-obligatoires-pour-les-ciens-et-chats-lavallois-et-montrealais\\\/#primaryimage\",\"url\":\"https:\\\/\\\/petlifeca.ca\\\/fr\\\/wp-content\\\/uploads\\\/2019\\\/11\\\/petlifeca-news-icon-FA.jpg\",\"contentUrl\":\"https:\\\/\\\/petlifeca.ca\\\/fr\\\/wp-content\\\/uploads\\\/2019\\\/11\\\/petlifeca-news-icon-FA.jpg\",\"width\":1024,\"height\":1024},{\"@type\":\"BreadcrumbList\",\"@id\":\"https:\\\/\\\/petlifeca.ca\\\/fr\\\/nouvelles-sur-animaux-domestiques\\\/micropuce-et-sterilisation-obligatoires-pour-les-ciens-et-chats-lavallois-et-montrealais\\\/#breadcrumb\",\"itemListElement\":[{\"@type\":\"ListItem\",\"position\":1,\"name\":\"Home\",\"item\":\"https:\\\/\\\/petlifeca.ca\\\/fr\\\/\"},{\"@type\":\"ListItem\",\"position\":2,\"name\":\"Nouvelles Sur Animaux Domestiques\",\"item\":\"https:\\\/\\\/petlifeca.ca\\\/fr\\\/nouvelles-sur-animaux-domestiques\\\/\"},{\"@type\":\"ListItem\",\"position\":3,\"name\":\"Micropuce Et St\u00e9rilisation Obligatoires Pour Les Ciens Et Chats Lavallois Et Montr\u00e9alais\"}]},{\"@type\":\"WebSite\",\"@id\":\"https:\\\/\\\/petlifeca.ca\\\/fr\\\/#website\",\"url\":\"https:\\\/\\\/petlifeca.ca\\\/fr\\\/\",\"name\":\"PetlifeCA\",\"description\":\"Une communaut\u00e9 canadienne pour les amoureux des chiens et des chats\",\"potentialAction\":[{\"@type\":\"SearchAction\",\"target\":{\"@type\":\"EntryPoint\",\"urlTemplate\":\"https:\\\/\\\/petlifeca.ca\\\/fr\\\/?s={search_term_string}\"},\"query-input\":{\"@type\":\"PropertyValueSpecification\",\"valueRequired\":true,\"valueName\":\"search_term_string\"}}],\"inLanguage\":\"fr-CA\"}]}<\/script>\n<!-- \/ Yoast SEO plugin. -->","yoast_head_json":{"title":"Micropuce Et St\u00e9rilisation Obligatoires Pour Les Ciens Et Chats Lavallois Et Montr\u00e9alais - PetlifeCA","robots":{"index":"index","follow":"follow","max-snippet":"max-snippet:-1","max-image-preview":"max-image-preview:large","max-video-preview":"max-video-preview:-1"},"canonical":"https:\/\/petlifeca.ca\/fr\/nouvelles-sur-animaux-domestiques\/micropuce-et-sterilisation-obligatoires-pour-les-ciens-et-chats-lavallois-et-montrealais\/","og_locale":"fr_CA","og_type":"article","og_title":"Micropuce Et St\u00e9rilisation Obligatoires Pour Les Ciens Et Chats Lavallois Et Montr\u00e9alais - PetlifeCA","og_description":"Il est minuit moins une pour les propri\u00e9taires de chiens et de chats \u00e0 Montr\u00e9al et \u00e0 Laval. Le micropu\u00e7age et la st\u00e9rilisation de leur animal seront obligatoires d\u00e8s le 1er janvier, sauf \u00e0 quelques exceptions. [...]","og_url":"https:\/\/petlifeca.ca\/fr\/nouvelles-sur-animaux-domestiques\/micropuce-et-sterilisation-obligatoires-pour-les-ciens-et-chats-lavallois-et-montrealais\/","og_site_name":"PetlifeCA","article_modified_time":"2020-01-12T05:42:20+00:00","og_image":[{"width":1024,"height":1024,"url":"https:\/\/petlifeca.ca\/fr\/wp-content\/uploads\/2019\/11\/petlifeca-news-icon-FA.jpg","type":"image\/jpeg"}],"twitter_card":"summary_large_image","twitter_misc":{"Estimation du temps de lecture":"3 minutes"},"schema":{"@context":"https:\/\/schema.org","@graph":[{"@type":"WebPage","@id":"https:\/\/petlifeca.ca\/fr\/nouvelles-sur-animaux-domestiques\/micropuce-et-sterilisation-obligatoires-pour-les-ciens-et-chats-lavallois-et-montrealais\/","url":"https:\/\/petlifeca.ca\/fr\/nouvelles-sur-animaux-domestiques\/micropuce-et-sterilisation-obligatoires-pour-les-ciens-et-chats-lavallois-et-montrealais\/","name":"Micropuce Et St\u00e9rilisation Obligatoires Pour Les Ciens Et Chats Lavallois Et Montr\u00e9alais - PetlifeCA","isPartOf":{"@id":"https:\/\/petlifeca.ca\/fr\/#website"},"primaryImageOfPage":{"@id":"https:\/\/petlifeca.ca\/fr\/nouvelles-sur-animaux-domestiques\/micropuce-et-sterilisation-obligatoires-pour-les-ciens-et-chats-lavallois-et-montrealais\/#primaryimage"},"image":{"@id":"https:\/\/petlifeca.ca\/fr\/nouvelles-sur-animaux-domestiques\/micropuce-et-sterilisation-obligatoires-pour-les-ciens-et-chats-lavallois-et-montrealais\/#primaryimage"},"thumbnailUrl":"https:\/\/petlifeca.ca\/fr\/wp-content\/uploads\/2019\/11\/petlifeca-news-icon-FA.jpg","datePublished":"2019-09-23T09:16:47+00:00","dateModified":"2020-01-12T05:42:20+00:00","breadcrumb":{"@id":"https:\/\/petlifeca.ca\/fr\/nouvelles-sur-animaux-domestiques\/micropuce-et-sterilisation-obligatoires-pour-les-ciens-et-chats-lavallois-et-montrealais\/#breadcrumb"},"inLanguage":"fr-CA","potentialAction":[{"@type":"ReadAction","target":["https:\/\/petlifeca.ca\/fr\/nouvelles-sur-animaux-domestiques\/micropuce-et-sterilisation-obligatoires-pour-les-ciens-et-chats-lavallois-et-montrealais\/"]}]},{"@type":"ImageObject","inLanguage":"fr-CA","@id":"https:\/\/petlifeca.ca\/fr\/nouvelles-sur-animaux-domestiques\/micropuce-et-sterilisation-obligatoires-pour-les-ciens-et-chats-lavallois-et-montrealais\/#primaryimage","url":"https:\/\/petlifeca.ca\/fr\/wp-content\/uploads\/2019\/11\/petlifeca-news-icon-FA.jpg","contentUrl":"https:\/\/petlifeca.ca\/fr\/wp-content\/uploads\/2019\/11\/petlifeca-news-icon-FA.jpg","width":1024,"height":1024},{"@type":"BreadcrumbList","@id":"https:\/\/petlifeca.ca\/fr\/nouvelles-sur-animaux-domestiques\/micropuce-et-sterilisation-obligatoires-pour-les-ciens-et-chats-lavallois-et-montrealais\/#breadcrumb","itemListElement":[{"@type":"ListItem","position":1,"name":"Home","item":"https:\/\/petlifeca.ca\/fr\/"},{"@type":"ListItem","position":2,"name":"Nouvelles Sur Animaux Domestiques","item":"https:\/\/petlifeca.ca\/fr\/nouvelles-sur-animaux-domestiques\/"},{"@type":"ListItem","position":3,"name":"Micropuce Et St\u00e9rilisation Obligatoires Pour Les Ciens Et Chats Lavallois Et Montr\u00e9alais"}]},{"@type":"WebSite","@id":"https:\/\/petlifeca.ca\/fr\/#website","url":"https:\/\/petlifeca.ca\/fr\/","name":"PetlifeCA","description":"Une communaut\u00e9 canadienne pour les amoureux des chiens et des chats","potentialAction":[{"@type":"SearchAction","target":{"@type":"EntryPoint","urlTemplate":"https:\/\/petlifeca.ca\/fr\/?s={search_term_string}"},"query-input":{"@type":"PropertyValueSpecification","valueRequired":true,"valueName":"search_term_string"}}],"inLanguage":"fr-CA"}]}},"_links":{"self":[{"href":"https:\/\/petlifeca.ca\/fr\/wp-json\/wp\/v2\/pages\/11138","targetHints":{"allow":["GET"]}}],"collection":[{"href":"https:\/\/petlifeca.ca\/fr\/wp-json\/wp\/v2\/pages"}],"about":[{"href":"https:\/\/petlifeca.ca\/fr\/wp-json\/wp\/v2\/types\/page"}],"author":[{"embeddable":true,"href":"https:\/\/petlifeca.ca\/fr\/wp-json\/wp\/v2\/users\/1"}],"replies":[{"embeddable":true,"href":"https:\/\/petlifeca.ca\/fr\/wp-json\/wp\/v2\/comments?post=11138"}],"version-history":[{"count":0,"href":"https:\/\/petlifeca.ca\/fr\/wp-json\/wp\/v2\/pages\/11138\/revisions"}],"up":[{"embeddable":true,"href":"https:\/\/petlifeca.ca\/fr\/wp-json\/wp\/v2\/pages\/5252"}],"wp:featuredmedia":[{"embeddable":true,"href":"https:\/\/petlifeca.ca\/fr\/wp-json\/wp\/v2\/media\/12768"}],"wp:attachment":[{"href":"https:\/\/petlifeca.ca\/fr\/wp-json\/wp\/v2\/media?parent=11138"}],"wp:term":[{"taxonomy":"category","embeddable":true,"href":"https:\/\/petlifeca.ca\/fr\/wp-json\/wp\/v2\/categories?post=11138"},{"taxonomy":"post_tag","embeddable":true,"href":"https:\/\/petlifeca.ca\/fr\/wp-json\/wp\/v2\/tags?post=11138"},{"taxonomy":"basic_care","embeddable":true,"href":"https:\/\/petlifeca.ca\/fr\/wp-json\/wp\/v2\/basic_care?post=11138"},{"taxonomy":"conditions","embeddable":true,"href":"https:\/\/petlifeca.ca\/fr\/wp-json\/wp\/v2\/conditions?post=11138"},{"taxonomy":"training_behaviour","embeddable":true,"href":"https:\/\/petlifeca.ca\/fr\/wp-json\/wp\/v2\/training_behaviour?post=11138"},{"taxonomy":"breeds_profiles","embeddable":true,"href":"https:\/\/petlifeca.ca\/fr\/wp-json\/wp\/v2\/breeds_profiles?post=11138"},{"taxonomy":"exercise_activities","embeddable":true,"href":"https:\/\/petlifeca.ca\/fr\/wp-json\/wp\/v2\/exercise_activities?post=11138"},{"taxonomy":"nutrition_diet","embeddable":true,"href":"https:\/\/petlifeca.ca\/fr\/wp-json\/wp\/v2\/nutrition_diet?post=11138"},{"taxonomy":"travel_relocation","embeddable":true,"href":"https:\/\/petlifeca.ca\/fr\/wp-json\/wp\/v2\/travel_relocation?post=11138"},{"taxonomy":"safety_emergencies","embeddable":true,"href":"https:\/\/petlifeca.ca\/fr\/wp-json\/wp\/v2\/safety_emergencies?post=11138"},{"taxonomy":"lifestyle_more","embeddable":true,"href":"https:\/\/petlifeca.ca\/fr\/wp-json\/wp\/v2\/lifestyle_more?post=11138"},{"taxonomy":"toolkits","embeddable":true,"href":"https:\/\/petlifeca.ca\/fr\/wp-json\/wp\/v2\/toolkits?post=11138"},{"taxonomy":"pet","embeddable":true,"href":"https:\/\/petlifeca.ca\/fr\/wp-json\/wp\/v2\/pet?post=11138"}],"curies":[{"name":"wp","href":"https:\/\/api.w.org\/{rel}","templated":true}]}}