{"id":14369,"date":"2020-01-12T05:43:33","date_gmt":"2020-01-12T05:43:33","guid":{"rendered":"https:\/\/petlifeca.ca\/fr\/?page_id=14369"},"modified":"2020-01-12T05:45:10","modified_gmt":"2020-01-12T05:45:10","slug":"caremitou-un-veterinaire-a-domicile-pour-les-chats","status":"publish","type":"page","link":"https:\/\/petlifeca.ca\/fr\/nouvelles-sur-animaux-domestiques\/caremitou-un-veterinaire-a-domicile-pour-les-chats\/","title":{"rendered":"Caremitou, Un V\u00e9t\u00e9rinaire \u00c0 Domicile Pour Les Chats"},"content":{"rendered":"\t\t<div data-elementor-type=\"wp-post\" data-elementor-id=\"14369\" class=\"elementor elementor-14369\" data-elementor-post-type=\"page\">\n\t\t\t\t\t\t<section class=\"elementor-section elementor-inner-section elementor-element elementor-element-7e1b30a elementor-section-boxed elementor-section-height-default elementor-section-height-default\" data-id=\"7e1b30a\" data-element_type=\"section\" data-e-type=\"section\">\n\t\t\t\t\t\t<div class=\"elementor-container elementor-column-gap-no\">\n\t\t\t\t\t<div class=\"elementor-column elementor-col-100 elementor-inner-column elementor-element elementor-element-09337ce\" data-id=\"09337ce\" data-element_type=\"column\" data-e-type=\"column\">\n\t\t\t<div class=\"elementor-widget-wrap elementor-element-populated\">\n\t\t\t\t\t\t<div class=\"elementor-element elementor-element-6c17363 elementor-widget elementor-widget-shortcode\" data-id=\"6c17363\" data-element_type=\"widget\" data-e-type=\"widget\" data-widget_type=\"shortcode.default\">\n\t\t\t\t<div class=\"elementor-widget-container\">\n\t\t\t\t\t\t\t<div class=\"elementor-shortcode\">\t\t<div data-elementor-type=\"wp-post\" data-elementor-id=\"1007\" class=\"elementor elementor-1007\" data-elementor-post-type=\"oceanwp_library\">\n\t\t\t\t\t\t<section class=\"elementor-section elementor-inner-section elementor-element elementor-element-1889dd1 elementor-section-full_width elementor-section-height-default elementor-section-height-default\" data-id=\"1889dd1\" data-element_type=\"section\" data-e-type=\"section\">\n\t\t\t\t\t\t<div class=\"elementor-container elementor-column-gap-no\">\n\t\t\t\t\t<div class=\"elementor-column elementor-col-100 elementor-inner-column elementor-element elementor-element-c692dc2\" data-id=\"c692dc2\" data-element_type=\"column\" data-e-type=\"column\">\n\t\t\t<div class=\"elementor-widget-wrap elementor-element-populated\">\n\t\t\t\t\t\t<div class=\"elementor-element elementor-element-2451c9f classname elementor-widget elementor-widget-button\" data-id=\"2451c9f\" data-element_type=\"widget\" data-e-type=\"widget\" data-widget_type=\"button.default\">\n\t\t\t\t<div class=\"elementor-widget-container\">\n\t\t\t\t\t\t\t\t\t<div class=\"elementor-button-wrapper\">\n\t\t\t\t\t<a class=\"elementor-button elementor-button-link elementor-size-sm\" href=\"\">\n\t\t\t\t\t\t<span class=\"elementor-button-content-wrapper\">\n\t\t\t\t\t\t\t\t\t<span class=\"elementor-button-text\">&lt;&lt; Retour<\/span>\n\t\t\t\t\t<\/span>\n\t\t\t\t\t<\/a>\n\t\t\t\t<\/div>\n\t\t\t\t\t\t\t\t<\/div>\n\t\t\t\t<\/div>\n\t\t\t\t\t<\/div>\n\t\t<\/div>\n\t\t\t\t\t<\/div>\n\t\t<\/section>\n\t\t\t\t<\/div>\n\t\t<\/div>\n\t\t\t\t\t\t<\/div>\n\t\t\t\t<\/div>\n\t\t\t\t\t<\/div>\n\t\t<\/div>\n\t\t\t\t\t<\/div>\n\t\t<\/section>\n\t\t\t\t<section class=\"elementor-section elementor-inner-section elementor-element elementor-element-e4d4220 elementor-section-boxed elementor-section-height-default elementor-section-height-default\" data-id=\"e4d4220\" data-element_type=\"section\" data-e-type=\"section\">\n\t\t\t\t\t\t<div class=\"elementor-container elementor-column-gap-no\">\n\t\t\t\t\t<div class=\"elementor-column elementor-col-100 elementor-inner-column elementor-element elementor-element-9f9ce94\" data-id=\"9f9ce94\" data-element_type=\"column\" data-e-type=\"column\">\n\t\t\t<div class=\"elementor-widget-wrap elementor-element-populated\">\n\t\t\t\t\t\t<div class=\"elementor-element elementor-element-d5b3615 elementor-widget elementor-widget-text-editor\" data-id=\"d5b3615\" data-element_type=\"widget\" data-e-type=\"widget\" data-widget_type=\"text-editor.default\">\n\t\t\t\t<div class=\"elementor-widget-container\">\n\t\t\t\t\t\t\t\t\t<h1 class=\"headline pt-0 pb-2 my-0 font-weight-bold\"><span style=\"color: #171b4b;\">CAREMITOU, UN V\u00c9T\u00c9RINAIRE \u00c0 DOMICILE POUR LES CHATS<\/span><\/h1>\t\t\t\t\t\t\t\t<\/div>\n\t\t\t\t<\/div>\n\t\t\t\t<div class=\"elementor-element elementor-element-592b2db elementor-widget elementor-widget-text-editor\" data-id=\"592b2db\" data-element_type=\"widget\" data-e-type=\"widget\" data-widget_type=\"text-editor.default\">\n\t\t\t\t<div class=\"elementor-widget-container\">\n\t\t\t\t\t\t\t\t\t<p><strong>La source: <\/strong>lefigaro.fr (extrait)<br \/><strong>Publi\u00e9: <\/strong>6 janvier 2020<\/p>\t\t\t\t\t\t\t\t<\/div>\n\t\t\t\t<\/div>\n\t\t\t\t<div class=\"elementor-element elementor-element-8b05770 elementor-widget elementor-widget-text-editor\" data-id=\"8b05770\" data-element_type=\"widget\" data-e-type=\"widget\" data-widget_type=\"text-editor.default\">\n\t\t\t\t<div class=\"elementor-widget-container\">\n\t\t\t\t\t\t\t\t\t<p><strong>CES 2020 &#8211; Avec sa liti\u00e8re connect\u00e9e, la start-up facilite le suivi m\u00e9dical des matous.<\/strong><\/p><p>Les objets connect\u00e9s pour animaux ont toujours le vent en poupe au CES de Las Vegas. Mais ils sont de plus en plus perfectionn\u00e9s. Apr\u00e8s une premi\u00e8re g\u00e9n\u00e9ration de capteurs destin\u00e9s \u00e0 retrouver son animal de compagnie et \u00e9ventuellement, \u00e0 suivre son activit\u00e9 physique, le diagnostic m\u00e9dical \u00e0 distance fait son apparition. Le montpelli\u00e9rain Caremitou en est l\u2019illustration avec sa maison m\u00e9dicalis\u00e9e pour chat.<\/p><p>Apr\u00e8s trente ann\u00e9es pass\u00e9es dans l\u2019univers du biom\u00e9dical, Philippe Daurenjou, cofondateur de Caremitou a d\u00e9cid\u00e9 de lancer sa start-up. \u00ab<em>En 2017, je me suis demand\u00e9 ce qu\u2019on pouvait amener au plus proche des chats et des chiens au quotidien pour am\u00e9liorer les diagnostics des v\u00e9t\u00e9rinaires\u00bb,<\/em>\u00a0raconte-t-il<em>.<\/em>\u00a0Il d\u00e9cide finalement de se concentrer sur les chats et d\u2019utiliser un endroit par lequel les chats passent r\u00e9guli\u00e8rement: leur liti\u00e8re. \u00ab<em>Les chats sont une esp\u00e8ce peu m\u00e9dicalis\u00e9e et qui est difficile \u00e0 suivre m\u00e9dicalement. Les d\u00e9placements les stressent, ce qui peut fausser les analyses m\u00e9dicales<\/em>\u00bb, ajoute Philippe Daurenjour. Au-del\u00e0 des brevets qu\u2019il a d\u00e9pos\u00e9s, il s\u2019appuie sur des collaborations avec des \u00e9coles v\u00e9t\u00e9rinaires, dont celle de Toulouse pour mettre au point sa solution.<\/p><p><strong>Relev\u00e9 des param\u00e8tres biologiques<\/strong><\/p><p>La BOX Caremitou permet de relever quotidiennement des param\u00e8tres biologiques du chat. Une notification est envoy\u00e9e au propri\u00e9taire de l\u2019animal uniquement si quelque chose d\u2019anormal est d\u00e9tect\u00e9. Caremitou mesure la pr\u00e9sence du petit f\u00e9lin (trop ou pas assez de passages sont d\u00e9j\u00e0 une indication), son poids \u00e0 l\u2019entr\u00e9e et \u00e0 la sortie. Il est aussi capable d\u2019identifier chaque matou quand il y en a plusieurs dans le foyer. A cela s\u2019ajoute un relev\u00e9 de temp\u00e9rature quand le compagnon \u00e0 quatre pattes est \u00e9quip\u00e9 d\u2019une puce permettant de le faire. \u00ab<em>Nous avons rendu les capteurs discrets, invisibles pour l\u2019animal<\/em>\u00bb, explique Philippe Daurenjou. A la BOX s\u2019ajoute un bo\u00eetier nettoyable, le PAD, pour si besoin r\u00e9cup\u00e9rer les urines de la bestiole. Ces relev\u00e9s servent \u00e0 d\u00e9pister un diab\u00e8te, une insuffisance r\u00e9nale ou des probl\u00e8mes h\u00e9patiques. \u00ab<em>Cela permet d\u2019avoir un \u00e9chantillon d\u2019urine \u00e0 disposition pour aller chez le v\u00e9t\u00e9rinaire, c\u2019est plus simple pour faire des analyses urinaires en \u00e9vitant le stress du d\u00e9placement pour l\u2019animal<\/em>\u00bb, pr\u00e9cise Philippe Daurenjou. Les informations peuvent \u00eatre envoy\u00e9es au v\u00e9t\u00e9rinaire via l\u2019application et si besoin il peut faire des analyses compl\u00e9mentaires \u00e0 son cabinet. la fr\u00e9quence de ces relev\u00e9s d\u00e9pend de l\u2019\u00e2ge du chat, de son \u00e9tat de sant\u00e9. Ce peut \u00eatre une fois par an pour un jeune chat, toutes les semaines s\u2019il est plus \u00e2g\u00e9 ou souffrant, par exemple.<\/p><p><strong>Vendu \u00e0 partir d\u2019avril<\/strong><\/p><p>Caremitou, qui a re\u00e7u un CES Award, est pr\u00e9sent\u00e9 au CES. Le produit sera disponible \u00e0 la vente \u00e0 partir d\u2019avril 2020 dans les cliniques v\u00e9t\u00e9rinaires. Il sera vendu aux alentours de 300 euros. L\u2019\u00e9quipement est fabriqu\u00e9 en r\u00e9gion Occitanie, \u00e0 c\u00f4t\u00e9 de Montpellier. \u00ab<em>On arrive \u00e0 faire du franco-fran\u00e7ais, avec des mat\u00e9riaux reconditionnables et reconditionn\u00e9s<\/em>\u00bb, se r\u00e9jouit Philipe Daurenjou, qui r\u00e9fl\u00e9chit aussi \u00e0 un packaging qui soit r\u00e9utilisable, comme un sac rigide. Aujourd\u2019hui la start-up compte trois salari\u00e9s, mais elle va devoir recruter des comp\u00e9tences. Jusqu\u2019\u00e0 pr\u00e9sent, son d\u00e9veloppement a \u00e9t\u00e9 fait sur fonds propres, avec l\u2019appui d\u2019un Business Angel r\u00e9gional et des dipositif sde la r\u00e9gion, de Bpifrance et d\u2019accompagnements bancaires pour financier la production.<\/p>\t\t\t\t\t\t\t\t<\/div>\n\t\t\t\t<\/div>\n\t\t\t\t<div class=\"elementor-element elementor-element-7facef5 elementor-widget elementor-widget-spacer\" data-id=\"7facef5\" data-element_type=\"widget\" data-e-type=\"widget\" data-widget_type=\"spacer.default\">\n\t\t\t\t<div class=\"elementor-widget-container\">\n\t\t\t\t\t\t\t<div class=\"elementor-spacer\">\n\t\t\t<div class=\"elementor-spacer-inner\"><\/div>\n\t\t<\/div>\n\t\t\t\t\t\t<\/div>\n\t\t\t\t<\/div>\n\t\t\t\t\t<\/div>\n\t\t<\/div>\n\t\t\t\t\t<\/div>\n\t\t<\/section>\n\t\t\t\t<\/div>\n\t\t","protected":false},"excerpt":{"rendered":"<p>Les objets connect\u00e9s pour animaux ont toujours le vent en poupe au CES de Las Vegas. Mais ils sont de plus en plus perfectionn\u00e9s.  [&#8230;]<\/p>\n","protected":false},"author":1,"featured_media":12768,"parent":5252,"menu_order":0,"comment_status":"closed","ping_status":"closed","template":"elementor_header_footer","meta":{"_exactmetrics_skip_tracking":false,"_exactmetrics_sitenote_active":false,"_exactmetrics_sitenote_note":"","_exactmetrics_sitenote_category":0,"ocean_post_layout":"","ocean_both_sidebars_style":"","ocean_both_sidebars_content_width":0,"ocean_both_sidebars_sidebars_width":0,"ocean_sidebar":"0","ocean_second_sidebar":"0","ocean_disable_margins":"enable","ocean_add_body_class":"","ocean_shortcode_before_top_bar":"","ocean_shortcode_after_top_bar":"","ocean_shortcode_before_header":"","ocean_shortcode_after_header":"","ocean_has_shortcode":"","ocean_shortcode_after_title":"","ocean_shortcode_before_footer_widgets":"","ocean_shortcode_after_footer_widgets":"","ocean_shortcode_before_footer_bottom":"","ocean_shortcode_after_footer_bottom":"","ocean_display_top_bar":"default","ocean_display_header":"default","ocean_header_style":"","ocean_center_header_left_menu":"0","ocean_custom_header_template":"0","ocean_custom_logo":0,"ocean_custom_retina_logo":0,"ocean_custom_logo_max_width":0,"ocean_custom_logo_tablet_max_width":0,"ocean_custom_logo_mobile_max_width":0,"ocean_custom_logo_max_height":0,"ocean_custom_logo_tablet_max_height":0,"ocean_custom_logo_mobile_max_height":0,"ocean_header_custom_menu":"0","ocean_menu_typo_font_family":"0","ocean_menu_typo_font_subset":"","ocean_menu_typo_font_size":0,"ocean_menu_typo_font_size_tablet":0,"ocean_menu_typo_font_size_mobile":0,"ocean_menu_typo_font_size_unit":"px","ocean_menu_typo_font_weight":"","ocean_menu_typo_font_weight_tablet":"","ocean_menu_typo_font_weight_mobile":"","ocean_menu_typo_transform":"","ocean_menu_typo_transform_tablet":"","ocean_menu_typo_transform_mobile":"","ocean_menu_typo_line_height":0,"ocean_menu_typo_line_height_tablet":0,"ocean_menu_typo_line_height_mobile":0,"ocean_menu_typo_line_height_unit":"","ocean_menu_typo_spacing":0,"ocean_menu_typo_spacing_tablet":0,"ocean_menu_typo_spacing_mobile":0,"ocean_menu_typo_spacing_unit":"","ocean_menu_link_color":"","ocean_menu_link_color_hover":"","ocean_menu_link_color_active":"","ocean_menu_link_background":"","ocean_menu_link_hover_background":"","ocean_menu_link_active_background":"","ocean_menu_social_links_bg":"","ocean_menu_social_hover_links_bg":"","ocean_menu_social_links_color":"","ocean_menu_social_hover_links_color":"","ocean_disable_title":"on","ocean_disable_heading":"default","ocean_post_title":"","ocean_post_subheading":"","ocean_post_title_style":"","ocean_post_title_background_color":"","ocean_post_title_background":0,"ocean_post_title_bg_image_position":"","ocean_post_title_bg_image_attachment":"","ocean_post_title_bg_image_repeat":"","ocean_post_title_bg_image_size":"","ocean_post_title_height":0,"ocean_post_title_bg_overlay":0.5,"ocean_post_title_bg_overlay_color":"","ocean_disable_breadcrumbs":"default","ocean_breadcrumbs_color":"","ocean_breadcrumbs_separator_color":"","ocean_breadcrumbs_links_color":"","ocean_breadcrumbs_links_hover_color":"","ocean_display_footer_widgets":"default","ocean_display_footer_bottom":"default","ocean_custom_footer_template":"0","footnotes":""},"categories":[1],"tags":[],"basic_care":[],"conditions":[],"training_behaviour":[],"breeds_profiles":[],"exercise_activities":[],"nutrition_diet":[],"travel_relocation":[],"safety_emergencies":[],"lifestyle_more":[],"toolkits":[],"pet":[],"class_list":["post-14369","page","type-page","status-publish","has-post-thumbnail","hentry","category-uncategorized","entry","has-media"],"yoast_head":"<!-- This site is optimized with the Yoast SEO plugin v27.3 - https:\/\/yoast.com\/product\/yoast-seo-wordpress\/ -->\n<title>Caremitou, Un V\u00e9t\u00e9rinaire \u00c0 Domicile Pour Les Chats - PetlifeCA<\/title>\n<meta name=\"robots\" content=\"index, follow, max-snippet:-1, max-image-preview:large, max-video-preview:-1\" \/>\n<link rel=\"canonical\" href=\"https:\/\/petlifeca.ca\/fr\/nouvelles-sur-animaux-domestiques\/caremitou-un-veterinaire-a-domicile-pour-les-chats\/\" \/>\n<meta property=\"og:locale\" content=\"fr_CA\" \/>\n<meta property=\"og:type\" content=\"article\" \/>\n<meta property=\"og:title\" content=\"Caremitou, Un V\u00e9t\u00e9rinaire \u00c0 Domicile Pour Les Chats - PetlifeCA\" \/>\n<meta property=\"og:description\" content=\"Les objets connect\u00e9s pour animaux ont toujours le vent en poupe au CES de Las Vegas. Mais ils sont de plus en plus perfectionn\u00e9s. [...]\" \/>\n<meta property=\"og:url\" content=\"https:\/\/petlifeca.ca\/fr\/nouvelles-sur-animaux-domestiques\/caremitou-un-veterinaire-a-domicile-pour-les-chats\/\" \/>\n<meta property=\"og:site_name\" content=\"PetlifeCA\" \/>\n<meta property=\"article:modified_time\" content=\"2020-01-12T05:45:10+00:00\" \/>\n<meta property=\"og:image\" content=\"https:\/\/petlifeca.ca\/fr\/wp-content\/uploads\/2019\/11\/petlifeca-news-icon-FA.jpg\" \/>\n\t<meta property=\"og:image:width\" content=\"1024\" \/>\n\t<meta property=\"og:image:height\" content=\"1024\" \/>\n\t<meta property=\"og:image:type\" content=\"image\/jpeg\" \/>\n<meta name=\"twitter:card\" content=\"summary_large_image\" \/>\n<meta name=\"twitter:label1\" content=\"Estimation du temps de lecture\" \/>\n\t<meta name=\"twitter:data1\" content=\"3 minutes\" \/>\n<script type=\"application\/ld+json\" class=\"yoast-schema-graph\">{\"@context\":\"https:\\\/\\\/schema.org\",\"@graph\":[{\"@type\":\"WebPage\",\"@id\":\"https:\\\/\\\/petlifeca.ca\\\/fr\\\/nouvelles-sur-animaux-domestiques\\\/caremitou-un-veterinaire-a-domicile-pour-les-chats\\\/\",\"url\":\"https:\\\/\\\/petlifeca.ca\\\/fr\\\/nouvelles-sur-animaux-domestiques\\\/caremitou-un-veterinaire-a-domicile-pour-les-chats\\\/\",\"name\":\"Caremitou, Un V\u00e9t\u00e9rinaire \u00c0 Domicile Pour Les Chats - PetlifeCA\",\"isPartOf\":{\"@id\":\"https:\\\/\\\/petlifeca.ca\\\/fr\\\/#website\"},\"primaryImageOfPage\":{\"@id\":\"https:\\\/\\\/petlifeca.ca\\\/fr\\\/nouvelles-sur-animaux-domestiques\\\/caremitou-un-veterinaire-a-domicile-pour-les-chats\\\/#primaryimage\"},\"image\":{\"@id\":\"https:\\\/\\\/petlifeca.ca\\\/fr\\\/nouvelles-sur-animaux-domestiques\\\/caremitou-un-veterinaire-a-domicile-pour-les-chats\\\/#primaryimage\"},\"thumbnailUrl\":\"https:\\\/\\\/petlifeca.ca\\\/fr\\\/wp-content\\\/uploads\\\/2019\\\/11\\\/petlifeca-news-icon-FA.jpg\",\"datePublished\":\"2020-01-12T05:43:33+00:00\",\"dateModified\":\"2020-01-12T05:45:10+00:00\",\"breadcrumb\":{\"@id\":\"https:\\\/\\\/petlifeca.ca\\\/fr\\\/nouvelles-sur-animaux-domestiques\\\/caremitou-un-veterinaire-a-domicile-pour-les-chats\\\/#breadcrumb\"},\"inLanguage\":\"fr-CA\",\"potentialAction\":[{\"@type\":\"ReadAction\",\"target\":[\"https:\\\/\\\/petlifeca.ca\\\/fr\\\/nouvelles-sur-animaux-domestiques\\\/caremitou-un-veterinaire-a-domicile-pour-les-chats\\\/\"]}]},{\"@type\":\"ImageObject\",\"inLanguage\":\"fr-CA\",\"@id\":\"https:\\\/\\\/petlifeca.ca\\\/fr\\\/nouvelles-sur-animaux-domestiques\\\/caremitou-un-veterinaire-a-domicile-pour-les-chats\\\/#primaryimage\",\"url\":\"https:\\\/\\\/petlifeca.ca\\\/fr\\\/wp-content\\\/uploads\\\/2019\\\/11\\\/petlifeca-news-icon-FA.jpg\",\"contentUrl\":\"https:\\\/\\\/petlifeca.ca\\\/fr\\\/wp-content\\\/uploads\\\/2019\\\/11\\\/petlifeca-news-icon-FA.jpg\",\"width\":1024,\"height\":1024},{\"@type\":\"BreadcrumbList\",\"@id\":\"https:\\\/\\\/petlifeca.ca\\\/fr\\\/nouvelles-sur-animaux-domestiques\\\/caremitou-un-veterinaire-a-domicile-pour-les-chats\\\/#breadcrumb\",\"itemListElement\":[{\"@type\":\"ListItem\",\"position\":1,\"name\":\"Home\",\"item\":\"https:\\\/\\\/petlifeca.ca\\\/fr\\\/\"},{\"@type\":\"ListItem\",\"position\":2,\"name\":\"Nouvelles Sur Animaux Domestiques\",\"item\":\"https:\\\/\\\/petlifeca.ca\\\/fr\\\/nouvelles-sur-animaux-domestiques\\\/\"},{\"@type\":\"ListItem\",\"position\":3,\"name\":\"Caremitou, Un V\u00e9t\u00e9rinaire \u00c0 Domicile Pour Les Chats\"}]},{\"@type\":\"WebSite\",\"@id\":\"https:\\\/\\\/petlifeca.ca\\\/fr\\\/#website\",\"url\":\"https:\\\/\\\/petlifeca.ca\\\/fr\\\/\",\"name\":\"PetlifeCA\",\"description\":\"Une communaut\u00e9 canadienne pour les amoureux des chiens et des chats\",\"potentialAction\":[{\"@type\":\"SearchAction\",\"target\":{\"@type\":\"EntryPoint\",\"urlTemplate\":\"https:\\\/\\\/petlifeca.ca\\\/fr\\\/?s={search_term_string}\"},\"query-input\":{\"@type\":\"PropertyValueSpecification\",\"valueRequired\":true,\"valueName\":\"search_term_string\"}}],\"inLanguage\":\"fr-CA\"}]}<\/script>\n<!-- \/ Yoast SEO plugin. -->","yoast_head_json":{"title":"Caremitou, Un V\u00e9t\u00e9rinaire \u00c0 Domicile Pour Les Chats - PetlifeCA","robots":{"index":"index","follow":"follow","max-snippet":"max-snippet:-1","max-image-preview":"max-image-preview:large","max-video-preview":"max-video-preview:-1"},"canonical":"https:\/\/petlifeca.ca\/fr\/nouvelles-sur-animaux-domestiques\/caremitou-un-veterinaire-a-domicile-pour-les-chats\/","og_locale":"fr_CA","og_type":"article","og_title":"Caremitou, Un V\u00e9t\u00e9rinaire \u00c0 Domicile Pour Les Chats - PetlifeCA","og_description":"Les objets connect\u00e9s pour animaux ont toujours le vent en poupe au CES de Las Vegas. Mais ils sont de plus en plus perfectionn\u00e9s. [...]","og_url":"https:\/\/petlifeca.ca\/fr\/nouvelles-sur-animaux-domestiques\/caremitou-un-veterinaire-a-domicile-pour-les-chats\/","og_site_name":"PetlifeCA","article_modified_time":"2020-01-12T05:45:10+00:00","og_image":[{"width":1024,"height":1024,"url":"https:\/\/petlifeca.ca\/fr\/wp-content\/uploads\/2019\/11\/petlifeca-news-icon-FA.jpg","type":"image\/jpeg"}],"twitter_card":"summary_large_image","twitter_misc":{"Estimation du temps de lecture":"3 minutes"},"schema":{"@context":"https:\/\/schema.org","@graph":[{"@type":"WebPage","@id":"https:\/\/petlifeca.ca\/fr\/nouvelles-sur-animaux-domestiques\/caremitou-un-veterinaire-a-domicile-pour-les-chats\/","url":"https:\/\/petlifeca.ca\/fr\/nouvelles-sur-animaux-domestiques\/caremitou-un-veterinaire-a-domicile-pour-les-chats\/","name":"Caremitou, Un V\u00e9t\u00e9rinaire \u00c0 Domicile Pour Les Chats - PetlifeCA","isPartOf":{"@id":"https:\/\/petlifeca.ca\/fr\/#website"},"primaryImageOfPage":{"@id":"https:\/\/petlifeca.ca\/fr\/nouvelles-sur-animaux-domestiques\/caremitou-un-veterinaire-a-domicile-pour-les-chats\/#primaryimage"},"image":{"@id":"https:\/\/petlifeca.ca\/fr\/nouvelles-sur-animaux-domestiques\/caremitou-un-veterinaire-a-domicile-pour-les-chats\/#primaryimage"},"thumbnailUrl":"https:\/\/petlifeca.ca\/fr\/wp-content\/uploads\/2019\/11\/petlifeca-news-icon-FA.jpg","datePublished":"2020-01-12T05:43:33+00:00","dateModified":"2020-01-12T05:45:10+00:00","breadcrumb":{"@id":"https:\/\/petlifeca.ca\/fr\/nouvelles-sur-animaux-domestiques\/caremitou-un-veterinaire-a-domicile-pour-les-chats\/#breadcrumb"},"inLanguage":"fr-CA","potentialAction":[{"@type":"ReadAction","target":["https:\/\/petlifeca.ca\/fr\/nouvelles-sur-animaux-domestiques\/caremitou-un-veterinaire-a-domicile-pour-les-chats\/"]}]},{"@type":"ImageObject","inLanguage":"fr-CA","@id":"https:\/\/petlifeca.ca\/fr\/nouvelles-sur-animaux-domestiques\/caremitou-un-veterinaire-a-domicile-pour-les-chats\/#primaryimage","url":"https:\/\/petlifeca.ca\/fr\/wp-content\/uploads\/2019\/11\/petlifeca-news-icon-FA.jpg","contentUrl":"https:\/\/petlifeca.ca\/fr\/wp-content\/uploads\/2019\/11\/petlifeca-news-icon-FA.jpg","width":1024,"height":1024},{"@type":"BreadcrumbList","@id":"https:\/\/petlifeca.ca\/fr\/nouvelles-sur-animaux-domestiques\/caremitou-un-veterinaire-a-domicile-pour-les-chats\/#breadcrumb","itemListElement":[{"@type":"ListItem","position":1,"name":"Home","item":"https:\/\/petlifeca.ca\/fr\/"},{"@type":"ListItem","position":2,"name":"Nouvelles Sur Animaux Domestiques","item":"https:\/\/petlifeca.ca\/fr\/nouvelles-sur-animaux-domestiques\/"},{"@type":"ListItem","position":3,"name":"Caremitou, Un V\u00e9t\u00e9rinaire \u00c0 Domicile Pour Les Chats"}]},{"@type":"WebSite","@id":"https:\/\/petlifeca.ca\/fr\/#website","url":"https:\/\/petlifeca.ca\/fr\/","name":"PetlifeCA","description":"Une communaut\u00e9 canadienne pour les amoureux des chiens et des chats","potentialAction":[{"@type":"SearchAction","target":{"@type":"EntryPoint","urlTemplate":"https:\/\/petlifeca.ca\/fr\/?s={search_term_string}"},"query-input":{"@type":"PropertyValueSpecification","valueRequired":true,"valueName":"search_term_string"}}],"inLanguage":"fr-CA"}]}},"_links":{"self":[{"href":"https:\/\/petlifeca.ca\/fr\/wp-json\/wp\/v2\/pages\/14369","targetHints":{"allow":["GET"]}}],"collection":[{"href":"https:\/\/petlifeca.ca\/fr\/wp-json\/wp\/v2\/pages"}],"about":[{"href":"https:\/\/petlifeca.ca\/fr\/wp-json\/wp\/v2\/types\/page"}],"author":[{"embeddable":true,"href":"https:\/\/petlifeca.ca\/fr\/wp-json\/wp\/v2\/users\/1"}],"replies":[{"embeddable":true,"href":"https:\/\/petlifeca.ca\/fr\/wp-json\/wp\/v2\/comments?post=14369"}],"version-history":[{"count":0,"href":"https:\/\/petlifeca.ca\/fr\/wp-json\/wp\/v2\/pages\/14369\/revisions"}],"up":[{"embeddable":true,"href":"https:\/\/petlifeca.ca\/fr\/wp-json\/wp\/v2\/pages\/5252"}],"wp:featuredmedia":[{"embeddable":true,"href":"https:\/\/petlifeca.ca\/fr\/wp-json\/wp\/v2\/media\/12768"}],"wp:attachment":[{"href":"https:\/\/petlifeca.ca\/fr\/wp-json\/wp\/v2\/media?parent=14369"}],"wp:term":[{"taxonomy":"category","embeddable":true,"href":"https:\/\/petlifeca.ca\/fr\/wp-json\/wp\/v2\/categories?post=14369"},{"taxonomy":"post_tag","embeddable":true,"href":"https:\/\/petlifeca.ca\/fr\/wp-json\/wp\/v2\/tags?post=14369"},{"taxonomy":"basic_care","embeddable":true,"href":"https:\/\/petlifeca.ca\/fr\/wp-json\/wp\/v2\/basic_care?post=14369"},{"taxonomy":"conditions","embeddable":true,"href":"https:\/\/petlifeca.ca\/fr\/wp-json\/wp\/v2\/conditions?post=14369"},{"taxonomy":"training_behaviour","embeddable":true,"href":"https:\/\/petlifeca.ca\/fr\/wp-json\/wp\/v2\/training_behaviour?post=14369"},{"taxonomy":"breeds_profiles","embeddable":true,"href":"https:\/\/petlifeca.ca\/fr\/wp-json\/wp\/v2\/breeds_profiles?post=14369"},{"taxonomy":"exercise_activities","embeddable":true,"href":"https:\/\/petlifeca.ca\/fr\/wp-json\/wp\/v2\/exercise_activities?post=14369"},{"taxonomy":"nutrition_diet","embeddable":true,"href":"https:\/\/petlifeca.ca\/fr\/wp-json\/wp\/v2\/nutrition_diet?post=14369"},{"taxonomy":"travel_relocation","embeddable":true,"href":"https:\/\/petlifeca.ca\/fr\/wp-json\/wp\/v2\/travel_relocation?post=14369"},{"taxonomy":"safety_emergencies","embeddable":true,"href":"https:\/\/petlifeca.ca\/fr\/wp-json\/wp\/v2\/safety_emergencies?post=14369"},{"taxonomy":"lifestyle_more","embeddable":true,"href":"https:\/\/petlifeca.ca\/fr\/wp-json\/wp\/v2\/lifestyle_more?post=14369"},{"taxonomy":"toolkits","embeddable":true,"href":"https:\/\/petlifeca.ca\/fr\/wp-json\/wp\/v2\/toolkits?post=14369"},{"taxonomy":"pet","embeddable":true,"href":"https:\/\/petlifeca.ca\/fr\/wp-json\/wp\/v2\/pet?post=14369"}],"curies":[{"name":"wp","href":"https:\/\/api.w.org\/{rel}","templated":true}]}}