{"id":14892,"date":"2020-01-20T06:54:58","date_gmt":"2020-01-20T06:54:58","guid":{"rendered":"https:\/\/petlifeca.ca\/fr\/?page_id=14892"},"modified":"2020-01-20T07:05:20","modified_gmt":"2020-01-20T07:05:20","slug":"avec-lextraordinaire-voyage-de-marona-anca-damian-compose-une-melodie-du-bonheur-a-hauteur-de-chien","status":"publish","type":"page","link":"https:\/\/petlifeca.ca\/fr\/nouvelles-sur-animaux-domestiques\/avec-lextraordinaire-voyage-de-marona-anca-damian-compose-une-melodie-du-bonheur-a-hauteur-de-chien\/","title":{"rendered":"Avec \u00abL\u2019extraordinaire Voyage De Marona\u00bb, Anca Damian Compose Une M\u00e9lodie Du Bonheur \u00c0 Hauteur De Chien"},"content":{"rendered":"\t\t<div data-elementor-type=\"wp-post\" data-elementor-id=\"14892\" class=\"elementor elementor-14892\" data-elementor-post-type=\"page\">\n\t\t\t\t\t\t<section class=\"elementor-section elementor-inner-section elementor-element elementor-element-7e1b30a elementor-section-boxed elementor-section-height-default elementor-section-height-default\" data-id=\"7e1b30a\" data-element_type=\"section\" data-e-type=\"section\">\n\t\t\t\t\t\t<div class=\"elementor-container elementor-column-gap-no\">\n\t\t\t\t\t<div class=\"elementor-column elementor-col-100 elementor-inner-column elementor-element elementor-element-09337ce\" data-id=\"09337ce\" data-element_type=\"column\" data-e-type=\"column\">\n\t\t\t<div class=\"elementor-widget-wrap elementor-element-populated\">\n\t\t\t\t\t\t<div class=\"elementor-element elementor-element-6c17363 elementor-widget elementor-widget-shortcode\" data-id=\"6c17363\" data-element_type=\"widget\" data-e-type=\"widget\" data-widget_type=\"shortcode.default\">\n\t\t\t\t<div class=\"elementor-widget-container\">\n\t\t\t\t\t\t\t<div class=\"elementor-shortcode\">\t\t<div data-elementor-type=\"wp-post\" data-elementor-id=\"1007\" class=\"elementor elementor-1007\" data-elementor-post-type=\"oceanwp_library\">\n\t\t\t\t\t\t<section class=\"elementor-section elementor-inner-section elementor-element elementor-element-1889dd1 elementor-section-full_width elementor-section-height-default elementor-section-height-default\" data-id=\"1889dd1\" data-element_type=\"section\" data-e-type=\"section\">\n\t\t\t\t\t\t<div class=\"elementor-container elementor-column-gap-no\">\n\t\t\t\t\t<div class=\"elementor-column elementor-col-100 elementor-inner-column elementor-element elementor-element-c692dc2\" data-id=\"c692dc2\" data-element_type=\"column\" data-e-type=\"column\">\n\t\t\t<div class=\"elementor-widget-wrap elementor-element-populated\">\n\t\t\t\t\t\t<div class=\"elementor-element elementor-element-2451c9f classname elementor-widget elementor-widget-button\" data-id=\"2451c9f\" data-element_type=\"widget\" data-e-type=\"widget\" data-widget_type=\"button.default\">\n\t\t\t\t<div class=\"elementor-widget-container\">\n\t\t\t\t\t\t\t\t\t<div class=\"elementor-button-wrapper\">\n\t\t\t\t\t<a class=\"elementor-button elementor-button-link elementor-size-sm\" href=\"\">\n\t\t\t\t\t\t<span class=\"elementor-button-content-wrapper\">\n\t\t\t\t\t\t\t\t\t<span class=\"elementor-button-text\">&lt;&lt; Retour<\/span>\n\t\t\t\t\t<\/span>\n\t\t\t\t\t<\/a>\n\t\t\t\t<\/div>\n\t\t\t\t\t\t\t\t<\/div>\n\t\t\t\t<\/div>\n\t\t\t\t\t<\/div>\n\t\t<\/div>\n\t\t\t\t\t<\/div>\n\t\t<\/section>\n\t\t\t\t<\/div>\n\t\t<\/div>\n\t\t\t\t\t\t<\/div>\n\t\t\t\t<\/div>\n\t\t\t\t\t<\/div>\n\t\t<\/div>\n\t\t\t\t\t<\/div>\n\t\t<\/section>\n\t\t\t\t<section class=\"elementor-section elementor-inner-section elementor-element elementor-element-e4d4220 elementor-section-boxed elementor-section-height-default elementor-section-height-default\" data-id=\"e4d4220\" data-element_type=\"section\" data-e-type=\"section\">\n\t\t\t\t\t\t<div class=\"elementor-container elementor-column-gap-no\">\n\t\t\t\t\t<div class=\"elementor-column elementor-col-100 elementor-inner-column elementor-element elementor-element-9f9ce94\" data-id=\"9f9ce94\" data-element_type=\"column\" data-e-type=\"column\">\n\t\t\t<div class=\"elementor-widget-wrap elementor-element-populated\">\n\t\t\t\t\t\t<div class=\"elementor-element elementor-element-d5b3615 elementor-widget elementor-widget-text-editor\" data-id=\"d5b3615\" data-element_type=\"widget\" data-e-type=\"widget\" data-widget_type=\"text-editor.default\">\n\t\t\t\t<div class=\"elementor-widget-container\">\n\t\t\t\t\t\t\t\t\t<h1 class=\"headline pt-0 pb-2 my-0 font-weight-bold\"><span style=\"color: #171b4b;\">AVEC \u00abL\u2019EXTRAORDINAIRE VOYAGE DE MARONA\u00bb, ANCA DAMIAN COMPOSE UNE M\u00c9LODIE DU BONHEUR \u00c0 HAUTEUR DE CHIEN<\/span><\/h1>\t\t\t\t\t\t\t\t<\/div>\n\t\t\t\t<\/div>\n\t\t\t\t<div class=\"elementor-element elementor-element-592b2db elementor-widget elementor-widget-text-editor\" data-id=\"592b2db\" data-element_type=\"widget\" data-e-type=\"widget\" data-widget_type=\"text-editor.default\">\n\t\t\t\t<div class=\"elementor-widget-container\">\n\t\t\t\t\t\t\t\t\t<p><em><strong>La source: <\/strong>Le Monde (extrait)<\/em><br \/><em><strong>Publi\u00e9: <\/strong>8 janvier 2020<\/em><\/p>\t\t\t\t\t\t\t\t<\/div>\n\t\t\t\t<\/div>\n\t\t\t\t<div class=\"elementor-element elementor-element-8b05770 elementor-widget elementor-widget-text-editor\" data-id=\"8b05770\" data-element_type=\"widget\" data-e-type=\"widget\" data-widget_type=\"text-editor.default\">\n\t\t\t\t<div class=\"elementor-widget-container\">\n\t\t\t\t\t\t\t\t\t<p><strong>Un conte moderne d\u2019une grande po\u00e9sie et plein d\u2019inventions visuelles, qui invite \u00e0 ch\u00e9rir l\u2019amour tant qu\u2019il dure.<\/strong><\/p><p>Bien que sombre \u00e0 ses heures, la vie de chien que conte Anca Damian dans <em>L\u2019Extraordinaire Voyage de Marona<\/em>\u00a0n\u2019a rien de comparable avec les histoires (humainement) dramatiques de ses films d\u2019animation pr\u00e9c\u00e9dents,\u00a0<em>Le Voyage de Monsieur Crulic<\/em>\u00a0(2012) et\u00a0<em>La Montagne magique\u00a0<\/em>(2015). Il est n\u00e9anmoins un point commun qui unit ces trois longs-m\u00e9trages\u00a0: l\u2019irr\u00e9futable talent de la cin\u00e9aste roumaine \u00e0 disposer de son imaginaire pour instruire le r\u00e9el, l\u2019augmenter de traits de g\u00e9nie capables d\u2019en r\u00e9v\u00e9ler la richesse et la somptueuse complexit\u00e9. Les mondes que donne \u00e0 voir Anca Damian nous sont proches, connus. Elle les rend fascinants, par le m\u00e9lange du dessin anim\u00e9 (2D et 3D) et du papier coll\u00e9, la r\u00e9union de divers univers artistiques (fauvisme, cubisme, expressionnisme), la juxtaposition des mati\u00e8res.<\/p><p><em>L\u2019Extraordinaire Voyage de Marona<\/em>\u00a0ouvre un champ visuel qui \u00e9veille tous les sens. A hauteur d\u2019un animal dont le regard, la truffe en c\u0153ur, les oreilles ail\u00e9es nous dirigent\u00a0: une petite chienne que l\u2019on d\u00e9couvre, au d\u00e9but du film, \u00e9cras\u00e9e sur le bitume, au milieu des voitures. Elle reprend vie, au cours d\u2019un long flash-back qui ressuscite ses souvenirs et ses plus belles rencontres. Peu de temps apr\u00e8s sa naissance, s\u00e9par\u00e9e de sa famille, elle est d\u2019abord vendue \u00e0 Manole, un acrobate qui lui attribue le nom d\u2019Ana. L\u2019existence devient alors douce et fantaisiste, souple comme ce ma\u00eetre au corps \u00e9lastique qui l\u2019enroule dans ses bras. Mais le bonheur n\u2019a qu\u2019un temps. Manole se voit proposer un contrat dans un cirque qui n\u2019accepte pas les chiens. Plut\u00f4t que de priver l\u2019acrobate de cette opportunit\u00e9, Ana pr\u00e9f\u00e8re s\u2019enfuir.<\/p><p><strong>Univers singuliers<\/strong><\/p><p>Un autre protecteur se pr\u00e9sentera, Istvan l\u2019ing\u00e9nieur en b\u00e2timent qui choisira de l\u2019appeler Sara. H\u00e9las, sous ce nouveau toit, l\u2019amour retrouv\u00e9 ne r\u00e9sistera pas \u00e0 la violence de la m\u00e8re d\u2019Istvan et les caprices de son \u00e9pouse. Apr\u00e8s une nouvelle errance viendra une autre adoption, gr\u00e2ce \u00e0 Solange, une gamine dont la famille recueillera bon an mal an la cr\u00e9ature \u00e0 poils. Laquelle, rebaptis\u00e9e cette fois (et d\u00e9finitivement) Marona, gagnera sa place aupr\u00e8s de chacun, non sans mal et quelques vilaines p\u00e9rip\u00e9ties. Ce foyer sera le dernier.<\/p><p>A chaque maison correspond un \u00e2ge de la vie (l\u2019enfance, l\u2019adolescence, la maturit\u00e9), un stade d\u2019apprentissage (l\u2019\u00e9veil, l\u2019exp\u00e9rience, la sagesse) et un style graphique propre. Chacun se d\u00e9ployant selon les instruments mis en \u0153uvre par les trois artistes qui les ont orchestr\u00e9s\u00a0: l\u2019auteur de bande dessin\u00e9e belge Brecht Evens, charg\u00e9 du visuel et de la cr\u00e9ation des personnages\u00a0; la Norv\u00e9gienne Gina Thorstensen et l\u2019Italienne Sarah Mazzetti, responsables des d\u00e9cors\u00a0; le compositeur fran\u00e7ais Pablo Pico. Leurs univers singuliers nourrissent le film dont l\u2019unit\u00e9 tient au rappel des couleurs, \u00e0 la coh\u00e9rence des formes et \u00e0 la fluidit\u00e9 du mouvement. M\u00e9lodie d\u2019un bonheur qu\u2019il faut saisir dans l\u2019instant, conte de f\u00e9es moderne sur l\u2019amour qu\u2019il faut ch\u00e9rir,\u00a0<em>L\u2019Extraordinaire Voyage de Marona\u00a0<\/em>nous en met plein la vue, pas tant pour nous \u00e9pater que nous forcer \u00e0 ouvrir grands les yeux sur les r\u00e8gles simples, fondamentales, de l\u2019existence.<\/p>\t\t\t\t\t\t\t\t<\/div>\n\t\t\t\t<\/div>\n\t\t\t\t<div class=\"elementor-element elementor-element-7facef5 elementor-widget elementor-widget-spacer\" data-id=\"7facef5\" data-element_type=\"widget\" data-e-type=\"widget\" data-widget_type=\"spacer.default\">\n\t\t\t\t<div class=\"elementor-widget-container\">\n\t\t\t\t\t\t\t<div class=\"elementor-spacer\">\n\t\t\t<div class=\"elementor-spacer-inner\"><\/div>\n\t\t<\/div>\n\t\t\t\t\t\t<\/div>\n\t\t\t\t<\/div>\n\t\t\t\t\t<\/div>\n\t\t<\/div>\n\t\t\t\t\t<\/div>\n\t\t<\/section>\n\t\t\t\t<\/div>\n\t\t","protected":false},"excerpt":{"rendered":"<p>Un conte moderne d\u2019une grande po\u00e9sie et plein d\u2019inventions visuelles, qui invite \u00e0 ch\u00e9rir l\u2019amour tant qu\u2019il dure. [&#8230;]<\/p>\n","protected":false},"author":1,"featured_media":12768,"parent":5252,"menu_order":0,"comment_status":"closed","ping_status":"closed","template":"elementor_header_footer","meta":{"_exactmetrics_skip_tracking":false,"_exactmetrics_sitenote_active":false,"_exactmetrics_sitenote_note":"","_exactmetrics_sitenote_category":0,"ocean_post_layout":"","ocean_both_sidebars_style":"","ocean_both_sidebars_content_width":0,"ocean_both_sidebars_sidebars_width":0,"ocean_sidebar":"0","ocean_second_sidebar":"0","ocean_disable_margins":"enable","ocean_add_body_class":"","ocean_shortcode_before_top_bar":"","ocean_shortcode_after_top_bar":"","ocean_shortcode_before_header":"","ocean_shortcode_after_header":"","ocean_has_shortcode":"","ocean_shortcode_after_title":"","ocean_shortcode_before_footer_widgets":"","ocean_shortcode_after_footer_widgets":"","ocean_shortcode_before_footer_bottom":"","ocean_shortcode_after_footer_bottom":"","ocean_display_top_bar":"default","ocean_display_header":"default","ocean_header_style":"","ocean_center_header_left_menu":"0","ocean_custom_header_template":"0","ocean_custom_logo":0,"ocean_custom_retina_logo":0,"ocean_custom_logo_max_width":0,"ocean_custom_logo_tablet_max_width":0,"ocean_custom_logo_mobile_max_width":0,"ocean_custom_logo_max_height":0,"ocean_custom_logo_tablet_max_height":0,"ocean_custom_logo_mobile_max_height":0,"ocean_header_custom_menu":"0","ocean_menu_typo_font_family":"0","ocean_menu_typo_font_subset":"","ocean_menu_typo_font_size":0,"ocean_menu_typo_font_size_tablet":0,"ocean_menu_typo_font_size_mobile":0,"ocean_menu_typo_font_size_unit":"px","ocean_menu_typo_font_weight":"","ocean_menu_typo_font_weight_tablet":"","ocean_menu_typo_font_weight_mobile":"","ocean_menu_typo_transform":"","ocean_menu_typo_transform_tablet":"","ocean_menu_typo_transform_mobile":"","ocean_menu_typo_line_height":0,"ocean_menu_typo_line_height_tablet":0,"ocean_menu_typo_line_height_mobile":0,"ocean_menu_typo_line_height_unit":"","ocean_menu_typo_spacing":0,"ocean_menu_typo_spacing_tablet":0,"ocean_menu_typo_spacing_mobile":0,"ocean_menu_typo_spacing_unit":"","ocean_menu_link_color":"","ocean_menu_link_color_hover":"","ocean_menu_link_color_active":"","ocean_menu_link_background":"","ocean_menu_link_hover_background":"","ocean_menu_link_active_background":"","ocean_menu_social_links_bg":"","ocean_menu_social_hover_links_bg":"","ocean_menu_social_links_color":"","ocean_menu_social_hover_links_color":"","ocean_disable_title":"on","ocean_disable_heading":"default","ocean_post_title":"","ocean_post_subheading":"","ocean_post_title_style":"","ocean_post_title_background_color":"","ocean_post_title_background":0,"ocean_post_title_bg_image_position":"","ocean_post_title_bg_image_attachment":"","ocean_post_title_bg_image_repeat":"","ocean_post_title_bg_image_size":"","ocean_post_title_height":0,"ocean_post_title_bg_overlay":0.5,"ocean_post_title_bg_overlay_color":"","ocean_disable_breadcrumbs":"default","ocean_breadcrumbs_color":"","ocean_breadcrumbs_separator_color":"","ocean_breadcrumbs_links_color":"","ocean_breadcrumbs_links_hover_color":"","ocean_display_footer_widgets":"default","ocean_display_footer_bottom":"default","ocean_custom_footer_template":"0","footnotes":""},"categories":[1],"tags":[],"basic_care":[],"conditions":[],"training_behaviour":[],"breeds_profiles":[],"exercise_activities":[],"nutrition_diet":[],"travel_relocation":[],"safety_emergencies":[],"lifestyle_more":[],"toolkits":[],"pet":[],"class_list":["post-14892","page","type-page","status-publish","has-post-thumbnail","hentry","category-uncategorized","entry","has-media"],"yoast_head":"<!-- This site is optimized with the Yoast SEO plugin v27.3 - https:\/\/yoast.com\/product\/yoast-seo-wordpress\/ -->\n<title>Avec \u00abL\u2019extraordinaire Voyage De Marona\u00bb, Anca Damian Compose Une M\u00e9lodie Du Bonheur \u00c0 Hauteur De Chien - PetlifeCA<\/title>\n<meta name=\"robots\" content=\"index, follow, max-snippet:-1, max-image-preview:large, max-video-preview:-1\" \/>\n<link rel=\"canonical\" href=\"https:\/\/petlifeca.ca\/fr\/nouvelles-sur-animaux-domestiques\/avec-lextraordinaire-voyage-de-marona-anca-damian-compose-une-melodie-du-bonheur-a-hauteur-de-chien\/\" \/>\n<meta property=\"og:locale\" content=\"fr_CA\" \/>\n<meta property=\"og:type\" content=\"article\" \/>\n<meta property=\"og:title\" content=\"Avec \u00abL\u2019extraordinaire Voyage De Marona\u00bb, Anca Damian Compose Une M\u00e9lodie Du Bonheur \u00c0 Hauteur De Chien - PetlifeCA\" \/>\n<meta property=\"og:description\" content=\"Un conte moderne d\u2019une grande po\u00e9sie et plein d\u2019inventions visuelles, qui invite \u00e0 ch\u00e9rir l\u2019amour tant qu\u2019il dure. [...]\" \/>\n<meta property=\"og:url\" content=\"https:\/\/petlifeca.ca\/fr\/nouvelles-sur-animaux-domestiques\/avec-lextraordinaire-voyage-de-marona-anca-damian-compose-une-melodie-du-bonheur-a-hauteur-de-chien\/\" \/>\n<meta property=\"og:site_name\" content=\"PetlifeCA\" \/>\n<meta property=\"article:modified_time\" content=\"2020-01-20T07:05:20+00:00\" \/>\n<meta property=\"og:image\" content=\"https:\/\/petlifeca.ca\/fr\/wp-content\/uploads\/2019\/11\/petlifeca-news-icon-FA.jpg\" \/>\n\t<meta property=\"og:image:width\" content=\"1024\" \/>\n\t<meta property=\"og:image:height\" content=\"1024\" \/>\n\t<meta property=\"og:image:type\" content=\"image\/jpeg\" \/>\n<meta name=\"twitter:card\" content=\"summary_large_image\" \/>\n<meta name=\"twitter:label1\" content=\"Estimation du temps de lecture\" \/>\n\t<meta name=\"twitter:data1\" content=\"3 minutes\" \/>\n<script type=\"application\/ld+json\" class=\"yoast-schema-graph\">{\"@context\":\"https:\\\/\\\/schema.org\",\"@graph\":[{\"@type\":\"WebPage\",\"@id\":\"https:\\\/\\\/petlifeca.ca\\\/fr\\\/nouvelles-sur-animaux-domestiques\\\/avec-lextraordinaire-voyage-de-marona-anca-damian-compose-une-melodie-du-bonheur-a-hauteur-de-chien\\\/\",\"url\":\"https:\\\/\\\/petlifeca.ca\\\/fr\\\/nouvelles-sur-animaux-domestiques\\\/avec-lextraordinaire-voyage-de-marona-anca-damian-compose-une-melodie-du-bonheur-a-hauteur-de-chien\\\/\",\"name\":\"Avec \u00abL\u2019extraordinaire Voyage De Marona\u00bb, Anca Damian Compose Une M\u00e9lodie Du Bonheur \u00c0 Hauteur De Chien - PetlifeCA\",\"isPartOf\":{\"@id\":\"https:\\\/\\\/petlifeca.ca\\\/fr\\\/#website\"},\"primaryImageOfPage\":{\"@id\":\"https:\\\/\\\/petlifeca.ca\\\/fr\\\/nouvelles-sur-animaux-domestiques\\\/avec-lextraordinaire-voyage-de-marona-anca-damian-compose-une-melodie-du-bonheur-a-hauteur-de-chien\\\/#primaryimage\"},\"image\":{\"@id\":\"https:\\\/\\\/petlifeca.ca\\\/fr\\\/nouvelles-sur-animaux-domestiques\\\/avec-lextraordinaire-voyage-de-marona-anca-damian-compose-une-melodie-du-bonheur-a-hauteur-de-chien\\\/#primaryimage\"},\"thumbnailUrl\":\"https:\\\/\\\/petlifeca.ca\\\/fr\\\/wp-content\\\/uploads\\\/2019\\\/11\\\/petlifeca-news-icon-FA.jpg\",\"datePublished\":\"2020-01-20T06:54:58+00:00\",\"dateModified\":\"2020-01-20T07:05:20+00:00\",\"breadcrumb\":{\"@id\":\"https:\\\/\\\/petlifeca.ca\\\/fr\\\/nouvelles-sur-animaux-domestiques\\\/avec-lextraordinaire-voyage-de-marona-anca-damian-compose-une-melodie-du-bonheur-a-hauteur-de-chien\\\/#breadcrumb\"},\"inLanguage\":\"fr-CA\",\"potentialAction\":[{\"@type\":\"ReadAction\",\"target\":[\"https:\\\/\\\/petlifeca.ca\\\/fr\\\/nouvelles-sur-animaux-domestiques\\\/avec-lextraordinaire-voyage-de-marona-anca-damian-compose-une-melodie-du-bonheur-a-hauteur-de-chien\\\/\"]}]},{\"@type\":\"ImageObject\",\"inLanguage\":\"fr-CA\",\"@id\":\"https:\\\/\\\/petlifeca.ca\\\/fr\\\/nouvelles-sur-animaux-domestiques\\\/avec-lextraordinaire-voyage-de-marona-anca-damian-compose-une-melodie-du-bonheur-a-hauteur-de-chien\\\/#primaryimage\",\"url\":\"https:\\\/\\\/petlifeca.ca\\\/fr\\\/wp-content\\\/uploads\\\/2019\\\/11\\\/petlifeca-news-icon-FA.jpg\",\"contentUrl\":\"https:\\\/\\\/petlifeca.ca\\\/fr\\\/wp-content\\\/uploads\\\/2019\\\/11\\\/petlifeca-news-icon-FA.jpg\",\"width\":1024,\"height\":1024},{\"@type\":\"BreadcrumbList\",\"@id\":\"https:\\\/\\\/petlifeca.ca\\\/fr\\\/nouvelles-sur-animaux-domestiques\\\/avec-lextraordinaire-voyage-de-marona-anca-damian-compose-une-melodie-du-bonheur-a-hauteur-de-chien\\\/#breadcrumb\",\"itemListElement\":[{\"@type\":\"ListItem\",\"position\":1,\"name\":\"Home\",\"item\":\"https:\\\/\\\/petlifeca.ca\\\/fr\\\/\"},{\"@type\":\"ListItem\",\"position\":2,\"name\":\"Nouvelles Sur Animaux Domestiques\",\"item\":\"https:\\\/\\\/petlifeca.ca\\\/fr\\\/nouvelles-sur-animaux-domestiques\\\/\"},{\"@type\":\"ListItem\",\"position\":3,\"name\":\"Avec \u00abL\u2019extraordinaire Voyage De Marona\u00bb, Anca Damian Compose Une M\u00e9lodie Du Bonheur \u00c0 Hauteur De Chien\"}]},{\"@type\":\"WebSite\",\"@id\":\"https:\\\/\\\/petlifeca.ca\\\/fr\\\/#website\",\"url\":\"https:\\\/\\\/petlifeca.ca\\\/fr\\\/\",\"name\":\"PetlifeCA\",\"description\":\"Une communaut\u00e9 canadienne pour les amoureux des chiens et des chats\",\"potentialAction\":[{\"@type\":\"SearchAction\",\"target\":{\"@type\":\"EntryPoint\",\"urlTemplate\":\"https:\\\/\\\/petlifeca.ca\\\/fr\\\/?s={search_term_string}\"},\"query-input\":{\"@type\":\"PropertyValueSpecification\",\"valueRequired\":true,\"valueName\":\"search_term_string\"}}],\"inLanguage\":\"fr-CA\"}]}<\/script>\n<!-- \/ Yoast SEO plugin. -->","yoast_head_json":{"title":"Avec \u00abL\u2019extraordinaire Voyage De Marona\u00bb, Anca Damian Compose Une M\u00e9lodie Du Bonheur \u00c0 Hauteur De Chien - PetlifeCA","robots":{"index":"index","follow":"follow","max-snippet":"max-snippet:-1","max-image-preview":"max-image-preview:large","max-video-preview":"max-video-preview:-1"},"canonical":"https:\/\/petlifeca.ca\/fr\/nouvelles-sur-animaux-domestiques\/avec-lextraordinaire-voyage-de-marona-anca-damian-compose-une-melodie-du-bonheur-a-hauteur-de-chien\/","og_locale":"fr_CA","og_type":"article","og_title":"Avec \u00abL\u2019extraordinaire Voyage De Marona\u00bb, Anca Damian Compose Une M\u00e9lodie Du Bonheur \u00c0 Hauteur De Chien - PetlifeCA","og_description":"Un conte moderne d\u2019une grande po\u00e9sie et plein d\u2019inventions visuelles, qui invite \u00e0 ch\u00e9rir l\u2019amour tant qu\u2019il dure. [...]","og_url":"https:\/\/petlifeca.ca\/fr\/nouvelles-sur-animaux-domestiques\/avec-lextraordinaire-voyage-de-marona-anca-damian-compose-une-melodie-du-bonheur-a-hauteur-de-chien\/","og_site_name":"PetlifeCA","article_modified_time":"2020-01-20T07:05:20+00:00","og_image":[{"width":1024,"height":1024,"url":"https:\/\/petlifeca.ca\/fr\/wp-content\/uploads\/2019\/11\/petlifeca-news-icon-FA.jpg","type":"image\/jpeg"}],"twitter_card":"summary_large_image","twitter_misc":{"Estimation du temps de lecture":"3 minutes"},"schema":{"@context":"https:\/\/schema.org","@graph":[{"@type":"WebPage","@id":"https:\/\/petlifeca.ca\/fr\/nouvelles-sur-animaux-domestiques\/avec-lextraordinaire-voyage-de-marona-anca-damian-compose-une-melodie-du-bonheur-a-hauteur-de-chien\/","url":"https:\/\/petlifeca.ca\/fr\/nouvelles-sur-animaux-domestiques\/avec-lextraordinaire-voyage-de-marona-anca-damian-compose-une-melodie-du-bonheur-a-hauteur-de-chien\/","name":"Avec \u00abL\u2019extraordinaire Voyage De Marona\u00bb, Anca Damian Compose Une M\u00e9lodie Du Bonheur \u00c0 Hauteur De Chien - PetlifeCA","isPartOf":{"@id":"https:\/\/petlifeca.ca\/fr\/#website"},"primaryImageOfPage":{"@id":"https:\/\/petlifeca.ca\/fr\/nouvelles-sur-animaux-domestiques\/avec-lextraordinaire-voyage-de-marona-anca-damian-compose-une-melodie-du-bonheur-a-hauteur-de-chien\/#primaryimage"},"image":{"@id":"https:\/\/petlifeca.ca\/fr\/nouvelles-sur-animaux-domestiques\/avec-lextraordinaire-voyage-de-marona-anca-damian-compose-une-melodie-du-bonheur-a-hauteur-de-chien\/#primaryimage"},"thumbnailUrl":"https:\/\/petlifeca.ca\/fr\/wp-content\/uploads\/2019\/11\/petlifeca-news-icon-FA.jpg","datePublished":"2020-01-20T06:54:58+00:00","dateModified":"2020-01-20T07:05:20+00:00","breadcrumb":{"@id":"https:\/\/petlifeca.ca\/fr\/nouvelles-sur-animaux-domestiques\/avec-lextraordinaire-voyage-de-marona-anca-damian-compose-une-melodie-du-bonheur-a-hauteur-de-chien\/#breadcrumb"},"inLanguage":"fr-CA","potentialAction":[{"@type":"ReadAction","target":["https:\/\/petlifeca.ca\/fr\/nouvelles-sur-animaux-domestiques\/avec-lextraordinaire-voyage-de-marona-anca-damian-compose-une-melodie-du-bonheur-a-hauteur-de-chien\/"]}]},{"@type":"ImageObject","inLanguage":"fr-CA","@id":"https:\/\/petlifeca.ca\/fr\/nouvelles-sur-animaux-domestiques\/avec-lextraordinaire-voyage-de-marona-anca-damian-compose-une-melodie-du-bonheur-a-hauteur-de-chien\/#primaryimage","url":"https:\/\/petlifeca.ca\/fr\/wp-content\/uploads\/2019\/11\/petlifeca-news-icon-FA.jpg","contentUrl":"https:\/\/petlifeca.ca\/fr\/wp-content\/uploads\/2019\/11\/petlifeca-news-icon-FA.jpg","width":1024,"height":1024},{"@type":"BreadcrumbList","@id":"https:\/\/petlifeca.ca\/fr\/nouvelles-sur-animaux-domestiques\/avec-lextraordinaire-voyage-de-marona-anca-damian-compose-une-melodie-du-bonheur-a-hauteur-de-chien\/#breadcrumb","itemListElement":[{"@type":"ListItem","position":1,"name":"Home","item":"https:\/\/petlifeca.ca\/fr\/"},{"@type":"ListItem","position":2,"name":"Nouvelles Sur Animaux Domestiques","item":"https:\/\/petlifeca.ca\/fr\/nouvelles-sur-animaux-domestiques\/"},{"@type":"ListItem","position":3,"name":"Avec \u00abL\u2019extraordinaire Voyage De Marona\u00bb, Anca Damian Compose Une M\u00e9lodie Du Bonheur \u00c0 Hauteur De Chien"}]},{"@type":"WebSite","@id":"https:\/\/petlifeca.ca\/fr\/#website","url":"https:\/\/petlifeca.ca\/fr\/","name":"PetlifeCA","description":"Une communaut\u00e9 canadienne pour les amoureux des chiens et des chats","potentialAction":[{"@type":"SearchAction","target":{"@type":"EntryPoint","urlTemplate":"https:\/\/petlifeca.ca\/fr\/?s={search_term_string}"},"query-input":{"@type":"PropertyValueSpecification","valueRequired":true,"valueName":"search_term_string"}}],"inLanguage":"fr-CA"}]}},"_links":{"self":[{"href":"https:\/\/petlifeca.ca\/fr\/wp-json\/wp\/v2\/pages\/14892","targetHints":{"allow":["GET"]}}],"collection":[{"href":"https:\/\/petlifeca.ca\/fr\/wp-json\/wp\/v2\/pages"}],"about":[{"href":"https:\/\/petlifeca.ca\/fr\/wp-json\/wp\/v2\/types\/page"}],"author":[{"embeddable":true,"href":"https:\/\/petlifeca.ca\/fr\/wp-json\/wp\/v2\/users\/1"}],"replies":[{"embeddable":true,"href":"https:\/\/petlifeca.ca\/fr\/wp-json\/wp\/v2\/comments?post=14892"}],"version-history":[{"count":0,"href":"https:\/\/petlifeca.ca\/fr\/wp-json\/wp\/v2\/pages\/14892\/revisions"}],"up":[{"embeddable":true,"href":"https:\/\/petlifeca.ca\/fr\/wp-json\/wp\/v2\/pages\/5252"}],"wp:featuredmedia":[{"embeddable":true,"href":"https:\/\/petlifeca.ca\/fr\/wp-json\/wp\/v2\/media\/12768"}],"wp:attachment":[{"href":"https:\/\/petlifeca.ca\/fr\/wp-json\/wp\/v2\/media?parent=14892"}],"wp:term":[{"taxonomy":"category","embeddable":true,"href":"https:\/\/petlifeca.ca\/fr\/wp-json\/wp\/v2\/categories?post=14892"},{"taxonomy":"post_tag","embeddable":true,"href":"https:\/\/petlifeca.ca\/fr\/wp-json\/wp\/v2\/tags?post=14892"},{"taxonomy":"basic_care","embeddable":true,"href":"https:\/\/petlifeca.ca\/fr\/wp-json\/wp\/v2\/basic_care?post=14892"},{"taxonomy":"conditions","embeddable":true,"href":"https:\/\/petlifeca.ca\/fr\/wp-json\/wp\/v2\/conditions?post=14892"},{"taxonomy":"training_behaviour","embeddable":true,"href":"https:\/\/petlifeca.ca\/fr\/wp-json\/wp\/v2\/training_behaviour?post=14892"},{"taxonomy":"breeds_profiles","embeddable":true,"href":"https:\/\/petlifeca.ca\/fr\/wp-json\/wp\/v2\/breeds_profiles?post=14892"},{"taxonomy":"exercise_activities","embeddable":true,"href":"https:\/\/petlifeca.ca\/fr\/wp-json\/wp\/v2\/exercise_activities?post=14892"},{"taxonomy":"nutrition_diet","embeddable":true,"href":"https:\/\/petlifeca.ca\/fr\/wp-json\/wp\/v2\/nutrition_diet?post=14892"},{"taxonomy":"travel_relocation","embeddable":true,"href":"https:\/\/petlifeca.ca\/fr\/wp-json\/wp\/v2\/travel_relocation?post=14892"},{"taxonomy":"safety_emergencies","embeddable":true,"href":"https:\/\/petlifeca.ca\/fr\/wp-json\/wp\/v2\/safety_emergencies?post=14892"},{"taxonomy":"lifestyle_more","embeddable":true,"href":"https:\/\/petlifeca.ca\/fr\/wp-json\/wp\/v2\/lifestyle_more?post=14892"},{"taxonomy":"toolkits","embeddable":true,"href":"https:\/\/petlifeca.ca\/fr\/wp-json\/wp\/v2\/toolkits?post=14892"},{"taxonomy":"pet","embeddable":true,"href":"https:\/\/petlifeca.ca\/fr\/wp-json\/wp\/v2\/pet?post=14892"}],"curies":[{"name":"wp","href":"https:\/\/api.w.org\/{rel}","templated":true}]}}