{"id":14893,"date":"2020-01-20T06:54:22","date_gmt":"2020-01-20T06:54:22","guid":{"rendered":"https:\/\/petlifeca.ca\/fr\/?page_id=14893"},"modified":"2020-01-20T07:03:53","modified_gmt":"2020-01-20T07:03:53","slug":"lechelle-des-grimaces-de-chat-fait-lobjet-dune-publication-dans-scientific-reports","status":"publish","type":"page","link":"https:\/\/petlifeca.ca\/fr\/nouvelles-sur-animaux-domestiques\/lechelle-des-grimaces-de-chat-fait-lobjet-dune-publication-dans-scientific-reports\/","title":{"rendered":"L\u2019\u00e9chelle Des Grimaces De Chat Fait L\u2019objet D\u2019une Publication Dans \u00abScientific Reports\u00bb"},"content":{"rendered":"\t\t<div data-elementor-type=\"wp-post\" data-elementor-id=\"14893\" class=\"elementor elementor-14893\" data-elementor-post-type=\"page\">\n\t\t\t\t\t\t<section class=\"elementor-section elementor-inner-section elementor-element elementor-element-7e1b30a elementor-section-boxed elementor-section-height-default elementor-section-height-default\" data-id=\"7e1b30a\" data-element_type=\"section\" data-e-type=\"section\">\n\t\t\t\t\t\t<div class=\"elementor-container elementor-column-gap-no\">\n\t\t\t\t\t<div class=\"elementor-column elementor-col-100 elementor-inner-column elementor-element elementor-element-09337ce\" data-id=\"09337ce\" data-element_type=\"column\" data-e-type=\"column\">\n\t\t\t<div class=\"elementor-widget-wrap elementor-element-populated\">\n\t\t\t\t\t\t<div class=\"elementor-element elementor-element-6c17363 elementor-widget elementor-widget-shortcode\" data-id=\"6c17363\" data-element_type=\"widget\" data-e-type=\"widget\" data-widget_type=\"shortcode.default\">\n\t\t\t\t<div class=\"elementor-widget-container\">\n\t\t\t\t\t\t\t<div class=\"elementor-shortcode\">\t\t<div data-elementor-type=\"wp-post\" data-elementor-id=\"1007\" class=\"elementor elementor-1007\" data-elementor-post-type=\"oceanwp_library\">\n\t\t\t\t\t\t<section class=\"elementor-section elementor-inner-section elementor-element elementor-element-1889dd1 elementor-section-full_width elementor-section-height-default elementor-section-height-default\" data-id=\"1889dd1\" data-element_type=\"section\" data-e-type=\"section\">\n\t\t\t\t\t\t<div class=\"elementor-container elementor-column-gap-no\">\n\t\t\t\t\t<div class=\"elementor-column elementor-col-100 elementor-inner-column elementor-element elementor-element-c692dc2\" data-id=\"c692dc2\" data-element_type=\"column\" data-e-type=\"column\">\n\t\t\t<div class=\"elementor-widget-wrap elementor-element-populated\">\n\t\t\t\t\t\t<div class=\"elementor-element elementor-element-2451c9f classname elementor-widget elementor-widget-button\" data-id=\"2451c9f\" data-element_type=\"widget\" data-e-type=\"widget\" data-widget_type=\"button.default\">\n\t\t\t\t<div class=\"elementor-widget-container\">\n\t\t\t\t\t\t\t\t\t<div class=\"elementor-button-wrapper\">\n\t\t\t\t\t<a class=\"elementor-button elementor-button-link elementor-size-sm\" href=\"\">\n\t\t\t\t\t\t<span class=\"elementor-button-content-wrapper\">\n\t\t\t\t\t\t\t\t\t<span class=\"elementor-button-text\">&lt;&lt; Retour<\/span>\n\t\t\t\t\t<\/span>\n\t\t\t\t\t<\/a>\n\t\t\t\t<\/div>\n\t\t\t\t\t\t\t\t<\/div>\n\t\t\t\t<\/div>\n\t\t\t\t\t<\/div>\n\t\t<\/div>\n\t\t\t\t\t<\/div>\n\t\t<\/section>\n\t\t\t\t<\/div>\n\t\t<\/div>\n\t\t\t\t\t\t<\/div>\n\t\t\t\t<\/div>\n\t\t\t\t\t<\/div>\n\t\t<\/div>\n\t\t\t\t\t<\/div>\n\t\t<\/section>\n\t\t\t\t<section class=\"elementor-section elementor-inner-section elementor-element elementor-element-e4d4220 elementor-section-boxed elementor-section-height-default elementor-section-height-default\" data-id=\"e4d4220\" data-element_type=\"section\" data-e-type=\"section\">\n\t\t\t\t\t\t<div class=\"elementor-container elementor-column-gap-no\">\n\t\t\t\t\t<div class=\"elementor-column elementor-col-100 elementor-inner-column elementor-element elementor-element-9f9ce94\" data-id=\"9f9ce94\" data-element_type=\"column\" data-e-type=\"column\">\n\t\t\t<div class=\"elementor-widget-wrap elementor-element-populated\">\n\t\t\t\t\t\t<div class=\"elementor-element elementor-element-d5b3615 elementor-widget elementor-widget-text-editor\" data-id=\"d5b3615\" data-element_type=\"widget\" data-e-type=\"widget\" data-widget_type=\"text-editor.default\">\n\t\t\t\t<div class=\"elementor-widget-container\">\n\t\t\t\t\t\t\t\t\t<h1 class=\"headline pt-0 pb-2 my-0 font-weight-bold\"><span style=\"color: #171b4b;\">L\u2019\u00c9CHELLE DES GRIMACES DE CHAT FAIT L\u2019OBJET D\u2019UNE PUBLICATION DANS \u00abSCIENTIFIC REPORTS\u00bb<\/span><\/h1>\t\t\t\t\t\t\t\t<\/div>\n\t\t\t\t<\/div>\n\t\t\t\t<div class=\"elementor-element elementor-element-592b2db elementor-widget elementor-widget-text-editor\" data-id=\"592b2db\" data-element_type=\"widget\" data-e-type=\"widget\" data-widget_type=\"text-editor.default\">\n\t\t\t\t<div class=\"elementor-widget-container\">\n\t\t\t\t\t\t\t\t\t<p><em><strong>La source: <\/strong>udemnouvelles (extrait)<\/em><br \/><em><strong>Publi\u00e9: <\/strong>17 janvier 2019<\/em><\/p>\t\t\t\t\t\t\t\t<\/div>\n\t\t\t\t<\/div>\n\t\t\t\t<div class=\"elementor-element elementor-element-8b05770 elementor-widget elementor-widget-text-editor\" data-id=\"8b05770\" data-element_type=\"widget\" data-e-type=\"widget\" data-widget_type=\"text-editor.default\">\n\t\t\t\t<div class=\"elementor-widget-container\">\n\t\t\t\t\t\t\t\t\t<p>Un chat qui a les oreilles rabattues, les yeux clos, les moustaches tourn\u00e9es vers l\u2019avant et la t\u00eate rentr\u00e9e entre les \u00e9paules ressent fort probablement de la douleur. Mais comment \u00e9valuer l\u2019intensit\u00e9 de celle-ci? Gr\u00e2ce \u00e0 des chercheurs de l\u2019Universit\u00e9 de Montr\u00e9al, les v\u00e9t\u00e9rinaires disposent d\u00e9sormais d\u2019une \u00e9chelle qui mesure la douleur de l\u2019animal \u00e0 partir de la position des oreilles, du museau, des moustaches et des paupi\u00e8res, la Feline Grimace Scale. L\u2019\u00e9valuation peut se faire en moins de cinq minutes.<\/p><p>\u00abIl est difficile de traiter la douleur si nous ne sommes pas capables d\u2019en reconna\u00eetre les signes\u00bb, explique le D<sup>r<\/sup>\u00a0Paulo Steagall, qui a dirig\u00e9 cette recherche \u00e0 la Facult\u00e9 de m\u00e9decine v\u00e9t\u00e9rinaire de l\u2019UdeM. L\u2019\u00e9chelle, qui a fait l\u2019objet du projet doctoral de Marina Evangelista, vient de conna\u00eetre une diffusion internationale, puisque la revue\u00a0<em>Scientific Reports,<\/em>\u00a0du groupe Nature Publishing, a fait para\u00eetre un article\u00a0sur le projet de recherche dans son \u00e9dition du 13\u00a0d\u00e9cembre\u00a02019. L\u2019article est sign\u00e9 par sept chercheurs du D\u00e9partement de sciences cliniques de la Facult\u00e9 de m\u00e9decine v\u00e9t\u00e9rinaire.<\/p><p>La mise au point de cet outil repr\u00e9sente \u00abune avanc\u00e9e significative dans la reconnaissance et la gestion de la douleur chez le chat\u00bb, reprend le D<sup>r<\/sup>\u00a0Steagall, qui souligne au passage que les questions li\u00e9es au bien-\u00eatre animal sont de plus en plus pr\u00e9sentes dans la communaut\u00e9 scientifique. Il existait des \u00e9chelles similaires pour les souris, rats, lapins, chevaux, moutons, porcs et furets, mais pas pour le chat domestique.<\/p><p><strong>39 sujets de recherche<\/strong><\/p><p>L\u2019\u00e9chelle peut d\u00e8s maintenant \u00eatre utilis\u00e9e par les v\u00e9t\u00e9rinaires du monde entier. Un de ses int\u00e9r\u00eats est qu\u2019elle peut s\u2019appliquer \u00e0 diff\u00e9rents types de douleur, qu\u2019elle soit d\u2019origine m\u00e9dicale, orale ou postop\u00e9ratoire. L\u2019\u00e9chelle peut \u00e9galement d\u00e9tecter une r\u00e9ponse au traitement analg\u00e9sique, c\u2019est-\u00e0-dire que le v\u00e9t\u00e9rinaire peut constater si l\u2019animal a bien r\u00e9pondu ou pas \u00e0 l\u2019administration d\u2019un analg\u00e9sique.<\/p><p>\u00c9tablie\u00a0apr\u00e8s l\u2019observation sous tous les angles de 39\u00a0chats amen\u00e9s en clinique pour recevoir des soins v\u00e9t\u00e9rinaires, l\u2019\u00e9chelle a \u00e9t\u00e9 valid\u00e9e en proc\u00e9dant par comparaison avec les expressions faciales de 20\u00a0chats bien portants. Diverses races ont \u00e9t\u00e9 incluses dans l\u2019\u00e9tude (siamois, bengali, maine coon et Savannah), en plus du \u00abchat domestique \u00e0 poils longs\u00bb.<\/p><p><strong>Financement et plan de match<\/strong><\/p><p>Le principal obstacle auquel ont \u00e9t\u00e9 confront\u00e9s les chercheurs a \u00e9t\u00e9 celui du financement initial. Dans le secteur de la douleur animale, ce n\u2019est pas toujours facile de trouver des subventions. La compagnie pharmaceutique Zoetis a finalement financ\u00e9 le projet.<\/p><p>Le D<sup>r<\/sup>\u00a0Steagall mentionne qu\u2019il s\u2019agit d\u2019une \u00e9tape importante tant pour son \u00e9quipe que pour la cause du bien-\u00eatre animal. \u00abIl y a quatre ans que nous travaillons sur le sujet\u00bb, dit-il. Ce n\u2019est pas termin\u00e9, car ce projet continuera de l\u2019occuper pour plusieurs ann\u00e9es.<\/p>\t\t\t\t\t\t\t\t<\/div>\n\t\t\t\t<\/div>\n\t\t\t\t<div class=\"elementor-element elementor-element-7facef5 elementor-widget elementor-widget-spacer\" data-id=\"7facef5\" data-element_type=\"widget\" data-e-type=\"widget\" data-widget_type=\"spacer.default\">\n\t\t\t\t<div class=\"elementor-widget-container\">\n\t\t\t\t\t\t\t<div class=\"elementor-spacer\">\n\t\t\t<div class=\"elementor-spacer-inner\"><\/div>\n\t\t<\/div>\n\t\t\t\t\t\t<\/div>\n\t\t\t\t<\/div>\n\t\t\t\t\t<\/div>\n\t\t<\/div>\n\t\t\t\t\t<\/div>\n\t\t<\/section>\n\t\t\t\t<\/div>\n\t\t","protected":false},"excerpt":{"rendered":"<p>Un chat qui a les oreilles rabattues, les yeux clos, les moustaches tourn\u00e9es vers l\u2019avant et la t\u00eate rentr\u00e9e entre les \u00e9paules ressent fort probablement de la douleur.  [&#8230;]<\/p>\n","protected":false},"author":1,"featured_media":12768,"parent":5252,"menu_order":0,"comment_status":"closed","ping_status":"closed","template":"elementor_header_footer","meta":{"_exactmetrics_skip_tracking":false,"_exactmetrics_sitenote_active":false,"_exactmetrics_sitenote_note":"","_exactmetrics_sitenote_category":0,"ocean_post_layout":"","ocean_both_sidebars_style":"","ocean_both_sidebars_content_width":0,"ocean_both_sidebars_sidebars_width":0,"ocean_sidebar":"0","ocean_second_sidebar":"0","ocean_disable_margins":"enable","ocean_add_body_class":"","ocean_shortcode_before_top_bar":"","ocean_shortcode_after_top_bar":"","ocean_shortcode_before_header":"","ocean_shortcode_after_header":"","ocean_has_shortcode":"","ocean_shortcode_after_title":"","ocean_shortcode_before_footer_widgets":"","ocean_shortcode_after_footer_widgets":"","ocean_shortcode_before_footer_bottom":"","ocean_shortcode_after_footer_bottom":"","ocean_display_top_bar":"default","ocean_display_header":"default","ocean_header_style":"","ocean_center_header_left_menu":"0","ocean_custom_header_template":"0","ocean_custom_logo":0,"ocean_custom_retina_logo":0,"ocean_custom_logo_max_width":0,"ocean_custom_logo_tablet_max_width":0,"ocean_custom_logo_mobile_max_width":0,"ocean_custom_logo_max_height":0,"ocean_custom_logo_tablet_max_height":0,"ocean_custom_logo_mobile_max_height":0,"ocean_header_custom_menu":"0","ocean_menu_typo_font_family":"0","ocean_menu_typo_font_subset":"","ocean_menu_typo_font_size":0,"ocean_menu_typo_font_size_tablet":0,"ocean_menu_typo_font_size_mobile":0,"ocean_menu_typo_font_size_unit":"px","ocean_menu_typo_font_weight":"","ocean_menu_typo_font_weight_tablet":"","ocean_menu_typo_font_weight_mobile":"","ocean_menu_typo_transform":"","ocean_menu_typo_transform_tablet":"","ocean_menu_typo_transform_mobile":"","ocean_menu_typo_line_height":0,"ocean_menu_typo_line_height_tablet":0,"ocean_menu_typo_line_height_mobile":0,"ocean_menu_typo_line_height_unit":"","ocean_menu_typo_spacing":0,"ocean_menu_typo_spacing_tablet":0,"ocean_menu_typo_spacing_mobile":0,"ocean_menu_typo_spacing_unit":"","ocean_menu_link_color":"","ocean_menu_link_color_hover":"","ocean_menu_link_color_active":"","ocean_menu_link_background":"","ocean_menu_link_hover_background":"","ocean_menu_link_active_background":"","ocean_menu_social_links_bg":"","ocean_menu_social_hover_links_bg":"","ocean_menu_social_links_color":"","ocean_menu_social_hover_links_color":"","ocean_disable_title":"on","ocean_disable_heading":"default","ocean_post_title":"","ocean_post_subheading":"","ocean_post_title_style":"","ocean_post_title_background_color":"","ocean_post_title_background":0,"ocean_post_title_bg_image_position":"","ocean_post_title_bg_image_attachment":"","ocean_post_title_bg_image_repeat":"","ocean_post_title_bg_image_size":"","ocean_post_title_height":0,"ocean_post_title_bg_overlay":0.5,"ocean_post_title_bg_overlay_color":"","ocean_disable_breadcrumbs":"default","ocean_breadcrumbs_color":"","ocean_breadcrumbs_separator_color":"","ocean_breadcrumbs_links_color":"","ocean_breadcrumbs_links_hover_color":"","ocean_display_footer_widgets":"default","ocean_display_footer_bottom":"default","ocean_custom_footer_template":"0","footnotes":""},"categories":[1],"tags":[],"basic_care":[],"conditions":[],"training_behaviour":[],"breeds_profiles":[],"exercise_activities":[],"nutrition_diet":[],"travel_relocation":[],"safety_emergencies":[],"lifestyle_more":[],"toolkits":[],"pet":[],"class_list":["post-14893","page","type-page","status-publish","has-post-thumbnail","hentry","category-uncategorized","entry","has-media"],"yoast_head":"<!-- This site is optimized with the Yoast SEO plugin v27.3 - https:\/\/yoast.com\/product\/yoast-seo-wordpress\/ -->\n<title>L\u2019\u00e9chelle Des Grimaces De Chat Fait L\u2019objet D\u2019une Publication Dans \u00abScientific Reports\u00bb - PetlifeCA<\/title>\n<meta name=\"robots\" content=\"index, follow, max-snippet:-1, max-image-preview:large, max-video-preview:-1\" \/>\n<link rel=\"canonical\" href=\"https:\/\/petlifeca.ca\/fr\/nouvelles-sur-animaux-domestiques\/lechelle-des-grimaces-de-chat-fait-lobjet-dune-publication-dans-scientific-reports\/\" \/>\n<meta property=\"og:locale\" content=\"fr_CA\" \/>\n<meta property=\"og:type\" content=\"article\" \/>\n<meta property=\"og:title\" content=\"L\u2019\u00e9chelle Des Grimaces De Chat Fait L\u2019objet D\u2019une Publication Dans \u00abScientific Reports\u00bb - PetlifeCA\" \/>\n<meta property=\"og:description\" content=\"Un chat qui a les oreilles rabattues, les yeux clos, les moustaches tourn\u00e9es vers l\u2019avant et la t\u00eate rentr\u00e9e entre les \u00e9paules ressent fort probablement de la douleur. [...]\" \/>\n<meta property=\"og:url\" content=\"https:\/\/petlifeca.ca\/fr\/nouvelles-sur-animaux-domestiques\/lechelle-des-grimaces-de-chat-fait-lobjet-dune-publication-dans-scientific-reports\/\" \/>\n<meta property=\"og:site_name\" content=\"PetlifeCA\" \/>\n<meta property=\"article:modified_time\" content=\"2020-01-20T07:03:53+00:00\" \/>\n<meta property=\"og:image\" content=\"https:\/\/petlifeca.ca\/fr\/wp-content\/uploads\/2019\/11\/petlifeca-news-icon-FA.jpg\" \/>\n\t<meta property=\"og:image:width\" content=\"1024\" \/>\n\t<meta property=\"og:image:height\" content=\"1024\" \/>\n\t<meta property=\"og:image:type\" content=\"image\/jpeg\" \/>\n<meta name=\"twitter:card\" content=\"summary_large_image\" \/>\n<meta name=\"twitter:label1\" content=\"Estimation du temps de lecture\" \/>\n\t<meta name=\"twitter:data1\" content=\"3 minutes\" \/>\n<script type=\"application\/ld+json\" class=\"yoast-schema-graph\">{\"@context\":\"https:\\\/\\\/schema.org\",\"@graph\":[{\"@type\":\"WebPage\",\"@id\":\"https:\\\/\\\/petlifeca.ca\\\/fr\\\/nouvelles-sur-animaux-domestiques\\\/lechelle-des-grimaces-de-chat-fait-lobjet-dune-publication-dans-scientific-reports\\\/\",\"url\":\"https:\\\/\\\/petlifeca.ca\\\/fr\\\/nouvelles-sur-animaux-domestiques\\\/lechelle-des-grimaces-de-chat-fait-lobjet-dune-publication-dans-scientific-reports\\\/\",\"name\":\"L\u2019\u00e9chelle Des Grimaces De Chat Fait L\u2019objet D\u2019une Publication Dans \u00abScientific Reports\u00bb - PetlifeCA\",\"isPartOf\":{\"@id\":\"https:\\\/\\\/petlifeca.ca\\\/fr\\\/#website\"},\"primaryImageOfPage\":{\"@id\":\"https:\\\/\\\/petlifeca.ca\\\/fr\\\/nouvelles-sur-animaux-domestiques\\\/lechelle-des-grimaces-de-chat-fait-lobjet-dune-publication-dans-scientific-reports\\\/#primaryimage\"},\"image\":{\"@id\":\"https:\\\/\\\/petlifeca.ca\\\/fr\\\/nouvelles-sur-animaux-domestiques\\\/lechelle-des-grimaces-de-chat-fait-lobjet-dune-publication-dans-scientific-reports\\\/#primaryimage\"},\"thumbnailUrl\":\"https:\\\/\\\/petlifeca.ca\\\/fr\\\/wp-content\\\/uploads\\\/2019\\\/11\\\/petlifeca-news-icon-FA.jpg\",\"datePublished\":\"2020-01-20T06:54:22+00:00\",\"dateModified\":\"2020-01-20T07:03:53+00:00\",\"breadcrumb\":{\"@id\":\"https:\\\/\\\/petlifeca.ca\\\/fr\\\/nouvelles-sur-animaux-domestiques\\\/lechelle-des-grimaces-de-chat-fait-lobjet-dune-publication-dans-scientific-reports\\\/#breadcrumb\"},\"inLanguage\":\"fr-CA\",\"potentialAction\":[{\"@type\":\"ReadAction\",\"target\":[\"https:\\\/\\\/petlifeca.ca\\\/fr\\\/nouvelles-sur-animaux-domestiques\\\/lechelle-des-grimaces-de-chat-fait-lobjet-dune-publication-dans-scientific-reports\\\/\"]}]},{\"@type\":\"ImageObject\",\"inLanguage\":\"fr-CA\",\"@id\":\"https:\\\/\\\/petlifeca.ca\\\/fr\\\/nouvelles-sur-animaux-domestiques\\\/lechelle-des-grimaces-de-chat-fait-lobjet-dune-publication-dans-scientific-reports\\\/#primaryimage\",\"url\":\"https:\\\/\\\/petlifeca.ca\\\/fr\\\/wp-content\\\/uploads\\\/2019\\\/11\\\/petlifeca-news-icon-FA.jpg\",\"contentUrl\":\"https:\\\/\\\/petlifeca.ca\\\/fr\\\/wp-content\\\/uploads\\\/2019\\\/11\\\/petlifeca-news-icon-FA.jpg\",\"width\":1024,\"height\":1024},{\"@type\":\"BreadcrumbList\",\"@id\":\"https:\\\/\\\/petlifeca.ca\\\/fr\\\/nouvelles-sur-animaux-domestiques\\\/lechelle-des-grimaces-de-chat-fait-lobjet-dune-publication-dans-scientific-reports\\\/#breadcrumb\",\"itemListElement\":[{\"@type\":\"ListItem\",\"position\":1,\"name\":\"Home\",\"item\":\"https:\\\/\\\/petlifeca.ca\\\/fr\\\/\"},{\"@type\":\"ListItem\",\"position\":2,\"name\":\"Nouvelles Sur Animaux Domestiques\",\"item\":\"https:\\\/\\\/petlifeca.ca\\\/fr\\\/nouvelles-sur-animaux-domestiques\\\/\"},{\"@type\":\"ListItem\",\"position\":3,\"name\":\"L\u2019\u00e9chelle Des Grimaces De Chat Fait L\u2019objet D\u2019une Publication Dans \u00abScientific Reports\u00bb\"}]},{\"@type\":\"WebSite\",\"@id\":\"https:\\\/\\\/petlifeca.ca\\\/fr\\\/#website\",\"url\":\"https:\\\/\\\/petlifeca.ca\\\/fr\\\/\",\"name\":\"PetlifeCA\",\"description\":\"Une communaut\u00e9 canadienne pour les amoureux des chiens et des chats\",\"potentialAction\":[{\"@type\":\"SearchAction\",\"target\":{\"@type\":\"EntryPoint\",\"urlTemplate\":\"https:\\\/\\\/petlifeca.ca\\\/fr\\\/?s={search_term_string}\"},\"query-input\":{\"@type\":\"PropertyValueSpecification\",\"valueRequired\":true,\"valueName\":\"search_term_string\"}}],\"inLanguage\":\"fr-CA\"}]}<\/script>\n<!-- \/ Yoast SEO plugin. -->","yoast_head_json":{"title":"L\u2019\u00e9chelle Des Grimaces De Chat Fait L\u2019objet D\u2019une Publication Dans \u00abScientific Reports\u00bb - PetlifeCA","robots":{"index":"index","follow":"follow","max-snippet":"max-snippet:-1","max-image-preview":"max-image-preview:large","max-video-preview":"max-video-preview:-1"},"canonical":"https:\/\/petlifeca.ca\/fr\/nouvelles-sur-animaux-domestiques\/lechelle-des-grimaces-de-chat-fait-lobjet-dune-publication-dans-scientific-reports\/","og_locale":"fr_CA","og_type":"article","og_title":"L\u2019\u00e9chelle Des Grimaces De Chat Fait L\u2019objet D\u2019une Publication Dans \u00abScientific Reports\u00bb - PetlifeCA","og_description":"Un chat qui a les oreilles rabattues, les yeux clos, les moustaches tourn\u00e9es vers l\u2019avant et la t\u00eate rentr\u00e9e entre les \u00e9paules ressent fort probablement de la douleur. [...]","og_url":"https:\/\/petlifeca.ca\/fr\/nouvelles-sur-animaux-domestiques\/lechelle-des-grimaces-de-chat-fait-lobjet-dune-publication-dans-scientific-reports\/","og_site_name":"PetlifeCA","article_modified_time":"2020-01-20T07:03:53+00:00","og_image":[{"width":1024,"height":1024,"url":"https:\/\/petlifeca.ca\/fr\/wp-content\/uploads\/2019\/11\/petlifeca-news-icon-FA.jpg","type":"image\/jpeg"}],"twitter_card":"summary_large_image","twitter_misc":{"Estimation du temps de lecture":"3 minutes"},"schema":{"@context":"https:\/\/schema.org","@graph":[{"@type":"WebPage","@id":"https:\/\/petlifeca.ca\/fr\/nouvelles-sur-animaux-domestiques\/lechelle-des-grimaces-de-chat-fait-lobjet-dune-publication-dans-scientific-reports\/","url":"https:\/\/petlifeca.ca\/fr\/nouvelles-sur-animaux-domestiques\/lechelle-des-grimaces-de-chat-fait-lobjet-dune-publication-dans-scientific-reports\/","name":"L\u2019\u00e9chelle Des Grimaces De Chat Fait L\u2019objet D\u2019une Publication Dans \u00abScientific Reports\u00bb - PetlifeCA","isPartOf":{"@id":"https:\/\/petlifeca.ca\/fr\/#website"},"primaryImageOfPage":{"@id":"https:\/\/petlifeca.ca\/fr\/nouvelles-sur-animaux-domestiques\/lechelle-des-grimaces-de-chat-fait-lobjet-dune-publication-dans-scientific-reports\/#primaryimage"},"image":{"@id":"https:\/\/petlifeca.ca\/fr\/nouvelles-sur-animaux-domestiques\/lechelle-des-grimaces-de-chat-fait-lobjet-dune-publication-dans-scientific-reports\/#primaryimage"},"thumbnailUrl":"https:\/\/petlifeca.ca\/fr\/wp-content\/uploads\/2019\/11\/petlifeca-news-icon-FA.jpg","datePublished":"2020-01-20T06:54:22+00:00","dateModified":"2020-01-20T07:03:53+00:00","breadcrumb":{"@id":"https:\/\/petlifeca.ca\/fr\/nouvelles-sur-animaux-domestiques\/lechelle-des-grimaces-de-chat-fait-lobjet-dune-publication-dans-scientific-reports\/#breadcrumb"},"inLanguage":"fr-CA","potentialAction":[{"@type":"ReadAction","target":["https:\/\/petlifeca.ca\/fr\/nouvelles-sur-animaux-domestiques\/lechelle-des-grimaces-de-chat-fait-lobjet-dune-publication-dans-scientific-reports\/"]}]},{"@type":"ImageObject","inLanguage":"fr-CA","@id":"https:\/\/petlifeca.ca\/fr\/nouvelles-sur-animaux-domestiques\/lechelle-des-grimaces-de-chat-fait-lobjet-dune-publication-dans-scientific-reports\/#primaryimage","url":"https:\/\/petlifeca.ca\/fr\/wp-content\/uploads\/2019\/11\/petlifeca-news-icon-FA.jpg","contentUrl":"https:\/\/petlifeca.ca\/fr\/wp-content\/uploads\/2019\/11\/petlifeca-news-icon-FA.jpg","width":1024,"height":1024},{"@type":"BreadcrumbList","@id":"https:\/\/petlifeca.ca\/fr\/nouvelles-sur-animaux-domestiques\/lechelle-des-grimaces-de-chat-fait-lobjet-dune-publication-dans-scientific-reports\/#breadcrumb","itemListElement":[{"@type":"ListItem","position":1,"name":"Home","item":"https:\/\/petlifeca.ca\/fr\/"},{"@type":"ListItem","position":2,"name":"Nouvelles Sur Animaux Domestiques","item":"https:\/\/petlifeca.ca\/fr\/nouvelles-sur-animaux-domestiques\/"},{"@type":"ListItem","position":3,"name":"L\u2019\u00e9chelle Des Grimaces De Chat Fait L\u2019objet D\u2019une Publication Dans \u00abScientific Reports\u00bb"}]},{"@type":"WebSite","@id":"https:\/\/petlifeca.ca\/fr\/#website","url":"https:\/\/petlifeca.ca\/fr\/","name":"PetlifeCA","description":"Une communaut\u00e9 canadienne pour les amoureux des chiens et des chats","potentialAction":[{"@type":"SearchAction","target":{"@type":"EntryPoint","urlTemplate":"https:\/\/petlifeca.ca\/fr\/?s={search_term_string}"},"query-input":{"@type":"PropertyValueSpecification","valueRequired":true,"valueName":"search_term_string"}}],"inLanguage":"fr-CA"}]}},"_links":{"self":[{"href":"https:\/\/petlifeca.ca\/fr\/wp-json\/wp\/v2\/pages\/14893","targetHints":{"allow":["GET"]}}],"collection":[{"href":"https:\/\/petlifeca.ca\/fr\/wp-json\/wp\/v2\/pages"}],"about":[{"href":"https:\/\/petlifeca.ca\/fr\/wp-json\/wp\/v2\/types\/page"}],"author":[{"embeddable":true,"href":"https:\/\/petlifeca.ca\/fr\/wp-json\/wp\/v2\/users\/1"}],"replies":[{"embeddable":true,"href":"https:\/\/petlifeca.ca\/fr\/wp-json\/wp\/v2\/comments?post=14893"}],"version-history":[{"count":0,"href":"https:\/\/petlifeca.ca\/fr\/wp-json\/wp\/v2\/pages\/14893\/revisions"}],"up":[{"embeddable":true,"href":"https:\/\/petlifeca.ca\/fr\/wp-json\/wp\/v2\/pages\/5252"}],"wp:featuredmedia":[{"embeddable":true,"href":"https:\/\/petlifeca.ca\/fr\/wp-json\/wp\/v2\/media\/12768"}],"wp:attachment":[{"href":"https:\/\/petlifeca.ca\/fr\/wp-json\/wp\/v2\/media?parent=14893"}],"wp:term":[{"taxonomy":"category","embeddable":true,"href":"https:\/\/petlifeca.ca\/fr\/wp-json\/wp\/v2\/categories?post=14893"},{"taxonomy":"post_tag","embeddable":true,"href":"https:\/\/petlifeca.ca\/fr\/wp-json\/wp\/v2\/tags?post=14893"},{"taxonomy":"basic_care","embeddable":true,"href":"https:\/\/petlifeca.ca\/fr\/wp-json\/wp\/v2\/basic_care?post=14893"},{"taxonomy":"conditions","embeddable":true,"href":"https:\/\/petlifeca.ca\/fr\/wp-json\/wp\/v2\/conditions?post=14893"},{"taxonomy":"training_behaviour","embeddable":true,"href":"https:\/\/petlifeca.ca\/fr\/wp-json\/wp\/v2\/training_behaviour?post=14893"},{"taxonomy":"breeds_profiles","embeddable":true,"href":"https:\/\/petlifeca.ca\/fr\/wp-json\/wp\/v2\/breeds_profiles?post=14893"},{"taxonomy":"exercise_activities","embeddable":true,"href":"https:\/\/petlifeca.ca\/fr\/wp-json\/wp\/v2\/exercise_activities?post=14893"},{"taxonomy":"nutrition_diet","embeddable":true,"href":"https:\/\/petlifeca.ca\/fr\/wp-json\/wp\/v2\/nutrition_diet?post=14893"},{"taxonomy":"travel_relocation","embeddable":true,"href":"https:\/\/petlifeca.ca\/fr\/wp-json\/wp\/v2\/travel_relocation?post=14893"},{"taxonomy":"safety_emergencies","embeddable":true,"href":"https:\/\/petlifeca.ca\/fr\/wp-json\/wp\/v2\/safety_emergencies?post=14893"},{"taxonomy":"lifestyle_more","embeddable":true,"href":"https:\/\/petlifeca.ca\/fr\/wp-json\/wp\/v2\/lifestyle_more?post=14893"},{"taxonomy":"toolkits","embeddable":true,"href":"https:\/\/petlifeca.ca\/fr\/wp-json\/wp\/v2\/toolkits?post=14893"},{"taxonomy":"pet","embeddable":true,"href":"https:\/\/petlifeca.ca\/fr\/wp-json\/wp\/v2\/pet?post=14893"}],"curies":[{"name":"wp","href":"https:\/\/api.w.org\/{rel}","templated":true}]}}