{"id":8959,"date":"2019-07-17T04:54:20","date_gmt":"2019-07-17T04:54:20","guid":{"rendered":"https:\/\/petlifeca.ca\/?page_id=8959"},"modified":"2020-08-31T11:46:24","modified_gmt":"2020-08-31T11:46:24","slug":"concours","status":"publish","type":"page","link":"https:\/\/petlifeca.ca\/fr\/jeux-et-recompenses\/concours\/","title":{"rendered":"Concours"},"content":{"rendered":"\t\t<div data-elementor-type=\"wp-post\" data-elementor-id=\"8959\" class=\"elementor elementor-8959\" data-elementor-post-type=\"page\">\n\t\t\t\t\t\t<section class=\"elementor-section elementor-top-section elementor-element elementor-element-355e8f4 elementor-section-boxed elementor-section-height-default elementor-section-height-default\" data-id=\"355e8f4\" data-element_type=\"section\" data-e-type=\"section\">\n\t\t\t\t\t\t<div class=\"elementor-container elementor-column-gap-default\">\n\t\t\t\t\t<div class=\"elementor-column elementor-col-100 elementor-top-column elementor-element elementor-element-31fd185\" data-id=\"31fd185\" data-element_type=\"column\" data-e-type=\"column\">\n\t\t\t<div class=\"elementor-widget-wrap elementor-element-populated\">\n\t\t\t\t\t\t<div class=\"elementor-element elementor-element-8d89ab6 elementor-widget elementor-widget-shortcode\" data-id=\"8d89ab6\" data-element_type=\"widget\" data-e-type=\"widget\" data-widget_type=\"shortcode.default\">\n\t\t\t\t<div class=\"elementor-widget-container\">\n\t\t\t\t\t\t\t<div class=\"elementor-shortcode\">\t\t<div data-elementor-type=\"wp-post\" data-elementor-id=\"1007\" class=\"elementor elementor-1007\" data-elementor-post-type=\"oceanwp_library\">\n\t\t\t\t\t\t<section class=\"elementor-section elementor-inner-section elementor-element elementor-element-1889dd1 elementor-section-full_width elementor-section-height-default elementor-section-height-default\" data-id=\"1889dd1\" data-element_type=\"section\" data-e-type=\"section\">\n\t\t\t\t\t\t<div class=\"elementor-container elementor-column-gap-no\">\n\t\t\t\t\t<div class=\"elementor-column elementor-col-100 elementor-inner-column elementor-element elementor-element-c692dc2\" data-id=\"c692dc2\" data-element_type=\"column\" data-e-type=\"column\">\n\t\t\t<div class=\"elementor-widget-wrap elementor-element-populated\">\n\t\t\t\t\t\t<div class=\"elementor-element elementor-element-2451c9f classname elementor-widget elementor-widget-button\" data-id=\"2451c9f\" data-element_type=\"widget\" data-e-type=\"widget\" data-widget_type=\"button.default\">\n\t\t\t\t<div class=\"elementor-widget-container\">\n\t\t\t\t\t\t\t\t\t<div class=\"elementor-button-wrapper\">\n\t\t\t\t\t<a class=\"elementor-button elementor-button-link elementor-size-sm\" href=\"\">\n\t\t\t\t\t\t<span class=\"elementor-button-content-wrapper\">\n\t\t\t\t\t\t\t\t\t<span class=\"elementor-button-text\">&lt;&lt; Retour<\/span>\n\t\t\t\t\t<\/span>\n\t\t\t\t\t<\/a>\n\t\t\t\t<\/div>\n\t\t\t\t\t\t\t\t<\/div>\n\t\t\t\t<\/div>\n\t\t\t\t\t<\/div>\n\t\t<\/div>\n\t\t\t\t\t<\/div>\n\t\t<\/section>\n\t\t\t\t<\/div>\n\t\t<\/div>\n\t\t\t\t\t\t<\/div>\n\t\t\t\t<\/div>\n\t\t\t\t\t<\/div>\n\t\t<\/div>\n\t\t\t\t\t<\/div>\n\t\t<\/section>\n\t\t\t\t<section class=\"elementor-section elementor-top-section elementor-element elementor-element-764360e elementor-section-full_width elementor-section-height-default elementor-section-height-default\" data-id=\"764360e\" data-element_type=\"section\" data-e-type=\"section\">\n\t\t\t\t\t\t<div class=\"elementor-container elementor-column-gap-no\">\n\t\t\t\t\t<div class=\"elementor-column elementor-col-100 elementor-top-column elementor-element elementor-element-39f0ba1\" data-id=\"39f0ba1\" data-element_type=\"column\" data-e-type=\"column\">\n\t\t\t<div class=\"elementor-widget-wrap elementor-element-populated\">\n\t\t\t\t\t\t<div class=\"elementor-element elementor-element-ac4b1fc elementor-widget elementor-widget-spacer\" data-id=\"ac4b1fc\" data-element_type=\"widget\" data-e-type=\"widget\" data-widget_type=\"spacer.default\">\n\t\t\t\t<div class=\"elementor-widget-container\">\n\t\t\t\t\t\t\t<div class=\"elementor-spacer\">\n\t\t\t<div class=\"elementor-spacer-inner\"><\/div>\n\t\t<\/div>\n\t\t\t\t\t\t<\/div>\n\t\t\t\t<\/div>\n\t\t\t\t<div class=\"elementor-element elementor-element-149b9d0 elementor-widget elementor-widget-image\" data-id=\"149b9d0\" data-element_type=\"widget\" data-e-type=\"widget\" data-widget_type=\"image.default\">\n\t\t\t\t<div class=\"elementor-widget-container\">\n\t\t\t\t\t\t\t\t\t\t\t\t\t\t\t<img decoding=\"async\" width=\"121\" height=\"109\" src=\"https:\/\/petlifeca.ca\/fr\/wp-content\/uploads\/2019\/04\/heart_logo.png\" class=\"attachment-full size-full wp-image-214\" alt=\"heart logo\" \/>\t\t\t\t\t\t\t\t\t\t\t\t\t\t\t<\/div>\n\t\t\t\t<\/div>\n\t\t\t\t<div class=\"elementor-element elementor-element-8edc72d elementor-widget elementor-widget-text-editor\" data-id=\"8edc72d\" data-element_type=\"widget\" data-e-type=\"widget\" data-widget_type=\"text-editor.default\">\n\t\t\t\t<div class=\"elementor-widget-container\">\n\t\t\t\t\t\t\t\t\t<h1>GAGNEZ AVEC PETLIFECA<sup><span style=\"font-size: 14px;\">MC<\/span><\/sup><\/h1>\t\t\t\t\t\t\t\t<\/div>\n\t\t\t\t<\/div>\n\t\t\t\t<div class=\"elementor-element elementor-element-e0869e7 elementor-widget elementor-widget-image\" data-id=\"e0869e7\" data-element_type=\"widget\" data-e-type=\"widget\" data-widget_type=\"image.default\">\n\t\t\t\t<div class=\"elementor-widget-container\">\n\t\t\t\t\t\t\t\t\t\t\t\t\t\t\t<img fetchpriority=\"high\" decoding=\"async\" width=\"2400\" height=\"1000\" src=\"https:\/\/petlifeca.ca\/fr\/wp-content\/uploads\/2020\/02\/PLCA218-petlifeca-medical-cover-competition-banner-image-FA_closed.jpg\" class=\"attachment-full size-full wp-image-14948\" alt=\"\" srcset=\"https:\/\/petlifeca.ca\/fr\/wp-content\/uploads\/2020\/02\/PLCA218-petlifeca-medical-cover-competition-banner-image-FA_closed.jpg 2400w, https:\/\/petlifeca.ca\/fr\/wp-content\/uploads\/2020\/02\/PLCA218-petlifeca-medical-cover-competition-banner-image-FA_closed-300x125.jpg 300w, https:\/\/petlifeca.ca\/fr\/wp-content\/uploads\/2020\/02\/PLCA218-petlifeca-medical-cover-competition-banner-image-FA_closed-1024x427.jpg 1024w, https:\/\/petlifeca.ca\/fr\/wp-content\/uploads\/2020\/02\/PLCA218-petlifeca-medical-cover-competition-banner-image-FA_closed-768x320.jpg 768w, https:\/\/petlifeca.ca\/fr\/wp-content\/uploads\/2020\/02\/PLCA218-petlifeca-medical-cover-competition-banner-image-FA_closed-1536x640.jpg 1536w, https:\/\/petlifeca.ca\/fr\/wp-content\/uploads\/2020\/02\/PLCA218-petlifeca-medical-cover-competition-banner-image-FA_closed-2048x853.jpg 2048w\" sizes=\"(max-width: 2400px) 100vw, 2400px\" \/>\t\t\t\t\t\t\t\t\t\t\t\t\t\t\t<\/div>\n\t\t\t\t<\/div>\n\t\t\t\t<div class=\"elementor-element elementor-element-f6eaedc elementor-widget elementor-widget-spacer\" data-id=\"f6eaedc\" data-element_type=\"widget\" data-e-type=\"widget\" data-widget_type=\"spacer.default\">\n\t\t\t\t<div class=\"elementor-widget-container\">\n\t\t\t\t\t\t\t<div class=\"elementor-spacer\">\n\t\t\t<div class=\"elementor-spacer-inner\"><\/div>\n\t\t<\/div>\n\t\t\t\t\t\t<\/div>\n\t\t\t\t<\/div>\n\t\t\t\t<div class=\"elementor-element elementor-element-d17b9ef elementor-widget elementor-widget-text-editor\" data-id=\"d17b9ef\" data-element_type=\"widget\" data-e-type=\"widget\" data-widget_type=\"text-editor.default\">\n\t\t\t\t<div class=\"elementor-widget-container\">\n\t\t\t\t\t\t\t\t\t<p>Veuillez noter que ce concours est termin\u00e9. Le gagnant sera inform\u00e9 par e-mail.<\/p>\t\t\t\t\t\t\t\t<\/div>\n\t\t\t\t<\/div>\n\t\t\t\t<div class=\"elementor-element elementor-element-537a2f2 elementor-hidden-desktop elementor-hidden-tablet elementor-hidden-phone elementor-widget elementor-widget-text-editor\" data-id=\"537a2f2\" data-element_type=\"widget\" data-e-type=\"widget\" data-widget_type=\"text-editor.default\">\n\t\t\t\t<div class=\"elementor-widget-container\">\n\t\t\t\t\t\t\t\t\t<p>SOYEZ RESPONSABLE \u2014 SOYEZ PR\u00caT<\/p>\t\t\t\t\t\t\t\t<\/div>\n\t\t\t\t<\/div>\n\t\t\t\t<div class=\"elementor-element elementor-element-e8b1e0e elementor-hidden-desktop elementor-hidden-tablet elementor-hidden-phone elementor-widget elementor-widget-text-editor\" data-id=\"e8b1e0e\" data-element_type=\"widget\" data-e-type=\"widget\" data-widget_type=\"text-editor.default\">\n\t\t\t\t<div class=\"elementor-widget-container\">\n\t\t\t\t\t\t\t\t\t<p>Les situations d\u2019urgence sont les principales raisons pour lesquelles les propri\u00e9taires am\u00e8nent leurs animaux chez le m\u00e9decin v\u00e9t\u00e9rinaire.<\/p><p><strong><em>Les traumatismes contondants, les probl\u00e8mes respiratoires, la diarrh\u00e9e, les blessures aux yeux, les empoisonnements, les h\u00e9morragies graves, les probl\u00e8mes urinaires et les vomissements figurent parmi les urgences animales les plus courantes.<\/em><\/strong><\/p>\t\t\t\t\t\t\t\t<\/div>\n\t\t\t\t<\/div>\n\t\t\t\t<div class=\"elementor-element elementor-element-ce490d7 elementor-hidden-desktop elementor-hidden-tablet elementor-hidden-phone elementor-widget elementor-widget-text-editor\" data-id=\"ce490d7\" data-element_type=\"widget\" data-e-type=\"widget\" data-widget_type=\"text-editor.default\">\n\t\t\t\t<div class=\"elementor-widget-container\">\n\t\t\t\t\t\t\t\t\t<p>Nous sommes constamment \u00e0 la recherche des meilleures solutions \u00e0 vous pr\u00e9senter pour votre animal et vous.<br \/>Veuillez prendre un moment pour entrer vos coordonn\u00e9es et r\u00e9pondre au questionnaire suivant afin de courir la chance de gagner une trousse de premiers soins pour votre animal.<\/p>\t\t\t\t\t\t\t\t<\/div>\n\t\t\t\t<\/div>\n\t\t\t\t\t<\/div>\n\t\t<\/div>\n\t\t\t\t\t<\/div>\n\t\t<\/section>\n\t\t\t\t<section class=\"elementor-section elementor-top-section elementor-element elementor-element-9ac5e7e elementor-hidden-desktop elementor-hidden-tablet elementor-hidden-phone elementor-section-boxed elementor-section-height-default elementor-section-height-default\" data-id=\"9ac5e7e\" data-element_type=\"section\" data-e-type=\"section\">\n\t\t\t\t\t\t<div class=\"elementor-container elementor-column-gap-default\">\n\t\t\t\t\t<div class=\"elementor-column elementor-col-100 elementor-top-column elementor-element elementor-element-3164f15\" data-id=\"3164f15\" data-element_type=\"column\" data-e-type=\"column\">\n\t\t\t<div class=\"elementor-widget-wrap elementor-element-populated\">\n\t\t\t\t\t\t<div class=\"elementor-element elementor-element-5089970 eael-caldera-form-button-center eael-caldera-form-button-custom elementor-widget elementor-widget-eael-caldera-form\" data-id=\"5089970\" data-element_type=\"widget\" data-e-type=\"widget\" data-widget_type=\"eael-caldera-form.default\">\n\t\t\t\t<div class=\"elementor-widget-container\">\n\t\t\t\t\t<center><strong>Caldera Forms<\/strong> has been closed as of April 5, 2022 and is not available for download. You can try the other Form plugins instead<\/center>\t\t\t\t<\/div>\n\t\t\t\t<\/div>\n\t\t\t\t\t<\/div>\n\t\t<\/div>\n\t\t\t\t\t<\/div>\n\t\t<\/section>\n\t\t\t\t<\/div>\n\t\t","protected":false},"excerpt":{"rendered":"<p>GAGNEZ UNE TROUSSE DE PREMIERS SOINS POUR VOTRE ANIMAL<\/p>\n","protected":false},"author":1,"featured_media":0,"parent":8955,"menu_order":0,"comment_status":"closed","ping_status":"closed","template":"elementor_header_footer","meta":{"_exactmetrics_skip_tracking":false,"_exactmetrics_sitenote_active":false,"_exactmetrics_sitenote_note":"","_exactmetrics_sitenote_category":0,"ocean_post_layout":"","ocean_both_sidebars_style":"","ocean_both_sidebars_content_width":0,"ocean_both_sidebars_sidebars_width":0,"ocean_sidebar":"0","ocean_second_sidebar":"0","ocean_disable_margins":"enable","ocean_add_body_class":"","ocean_shortcode_before_top_bar":"","ocean_shortcode_after_top_bar":"","ocean_shortcode_before_header":"","ocean_shortcode_after_header":"","ocean_has_shortcode":"","ocean_shortcode_after_title":"","ocean_shortcode_before_footer_widgets":"","ocean_shortcode_after_footer_widgets":"","ocean_shortcode_before_footer_bottom":"","ocean_shortcode_after_footer_bottom":"","ocean_display_top_bar":"off","ocean_display_header":"on","ocean_header_style":"custom","ocean_center_header_left_menu":"0","ocean_custom_header_template":"36","ocean_custom_logo":0,"ocean_custom_retina_logo":0,"ocean_custom_logo_max_width":0,"ocean_custom_logo_tablet_max_width":0,"ocean_custom_logo_mobile_max_width":0,"ocean_custom_logo_max_height":0,"ocean_custom_logo_tablet_max_height":0,"ocean_custom_logo_mobile_max_height":0,"ocean_header_custom_menu":"0","ocean_menu_typo_font_family":"0","ocean_menu_typo_font_subset":"","ocean_menu_typo_font_size":0,"ocean_menu_typo_font_size_tablet":0,"ocean_menu_typo_font_size_mobile":0,"ocean_menu_typo_font_size_unit":"px","ocean_menu_typo_font_weight":"","ocean_menu_typo_font_weight_tablet":"","ocean_menu_typo_font_weight_mobile":"","ocean_menu_typo_transform":"","ocean_menu_typo_transform_tablet":"","ocean_menu_typo_transform_mobile":"","ocean_menu_typo_line_height":0,"ocean_menu_typo_line_height_tablet":0,"ocean_menu_typo_line_height_mobile":0,"ocean_menu_typo_line_height_unit":"","ocean_menu_typo_spacing":0,"ocean_menu_typo_spacing_tablet":0,"ocean_menu_typo_spacing_mobile":0,"ocean_menu_typo_spacing_unit":"","ocean_menu_link_color":"","ocean_menu_link_color_hover":"","ocean_menu_link_color_active":"","ocean_menu_link_background":"","ocean_menu_link_hover_background":"","ocean_menu_link_active_background":"","ocean_menu_social_links_bg":"","ocean_menu_social_hover_links_bg":"","ocean_menu_social_links_color":"","ocean_menu_social_hover_links_color":"","ocean_disable_title":"on","ocean_disable_heading":"default","ocean_post_title":"","ocean_post_subheading":"","ocean_post_title_style":"","ocean_post_title_background_color":"","ocean_post_title_background":0,"ocean_post_title_bg_image_position":"","ocean_post_title_bg_image_attachment":"","ocean_post_title_bg_image_repeat":"","ocean_post_title_bg_image_size":"","ocean_post_title_height":0,"ocean_post_title_bg_overlay":0.5,"ocean_post_title_bg_overlay_color":"","ocean_disable_breadcrumbs":"default","ocean_breadcrumbs_color":"","ocean_breadcrumbs_separator_color":"","ocean_breadcrumbs_links_color":"","ocean_breadcrumbs_links_hover_color":"","ocean_display_footer_widgets":"on","ocean_display_footer_bottom":"off","ocean_custom_footer_template":"39","footnotes":""},"categories":[1],"tags":[],"basic_care":[],"conditions":[],"training_behaviour":[],"breeds_profiles":[],"exercise_activities":[],"nutrition_diet":[],"travel_relocation":[],"safety_emergencies":[],"lifestyle_more":[],"toolkits":[],"pet":[],"class_list":["post-8959","page","type-page","status-publish","hentry","category-uncategorized","entry"],"yoast_head":"<!-- This site is optimized with the Yoast SEO plugin v27.4 - https:\/\/yoast.com\/product\/yoast-seo-wordpress\/ -->\n<title>Concours - PetlifeCA<\/title>\n<meta name=\"robots\" content=\"index, follow, max-snippet:-1, max-image-preview:large, max-video-preview:-1\" \/>\n<link rel=\"canonical\" href=\"https:\/\/petlifeca.ca\/fr\/jeux-et-recompenses\/concours\/\" \/>\n<meta property=\"og:locale\" content=\"fr_CA\" \/>\n<meta property=\"og:type\" content=\"article\" \/>\n<meta property=\"og:title\" content=\"Concours - PetlifeCA\" \/>\n<meta property=\"og:description\" content=\"GAGNEZ UNE TROUSSE DE PREMIERS SOINS POUR VOTRE ANIMAL\" \/>\n<meta property=\"og:url\" content=\"https:\/\/petlifeca.ca\/fr\/jeux-et-recompenses\/concours\/\" \/>\n<meta property=\"og:site_name\" content=\"PetlifeCA\" \/>\n<meta property=\"article:modified_time\" content=\"2020-08-31T11:46:24+00:00\" \/>\n<meta property=\"og:image\" content=\"https:\/\/petlifeca.ca\/fr\/wp-content\/uploads\/2019\/04\/heart_logo.png\" \/>\n<meta name=\"twitter:card\" content=\"summary_large_image\" \/>\n<meta name=\"twitter:label1\" content=\"Estimation du temps de lecture\" \/>\n\t<meta name=\"twitter:data1\" content=\"1 minute\" \/>\n<script type=\"application\/ld+json\" class=\"yoast-schema-graph\">{\"@context\":\"https:\\\/\\\/schema.org\",\"@graph\":[{\"@type\":\"WebPage\",\"@id\":\"https:\\\/\\\/petlifeca.ca\\\/fr\\\/jeux-et-recompenses\\\/concours\\\/\",\"url\":\"https:\\\/\\\/petlifeca.ca\\\/fr\\\/jeux-et-recompenses\\\/concours\\\/\",\"name\":\"Concours - PetlifeCA\",\"isPartOf\":{\"@id\":\"https:\\\/\\\/petlifeca.ca\\\/fr\\\/#website\"},\"primaryImageOfPage\":{\"@id\":\"https:\\\/\\\/petlifeca.ca\\\/fr\\\/jeux-et-recompenses\\\/concours\\\/#primaryimage\"},\"image\":{\"@id\":\"https:\\\/\\\/petlifeca.ca\\\/fr\\\/jeux-et-recompenses\\\/concours\\\/#primaryimage\"},\"thumbnailUrl\":\"https:\\\/\\\/petlifeca.ca\\\/fr\\\/wp-content\\\/uploads\\\/2019\\\/04\\\/heart_logo.png\",\"datePublished\":\"2019-07-17T04:54:20+00:00\",\"dateModified\":\"2020-08-31T11:46:24+00:00\",\"breadcrumb\":{\"@id\":\"https:\\\/\\\/petlifeca.ca\\\/fr\\\/jeux-et-recompenses\\\/concours\\\/#breadcrumb\"},\"inLanguage\":\"fr-CA\",\"potentialAction\":[{\"@type\":\"ReadAction\",\"target\":[\"https:\\\/\\\/petlifeca.ca\\\/fr\\\/jeux-et-recompenses\\\/concours\\\/\"]}]},{\"@type\":\"ImageObject\",\"inLanguage\":\"fr-CA\",\"@id\":\"https:\\\/\\\/petlifeca.ca\\\/fr\\\/jeux-et-recompenses\\\/concours\\\/#primaryimage\",\"url\":\"https:\\\/\\\/petlifeca.ca\\\/fr\\\/wp-content\\\/uploads\\\/2019\\\/04\\\/heart_logo.png\",\"contentUrl\":\"https:\\\/\\\/petlifeca.ca\\\/fr\\\/wp-content\\\/uploads\\\/2019\\\/04\\\/heart_logo.png\",\"width\":121,\"height\":109,\"caption\":\"heart logo\"},{\"@type\":\"BreadcrumbList\",\"@id\":\"https:\\\/\\\/petlifeca.ca\\\/fr\\\/jeux-et-recompenses\\\/concours\\\/#breadcrumb\",\"itemListElement\":[{\"@type\":\"ListItem\",\"position\":1,\"name\":\"Home\",\"item\":\"https:\\\/\\\/petlifeca.ca\\\/fr\\\/\"},{\"@type\":\"ListItem\",\"position\":2,\"name\":\"JEUX ET R\u00c9COMPENSES\",\"item\":\"https:\\\/\\\/petlifeca.ca\\\/fr\\\/jeux-et-recompenses\\\/\"},{\"@type\":\"ListItem\",\"position\":3,\"name\":\"Concours\"}]},{\"@type\":\"WebSite\",\"@id\":\"https:\\\/\\\/petlifeca.ca\\\/fr\\\/#website\",\"url\":\"https:\\\/\\\/petlifeca.ca\\\/fr\\\/\",\"name\":\"PetlifeCA\",\"description\":\"Une communaut\u00e9 canadienne pour les amoureux des chiens et des chats\",\"potentialAction\":[{\"@type\":\"SearchAction\",\"target\":{\"@type\":\"EntryPoint\",\"urlTemplate\":\"https:\\\/\\\/petlifeca.ca\\\/fr\\\/?s={search_term_string}\"},\"query-input\":{\"@type\":\"PropertyValueSpecification\",\"valueRequired\":true,\"valueName\":\"search_term_string\"}}],\"inLanguage\":\"fr-CA\"}]}<\/script>\n<!-- \/ Yoast SEO plugin. -->","yoast_head_json":{"title":"Concours - PetlifeCA","robots":{"index":"index","follow":"follow","max-snippet":"max-snippet:-1","max-image-preview":"max-image-preview:large","max-video-preview":"max-video-preview:-1"},"canonical":"https:\/\/petlifeca.ca\/fr\/jeux-et-recompenses\/concours\/","og_locale":"fr_CA","og_type":"article","og_title":"Concours - PetlifeCA","og_description":"GAGNEZ UNE TROUSSE DE PREMIERS SOINS POUR VOTRE ANIMAL","og_url":"https:\/\/petlifeca.ca\/fr\/jeux-et-recompenses\/concours\/","og_site_name":"PetlifeCA","article_modified_time":"2020-08-31T11:46:24+00:00","og_image":[{"url":"https:\/\/petlifeca.ca\/fr\/wp-content\/uploads\/2019\/04\/heart_logo.png","type":"","width":"","height":""}],"twitter_card":"summary_large_image","twitter_misc":{"Estimation du temps de lecture":"1 minute"},"schema":{"@context":"https:\/\/schema.org","@graph":[{"@type":"WebPage","@id":"https:\/\/petlifeca.ca\/fr\/jeux-et-recompenses\/concours\/","url":"https:\/\/petlifeca.ca\/fr\/jeux-et-recompenses\/concours\/","name":"Concours - PetlifeCA","isPartOf":{"@id":"https:\/\/petlifeca.ca\/fr\/#website"},"primaryImageOfPage":{"@id":"https:\/\/petlifeca.ca\/fr\/jeux-et-recompenses\/concours\/#primaryimage"},"image":{"@id":"https:\/\/petlifeca.ca\/fr\/jeux-et-recompenses\/concours\/#primaryimage"},"thumbnailUrl":"https:\/\/petlifeca.ca\/fr\/wp-content\/uploads\/2019\/04\/heart_logo.png","datePublished":"2019-07-17T04:54:20+00:00","dateModified":"2020-08-31T11:46:24+00:00","breadcrumb":{"@id":"https:\/\/petlifeca.ca\/fr\/jeux-et-recompenses\/concours\/#breadcrumb"},"inLanguage":"fr-CA","potentialAction":[{"@type":"ReadAction","target":["https:\/\/petlifeca.ca\/fr\/jeux-et-recompenses\/concours\/"]}]},{"@type":"ImageObject","inLanguage":"fr-CA","@id":"https:\/\/petlifeca.ca\/fr\/jeux-et-recompenses\/concours\/#primaryimage","url":"https:\/\/petlifeca.ca\/fr\/wp-content\/uploads\/2019\/04\/heart_logo.png","contentUrl":"https:\/\/petlifeca.ca\/fr\/wp-content\/uploads\/2019\/04\/heart_logo.png","width":121,"height":109,"caption":"heart logo"},{"@type":"BreadcrumbList","@id":"https:\/\/petlifeca.ca\/fr\/jeux-et-recompenses\/concours\/#breadcrumb","itemListElement":[{"@type":"ListItem","position":1,"name":"Home","item":"https:\/\/petlifeca.ca\/fr\/"},{"@type":"ListItem","position":2,"name":"JEUX ET R\u00c9COMPENSES","item":"https:\/\/petlifeca.ca\/fr\/jeux-et-recompenses\/"},{"@type":"ListItem","position":3,"name":"Concours"}]},{"@type":"WebSite","@id":"https:\/\/petlifeca.ca\/fr\/#website","url":"https:\/\/petlifeca.ca\/fr\/","name":"PetlifeCA","description":"Une communaut\u00e9 canadienne pour les amoureux des chiens et des chats","potentialAction":[{"@type":"SearchAction","target":{"@type":"EntryPoint","urlTemplate":"https:\/\/petlifeca.ca\/fr\/?s={search_term_string}"},"query-input":{"@type":"PropertyValueSpecification","valueRequired":true,"valueName":"search_term_string"}}],"inLanguage":"fr-CA"}]}},"_links":{"self":[{"href":"https:\/\/petlifeca.ca\/fr\/wp-json\/wp\/v2\/pages\/8959","targetHints":{"allow":["GET"]}}],"collection":[{"href":"https:\/\/petlifeca.ca\/fr\/wp-json\/wp\/v2\/pages"}],"about":[{"href":"https:\/\/petlifeca.ca\/fr\/wp-json\/wp\/v2\/types\/page"}],"author":[{"embeddable":true,"href":"https:\/\/petlifeca.ca\/fr\/wp-json\/wp\/v2\/users\/1"}],"replies":[{"embeddable":true,"href":"https:\/\/petlifeca.ca\/fr\/wp-json\/wp\/v2\/comments?post=8959"}],"version-history":[{"count":0,"href":"https:\/\/petlifeca.ca\/fr\/wp-json\/wp\/v2\/pages\/8959\/revisions"}],"up":[{"embeddable":true,"href":"https:\/\/petlifeca.ca\/fr\/wp-json\/wp\/v2\/pages\/8955"}],"wp:attachment":[{"href":"https:\/\/petlifeca.ca\/fr\/wp-json\/wp\/v2\/media?parent=8959"}],"wp:term":[{"taxonomy":"category","embeddable":true,"href":"https:\/\/petlifeca.ca\/fr\/wp-json\/wp\/v2\/categories?post=8959"},{"taxonomy":"post_tag","embeddable":true,"href":"https:\/\/petlifeca.ca\/fr\/wp-json\/wp\/v2\/tags?post=8959"},{"taxonomy":"basic_care","embeddable":true,"href":"https:\/\/petlifeca.ca\/fr\/wp-json\/wp\/v2\/basic_care?post=8959"},{"taxonomy":"conditions","embeddable":true,"href":"https:\/\/petlifeca.ca\/fr\/wp-json\/wp\/v2\/conditions?post=8959"},{"taxonomy":"training_behaviour","embeddable":true,"href":"https:\/\/petlifeca.ca\/fr\/wp-json\/wp\/v2\/training_behaviour?post=8959"},{"taxonomy":"breeds_profiles","embeddable":true,"href":"https:\/\/petlifeca.ca\/fr\/wp-json\/wp\/v2\/breeds_profiles?post=8959"},{"taxonomy":"exercise_activities","embeddable":true,"href":"https:\/\/petlifeca.ca\/fr\/wp-json\/wp\/v2\/exercise_activities?post=8959"},{"taxonomy":"nutrition_diet","embeddable":true,"href":"https:\/\/petlifeca.ca\/fr\/wp-json\/wp\/v2\/nutrition_diet?post=8959"},{"taxonomy":"travel_relocation","embeddable":true,"href":"https:\/\/petlifeca.ca\/fr\/wp-json\/wp\/v2\/travel_relocation?post=8959"},{"taxonomy":"safety_emergencies","embeddable":true,"href":"https:\/\/petlifeca.ca\/fr\/wp-json\/wp\/v2\/safety_emergencies?post=8959"},{"taxonomy":"lifestyle_more","embeddable":true,"href":"https:\/\/petlifeca.ca\/fr\/wp-json\/wp\/v2\/lifestyle_more?post=8959"},{"taxonomy":"toolkits","embeddable":true,"href":"https:\/\/petlifeca.ca\/fr\/wp-json\/wp\/v2\/toolkits?post=8959"},{"taxonomy":"pet","embeddable":true,"href":"https:\/\/petlifeca.ca\/fr\/wp-json\/wp\/v2\/pet?post=8959"}],"curies":[{"name":"wp","href":"https:\/\/api.w.org\/{rel}","templated":true}]}}